{"id":76399,"date":"2025-12-05T15:19:22","date_gmt":"2025-12-05T18:19:22","guid":{"rendered":"https:\/\/ead.barueri.sp.gov.br\/?post_type=product&#038;p=76399"},"modified":"2025-12-09T15:49:25","modified_gmt":"2025-12-09T18:49:25","slug":"curso-trabalho-em-nuvem-em-equipe-clickup","status":"publish","type":"product","link":"https:\/\/ead.barueri.sp.gov.br\/en\/product\/curso-trabalho-em-nuvem-em-equipe-clickup\/","title":{"rendered":"Curso: Trabalho em Nuvem em equipe &#8211; Clickup"},"content":{"rendered":"<p>Nunca usou o clickup? N\u00e3o sabe por onde come\u00e7ar a automatizar suas tarefas? Sem Problemas!<br \/>Este curso foi feito para voc\u00ea! <br \/>Apenda tudo sobre o ClickUp, uma das plataformas de organiza\u00e7\u00e3o e produtividade mais modernas do mercado.<br \/>Aqui, voc\u00ea vai aprender do zero, mesmo que nunca tenha usado ferramentas digitais de gest\u00e3o ou automa\u00e7\u00e3o antes. A proposta \u00e9 simples: qualquer pessoa pode organizar melhor sua rotina, economizar tempo e usar a intelig\u00eancia artificial da pr\u00f3pria plataforma para facilitar o dia a dia e n\u00f3s vamos te mostrar como!<br \/>\u00a0<br \/>\u00a0<br \/><strong>O que voc\u00ea aprender\u00e1 no curso?<\/strong><br \/>Como criar e organizar suas tarefas no ClickUp<br \/>Como usar automa\u00e7\u00f5es simples para evitar retrabalho<br \/>Como utilizar o recurso de IA do ClickUp para resumir informa\u00e7\u00f5es e encontrar tarefas semelhantes<br \/>\u00a0<br \/>\u00a0<br \/><strong>Para quem \u00e9 este curso?<\/strong><br \/>tipos de p\u00fablicos:<br \/>Estagi\u00e1rios<br \/>Funcion\u00e1rios<br \/>Cidad\u00e3os<br \/>Empreendedores<br \/>Gestores<br \/>Profissionais que desejam organizar melhor suas rotinas e aumentar a produtividade<br \/>\u00a0<br \/><strong>D\u00favidas comuns:<\/strong><br \/>Consigo fazer o curso apenas utilizando meu celular?<br \/>Sim<br \/>Quais materiais preciso para fazer este curso?<br \/>Voc\u00ea precisar\u00e1 de um celular ou computador com acesso a internet. Os programas que usaremos durante o curso s\u00e3o na sua maioria gratuitos e mesmo os programas pagos ter\u00e3o uma alternativa no modo gratuito.<br \/>\u00a0<br \/><strong>Tem certificado?<\/strong><br \/>Sim.<\/p>","protected":false},"excerpt":{"rendered":"<p>Nunca usou o clickup? N\u00e3o sabe por onde come\u00e7ar a automatizar suas tarefas? Sem Problemas!Este curso foi feito para voc\u00ea! Apenda tudo sobre o ClickUp, uma das plataformas de organiza\u00e7\u00e3o e produtividade mais modernas do mercado.Aqui, voc\u00ea vai aprender do zero, mesmo que nunca tenha usado ferramentas digitais de gest\u00e3o ou automa\u00e7\u00e3o antes. A proposta \u00e9 simples: qualquer pessoa pode organizar melhor sua rotina, economizar tempo e usar a intelig\u00eancia artificial da pr\u00f3pria plataforma para facilitar o dia a dia e n\u00f3s vamos te mostrar como!\u00a0\u00a0O que voc\u00ea aprender\u00e1 no curso?Como criar e organizar suas tarefas no ClickUpComo usar automa\u00e7\u00f5es simples para evitar retrabalhoComo utilizar o recurso de IA do ClickUp para resumir informa\u00e7\u00f5es e encontrar tarefas semelhantes\u00a0\u00a0Para quem \u00e9 este curso?tipos de p\u00fablicos:Estagi\u00e1riosFuncion\u00e1riosCidad\u00e3osEmpreendedoresGestoresProfissionais que desejam organizar melhor suas rotinas e aumentar a produtividade\u00a0D\u00favidas comuns:Consigo fazer o curso apenas utilizando meu celular?SimQuais materiais preciso para fazer este curso?Voc\u00ea precisar\u00e1 de um celular ou computador com acesso a internet. Os programas que usaremos durante o curso s\u00e3o na sua maioria gratuitos e mesmo os programas pagos ter\u00e3o uma alternativa no modo gratuito.\u00a0Tem certificado?Sim.<\/p>","protected":false},"featured_media":76400,"comment_status":"open","ping_status":"closed","template":"","meta":{"_acf_changed":false},"product_brand":[],"product_cat":[154,149,153,220,152,247,148],"product_tag":[],"class_list":{"0":"post-76399","1":"product","2":"type-product","3":"status-publish","4":"has-post-thumbnail","6":"product_cat-organizacao","7":"product_cat-desenvolvimento-pessoal","8":"product_cat-estagiarios","9":"product_cat-externocidadao","10":"product_cat-funcionarios","11":"product_cat-ia","12":"product_cat-softwares","14":"first","15":"instock","16":"shipping-taxable","17":"product-type-external"},"acf":[],"_links":{"self":[{"href":"https:\/\/ead.barueri.sp.gov.br\/en\/wp-json\/wp\/v2\/product\/76399","targetHints":{"allow":["GET"]}}],"collection":[{"href":"https:\/\/ead.barueri.sp.gov.br\/en\/wp-json\/wp\/v2\/product"}],"about":[{"href":"https:\/\/ead.barueri.sp.gov.br\/en\/wp-json\/wp\/v2\/types\/product"}],"replies":[{"embeddable":true,"href":"https:\/\/ead.barueri.sp.gov.br\/en\/wp-json\/wp\/v2\/comments?post=76399"}],"wp:featuredmedia":[{"embeddable":true,"href":"https:\/\/ead.barueri.sp.gov.br\/en\/wp-json\/wp\/v2\/media\/76400"}],"wp:attachment":[{"href":"https:\/\/ead.barueri.sp.gov.br\/en\/wp-json\/wp\/v2\/media?parent=76399"}],"wp:term":[{"taxonomy":"product_brand","embeddable":true,"href":"https:\/\/ead.barueri.sp.gov.br\/en\/wp-json\/wp\/v2\/product_brand?post=76399"},{"taxonomy":"product_cat","embeddable":true,"href":"https:\/\/ead.barueri.sp.gov.br\/en\/wp-json\/wp\/v2\/product_cat?post=76399"},{"taxonomy":"product_tag","embeddable":true,"href":"https:\/\/ead.barueri.sp.gov.br\/en\/wp-json\/wp\/v2\/product_tag?post=76399"}],"curies":[{"name":"wp","href":"https:\/\/api.w.org\/{rel}","templated":true}]}}