{"id":76390,"date":"2025-10-30T16:32:53","date_gmt":"2025-10-30T19:32:53","guid":{"rendered":"https:\/\/ead.barueri.sp.gov.br\/?post_type=product&#038;p=76390"},"modified":"2025-12-14T13:28:33","modified_gmt":"2025-12-14T16:28:33","slug":"curso-criacao-de-video-imersivo-360o-para-cursos-no-metaverso","status":"publish","type":"product","link":"https:\/\/ead.barueri.sp.gov.br\/en\/product\/curso-criacao-de-video-imersivo-360o-para-cursos-no-metaverso\/","title":{"rendered":"Curso: Cria\u00e7\u00e3o de v\u00eddeo imersivo 360\u00ba para cursos no Metaverso"},"content":{"rendered":"<p><strong>O que voc\u00ea aprender\u00e1 no curso?<\/strong><br \/>Neste curso voc\u00ea aprender\u00e1, de forma pr\u00e1tica e progressiva, tudo o que precisa para criar, preparar e publicar v\u00eddeos imersivos: desde os conceitos (o que \u00e9 v\u00eddeo imersivo e para que servem metadados) at\u00e9 o uso das ferramentas gratuitas (instalar e operar o VSDC para editar e combinar m\u00eddias, inserir metadados espaciais com o Spatial Media Metadata Injector) e, por fim, configurar e enviar o v\u00eddeo corretamente para o YouTube \u2014 incluindo exerc\u00edcios pr\u00e1ticos em cada m\u00f3dulo para consolidar as habilidades.<br \/>\u00a0<br \/><strong>Para quem \u00e9 este curso?<\/strong><br \/>O curso \u00e9 voltado para os estagi\u00e1rios da SIT (Secretaria de Inova\u00e7\u00e3o e Tecnologia) do SmartLab.<br \/>\u00a0<br \/><strong>D\u00favidas comuns:<\/strong><br \/><strong>Consigo fazer o curso apenas utilizando meu celular?<\/strong><br \/>O Spatial Media Metadata Injector \u00e9 um software para computadores (desktop\/notebook) e n\u00e3o funciona em celulares. Como a inser\u00e7\u00e3o de metadados espaciais \u00e9 uma etapa pr\u00e1tica obrigat\u00f3ria, voc\u00ea precisar\u00e1 de um computador para acompanhar esse passo a passo. Ainda assim, muitas partes do curso podem ser acompanhadas pelo celular. Apenas a etapa final de inje\u00e7\u00e3o de metadados exige um computador.<br \/>\u00a0<br \/><strong>Quais materiais preciso para fazer este curso?<\/strong><br \/>Voc\u00ea precisar\u00e1, basicamente, de um computador com internet e espa\u00e7o de armazenamento (obrigat\u00f3rio para a etapa de metadados), uma conta no YouTube para o upload e os programas usados (como VSDC e Spatial Media Metadata Injector), que s\u00e3o majoritariamente gratuitos; c\u00e2mera, fones ou mouse s\u00e3o opcionais..<br \/>\u00a0<br \/><strong>Tem certificado?<\/strong><br \/>Sim.<\/p>","protected":false},"excerpt":{"rendered":"<p>O que voc\u00ea aprender\u00e1 no curso?Neste curso voc\u00ea aprender\u00e1, de forma pr\u00e1tica e progressiva, tudo o que precisa para criar, preparar e publicar v\u00eddeos imersivos: desde os conceitos (o que \u00e9 v\u00eddeo imersivo e para que servem metadados) at\u00e9 o uso das ferramentas gratuitas (instalar e operar o VSDC para editar e combinar m\u00eddias, inserir metadados espaciais com o Spatial Media Metadata Injector) e, por fim, configurar e enviar o v\u00eddeo corretamente para o YouTube \u2014 incluindo exerc\u00edcios pr\u00e1ticos em cada m\u00f3dulo para consolidar as habilidades.\u00a0Para quem \u00e9 este curso?O curso \u00e9 voltado para os estagi\u00e1rios da SIT (Secretaria de Inova\u00e7\u00e3o e Tecnologia) do SmartLab.\u00a0D\u00favidas comuns:Consigo fazer o curso apenas utilizando meu celular?O Spatial Media Metadata Injector \u00e9 um software para computadores (desktop\/notebook) e n\u00e3o funciona em celulares. Como a inser\u00e7\u00e3o de metadados espaciais \u00e9 uma etapa pr\u00e1tica obrigat\u00f3ria, voc\u00ea precisar\u00e1 de um computador para acompanhar esse passo a passo. Ainda assim, muitas partes do curso podem ser acompanhadas pelo celular. Apenas a etapa final de inje\u00e7\u00e3o de metadados exige um computador.\u00a0Quais materiais preciso para fazer este curso?Voc\u00ea precisar\u00e1, basicamente, de um computador com internet e espa\u00e7o de armazenamento (obrigat\u00f3rio para a etapa de metadados), uma conta no YouTube para o upload e os programas usados (como VSDC e Spatial Media Metadata Injector), que s\u00e3o majoritariamente gratuitos; c\u00e2mera, fones ou mouse s\u00e3o opcionais..\u00a0Tem certificado?Sim.<\/p>","protected":false},"featured_media":76391,"comment_status":"open","ping_status":"closed","template":"","meta":{"_acf_changed":false},"product_brand":[],"product_cat":[145,153,148],"product_tag":[],"class_list":{"0":"post-76390","1":"product","2":"type-product","3":"status-publish","4":"has-post-thumbnail","6":"product_cat-metaverso","7":"product_cat-estagiarios","8":"product_cat-softwares","10":"first","11":"instock","12":"shipping-taxable","13":"product-type-external"},"acf":[],"_links":{"self":[{"href":"https:\/\/ead.barueri.sp.gov.br\/en\/wp-json\/wp\/v2\/product\/76390","targetHints":{"allow":["GET"]}}],"collection":[{"href":"https:\/\/ead.barueri.sp.gov.br\/en\/wp-json\/wp\/v2\/product"}],"about":[{"href":"https:\/\/ead.barueri.sp.gov.br\/en\/wp-json\/wp\/v2\/types\/product"}],"replies":[{"embeddable":true,"href":"https:\/\/ead.barueri.sp.gov.br\/en\/wp-json\/wp\/v2\/comments?post=76390"}],"wp:featuredmedia":[{"embeddable":true,"href":"https:\/\/ead.barueri.sp.gov.br\/en\/wp-json\/wp\/v2\/media\/76391"}],"wp:attachment":[{"href":"https:\/\/ead.barueri.sp.gov.br\/en\/wp-json\/wp\/v2\/media?parent=76390"}],"wp:term":[{"taxonomy":"product_brand","embeddable":true,"href":"https:\/\/ead.barueri.sp.gov.br\/en\/wp-json\/wp\/v2\/product_brand?post=76390"},{"taxonomy":"product_cat","embeddable":true,"href":"https:\/\/ead.barueri.sp.gov.br\/en\/wp-json\/wp\/v2\/product_cat?post=76390"},{"taxonomy":"product_tag","embeddable":true,"href":"https:\/\/ead.barueri.sp.gov.br\/en\/wp-json\/wp\/v2\/product_tag?post=76390"}],"curies":[{"name":"wp","href":"https:\/\/api.w.org\/{rel}","templated":true}]}}