{"id":76385,"date":"2025-10-14T15:34:15","date_gmt":"2025-10-14T18:34:15","guid":{"rendered":"https:\/\/ead.barueri.sp.gov.br\/?post_type=product&#038;p=76385"},"modified":"2025-10-14T15:38:07","modified_gmt":"2025-10-14T18:38:07","slug":"treinamento-app-barueri-web","status":"publish","type":"product","link":"https:\/\/ead.barueri.sp.gov.br\/en\/product\/treinamento-app-barueri-web\/","title":{"rendered":"Treinamento APP Barueri Web"},"content":{"rendered":"<p>O APP Barueri \u00e9 um canal de comunica\u00e7\u00e3o entre a popula\u00e7\u00e3o e a prefeitura. Atrav\u00e9s dele o cidad\u00e3o pode reportar uma situa\u00e7\u00e3o, fazer uma contribui\u00e7\u00e3o e acompanhar as provid\u00eancias tomadas.<br \/>No fim desse curso, voc\u00ea saber\u00e1 o que \u00e9, como enviar e como acompanhar e suas contribui\u00e7\u00f5es, al\u00e9m disso ganhar\u00e1 um belo certificado!<\/p>","protected":false},"excerpt":{"rendered":"<p>O APP Barueri \u00e9 um canal de comunica\u00e7\u00e3o entre a popula\u00e7\u00e3o e a prefeitura. Atrav\u00e9s dele o cidad\u00e3o pode reportar uma situa\u00e7\u00e3o, fazer uma contribui\u00e7\u00e3o e acompanhar as provid\u00eancias tomadas.No fim desse curso, voc\u00ea saber\u00e1 o que \u00e9, como enviar e como acompanhar e suas contribui\u00e7\u00f5es, al\u00e9m disso ganhar\u00e1 um belo certificado!<\/p>","protected":false},"featured_media":76386,"comment_status":"open","ping_status":"closed","template":"","meta":{"_acf_changed":false},"product_brand":[],"product_cat":[220,151,148],"product_tag":[],"class_list":{"0":"post-76385","1":"product","2":"type-product","3":"status-publish","4":"has-post-thumbnail","6":"product_cat-externocidadao","7":"product_cat-para-todos","8":"product_cat-softwares","10":"first","11":"instock","12":"shipping-taxable","13":"product-type-external"},"acf":[],"_links":{"self":[{"href":"https:\/\/ead.barueri.sp.gov.br\/en\/wp-json\/wp\/v2\/product\/76385","targetHints":{"allow":["GET"]}}],"collection":[{"href":"https:\/\/ead.barueri.sp.gov.br\/en\/wp-json\/wp\/v2\/product"}],"about":[{"href":"https:\/\/ead.barueri.sp.gov.br\/en\/wp-json\/wp\/v2\/types\/product"}],"replies":[{"embeddable":true,"href":"https:\/\/ead.barueri.sp.gov.br\/en\/wp-json\/wp\/v2\/comments?post=76385"}],"wp:featuredmedia":[{"embeddable":true,"href":"https:\/\/ead.barueri.sp.gov.br\/en\/wp-json\/wp\/v2\/media\/76386"}],"wp:attachment":[{"href":"https:\/\/ead.barueri.sp.gov.br\/en\/wp-json\/wp\/v2\/media?parent=76385"}],"wp:term":[{"taxonomy":"product_brand","embeddable":true,"href":"https:\/\/ead.barueri.sp.gov.br\/en\/wp-json\/wp\/v2\/product_brand?post=76385"},{"taxonomy":"product_cat","embeddable":true,"href":"https:\/\/ead.barueri.sp.gov.br\/en\/wp-json\/wp\/v2\/product_cat?post=76385"},{"taxonomy":"product_tag","embeddable":true,"href":"https:\/\/ead.barueri.sp.gov.br\/en\/wp-json\/wp\/v2\/product_tag?post=76385"}],"curies":[{"name":"wp","href":"https:\/\/api.w.org\/{rel}","templated":true}]}}