{"id":76383,"date":"2025-10-14T15:24:52","date_gmt":"2025-10-14T18:24:52","guid":{"rendered":"https:\/\/ead.barueri.sp.gov.br\/?post_type=product&#038;p=76383"},"modified":"2025-10-14T15:33:36","modified_gmt":"2025-10-14T18:33:36","slug":"ocam-gravacao-dos-cursos-para-o-canal-tv-inovacao-barueri","status":"publish","type":"product","link":"https:\/\/ead.barueri.sp.gov.br\/en\/product\/ocam-gravacao-dos-cursos-para-o-canal-tv-inovacao-barueri\/","title":{"rendered":"Ocam &#8211; Grava\u00e7\u00e3o dos cursos para o Canal TV Inova\u00e7\u00e3o Barueri"},"content":{"rendered":"<p>Aqui, no Inova\u00e7\u00e3o Barueri dispomos de v\u00e1rios cursos internos para nosso estagi\u00e1rios, como da Impressora 3D, Mapeamento de mat\u00e9rias, entre outros.<br \/>Durante essa capacita\u00e7\u00e3o, voc\u00ea ir\u00e1 aprender a como gravar a tela de seu computador e tamb\u00e9m a como espelhar a tela de seu celular para o computador, utilizando o software oCAM e a plataforma Letsview.<\/p>","protected":false},"excerpt":{"rendered":"<p>Aqui, no Inova\u00e7\u00e3o Barueri dispomos de v\u00e1rios cursos internos para nosso estagi\u00e1rios, como da Impressora 3D, Mapeamento de mat\u00e9rias, entre outros.Durante essa capacita\u00e7\u00e3o, voc\u00ea ir\u00e1 aprender a como gravar a tela de seu computador e tamb\u00e9m a como espelhar a tela de seu celular para o computador, utilizando o software oCAM e a plataforma Letsview.<\/p>","protected":false},"featured_media":76384,"comment_status":"open","ping_status":"closed","template":"","meta":{"_acf_changed":false},"product_brand":[],"product_cat":[153,221,148],"product_tag":[],"class_list":{"0":"post-76383","1":"product","2":"type-product","3":"status-publish","4":"has-post-thumbnail","6":"product_cat-estagiarios","7":"product_cat-operador-de-tv","8":"product_cat-softwares","10":"first","11":"instock","12":"shipping-taxable","13":"product-type-external"},"acf":[],"_links":{"self":[{"href":"https:\/\/ead.barueri.sp.gov.br\/en\/wp-json\/wp\/v2\/product\/76383","targetHints":{"allow":["GET"]}}],"collection":[{"href":"https:\/\/ead.barueri.sp.gov.br\/en\/wp-json\/wp\/v2\/product"}],"about":[{"href":"https:\/\/ead.barueri.sp.gov.br\/en\/wp-json\/wp\/v2\/types\/product"}],"replies":[{"embeddable":true,"href":"https:\/\/ead.barueri.sp.gov.br\/en\/wp-json\/wp\/v2\/comments?post=76383"}],"wp:featuredmedia":[{"embeddable":true,"href":"https:\/\/ead.barueri.sp.gov.br\/en\/wp-json\/wp\/v2\/media\/76384"}],"wp:attachment":[{"href":"https:\/\/ead.barueri.sp.gov.br\/en\/wp-json\/wp\/v2\/media?parent=76383"}],"wp:term":[{"taxonomy":"product_brand","embeddable":true,"href":"https:\/\/ead.barueri.sp.gov.br\/en\/wp-json\/wp\/v2\/product_brand?post=76383"},{"taxonomy":"product_cat","embeddable":true,"href":"https:\/\/ead.barueri.sp.gov.br\/en\/wp-json\/wp\/v2\/product_cat?post=76383"},{"taxonomy":"product_tag","embeddable":true,"href":"https:\/\/ead.barueri.sp.gov.br\/en\/wp-json\/wp\/v2\/product_tag?post=76383"}],"curies":[{"name":"wp","href":"https:\/\/api.w.org\/{rel}","templated":true}]}}