{"id":76382,"date":"2025-10-14T15:17:09","date_gmt":"2025-10-14T18:17:09","guid":{"rendered":"https:\/\/ead.barueri.sp.gov.br\/?post_type=product&#038;p=76382"},"modified":"2026-03-09T19:10:03","modified_gmt":"2026-03-09T22:10:03","slug":"curso-express-wordpress-plugin-translatepress","status":"publish","type":"product","link":"https:\/\/ead.barueri.sp.gov.br\/en\/product\/curso-express-wordpress-plugin-translatepress\/","title":{"rendered":"Curso Express WordPress &#8211; Plugin TranslatePress"},"content":{"rendered":"<p>Este curso foi desenvolvido para ensinar tudo o que voc\u00ea precisa saber sobre o plugin TranslatePress, uma ferramenta poderosa para transformar seu site WordPress em um portal multil\u00edngue.<br \/>\u00a0<br \/><strong>O que voc\u00ea aprender\u00e1 no curso?<\/strong><br \/>Instala\u00e7\u00e3o do Plugin;<br \/>Configura\u00e7\u00f5es de todas as Abas;<br \/>Tradu\u00e7\u00e3o da Pagina &#8211; Elementor.<br \/>\u00a0<br \/><strong>Para quem \u00e9 este curso?<\/strong><br \/>Estagi\u00e1rios<br \/>Funcion\u00e1rios<br \/>Cidad\u00e3o<br \/>\u00a0<br \/><strong>D\u00favidas comuns:<\/strong><br \/>Consigo fazer o curso apenas utilizando meu celular?<br \/>SiM<br \/><strong>Quais materiais preciso para fazer este curso?<\/strong><br \/>Voc\u00ea precisar\u00e1 de um celular ou computador com acesso a internet.<br \/>\u00a0<br \/><strong>Tem certificado?<\/strong><br \/>Sim.<\/p>","protected":false},"excerpt":{"rendered":"<p>Este curso foi desenvolvido para ensinar tudo o que voc\u00ea precisa saber sobre o plugin TranslatePress, uma ferramenta poderosa para transformar seu site WordPress em um portal multil\u00edngue.\u00a0O que voc\u00ea aprender\u00e1 no curso?Instala\u00e7\u00e3o do Plugin;Configura\u00e7\u00f5es de todas as Abas;Tradu\u00e7\u00e3o da Pagina &#8211; Elementor.\u00a0Para quem \u00e9 este curso?Estagi\u00e1riosFuncion\u00e1riosCidad\u00e3o\u00a0D\u00favidas comuns:Consigo fazer o curso apenas utilizando meu celular?SiMQuais materiais preciso para fazer este curso?Voc\u00ea precisar\u00e1 de um celular ou computador com acesso a internet.\u00a0Tem certificado?Sim.<\/p>","protected":false},"featured_media":49010,"comment_status":"open","ping_status":"closed","template":"","meta":{"_acf_changed":false},"product_brand":[],"product_cat":[153,220,152,148],"product_tag":[],"class_list":{"0":"post-76382","1":"product","2":"type-product","3":"status-publish","4":"has-post-thumbnail","6":"product_cat-estagiarios","7":"product_cat-externocidadao","8":"product_cat-funcionarios","9":"product_cat-softwares","11":"first","12":"instock","13":"shipping-taxable","14":"product-type-external"},"acf":[],"_links":{"self":[{"href":"https:\/\/ead.barueri.sp.gov.br\/en\/wp-json\/wp\/v2\/product\/76382","targetHints":{"allow":["GET"]}}],"collection":[{"href":"https:\/\/ead.barueri.sp.gov.br\/en\/wp-json\/wp\/v2\/product"}],"about":[{"href":"https:\/\/ead.barueri.sp.gov.br\/en\/wp-json\/wp\/v2\/types\/product"}],"replies":[{"embeddable":true,"href":"https:\/\/ead.barueri.sp.gov.br\/en\/wp-json\/wp\/v2\/comments?post=76382"}],"wp:featuredmedia":[{"embeddable":true,"href":"https:\/\/ead.barueri.sp.gov.br\/en\/wp-json\/wp\/v2\/media\/49010"}],"wp:attachment":[{"href":"https:\/\/ead.barueri.sp.gov.br\/en\/wp-json\/wp\/v2\/media?parent=76382"}],"wp:term":[{"taxonomy":"product_brand","embeddable":true,"href":"https:\/\/ead.barueri.sp.gov.br\/en\/wp-json\/wp\/v2\/product_brand?post=76382"},{"taxonomy":"product_cat","embeddable":true,"href":"https:\/\/ead.barueri.sp.gov.br\/en\/wp-json\/wp\/v2\/product_cat?post=76382"},{"taxonomy":"product_tag","embeddable":true,"href":"https:\/\/ead.barueri.sp.gov.br\/en\/wp-json\/wp\/v2\/product_tag?post=76382"}],"curies":[{"name":"wp","href":"https:\/\/api.w.org\/{rel}","templated":true}]}}