{"id":76380,"date":"2025-10-14T15:07:01","date_gmt":"2025-10-14T18:07:01","guid":{"rendered":"https:\/\/ead.barueri.sp.gov.br\/?post_type=product&#038;p=76380"},"modified":"2025-10-14T15:11:44","modified_gmt":"2025-10-14T18:11:44","slug":"curso-express-realidade-aumentada","status":"publish","type":"product","link":"https:\/\/ead.barueri.sp.gov.br\/en\/product\/curso-express-realidade-aumentada\/","title":{"rendered":"Curso Express: Realidade Aumentada"},"content":{"rendered":"<p>Neste curso de <strong>Realidade Aumentada com a plataforma MyWebAR<\/strong>, voc\u00ea aprender\u00e1 a criar experi\u00eancias imersivas e interativas utilizando ferramentas acess\u00edveis, sem necessidade de programa\u00e7\u00e3o. O projeto principal ser\u00e1 o desenvolvimento de um <strong>cart\u00e3o de visita 3D<\/strong>, moderno e inovador, que pode ser\u00e1 visualizado diretamente pelo navegador do celular.<\/p>\n\n\n\n<p><strong>O que voc\u00ea aprender\u00e1 no curso?<\/strong><br>&#8211; O que \u00e9 realidade aumentada e como ela funciona<br>&#8211; Como utilizar a plataforma MyWebAR<br>&#8211; Como criar um cart\u00e3o de visita interativo em 3D<br>&#8211; Como inserir imagens, textos, links e modelos tridimensionais no seu cart\u00e3o<br>&#8211; Como gerar um QR Code para visualiza\u00e7\u00e3o do seu projeto em qualquer celular<\/p>\n\n\n\n<p><strong>Para quem \u00e9 esse curso?<\/strong><br>Este curso \u00e9 indicado para:<br><strong>Cidad\u00e3os de qualquer cidade<\/strong> interessados em tecnologia e inova\u00e7\u00e3o<br><strong>Funcion\u00e1rios da Prefeitura de Barueri<\/strong> que queiram aplicar a RA em suas atividades<br><strong>Estagi\u00e1rios da Prefeitura de Barueri<\/strong> que buscam se destacar com habilidades digitais atuais<\/p>\n\n\n\n<p><strong>D\u00favidas comuns:<\/strong><\/p>\n\n\n\n<p><br><strong>Consigo fazer o curso apenas utilizando meu celular?<\/strong><br>N\u00e3o<strong>.<\/strong> Para realizar o curso adequadamente, \u00e9 necess\u00e1rio ter um computador ou tablet para criar o projeto e um celular para test\u00e1-lo e visualiz\u00e1-lo.<\/p>\n\n\n\n<p><strong>Quais materiais preciso para fazer este curso?<\/strong><br>Voc\u00ea precisar\u00e1 de:<br>Um computador ou tablet com acesso \u00e0 internet<br>Um celular com c\u00e2mera e acesso \u00e0 internet<br>A plataforma MyWebAR possui vers\u00e3o gratuita com todos os recursos necess\u00e1rios para a atividade proposta.<\/p>\n\n\n\n<p><strong>Tem certificado?<\/strong><br>Sim.<\/p>","protected":false},"excerpt":{"rendered":"<p>Neste curso de Realidade Aumentada com a plataforma MyWebAR, voc\u00ea aprender\u00e1 a criar experi\u00eancias imersivas e interativas utilizando ferramentas acess\u00edveis, sem necessidade de programa\u00e7\u00e3o. O projeto principal ser\u00e1 o desenvolvimento de um cart\u00e3o de visita 3D, moderno e inovador, que pode ser\u00e1 visualizado diretamente pelo navegador do celular. O que voc\u00ea aprender\u00e1 no curso?&#8211; O que \u00e9 realidade aumentada e como ela funciona&#8211; Como utilizar a plataforma MyWebAR&#8211; Como criar um cart\u00e3o de visita interativo em 3D&#8211; Como inserir imagens, textos, links e modelos tridimensionais no seu cart\u00e3o&#8211; Como gerar um QR Code para visualiza\u00e7\u00e3o do seu projeto em qualquer celular Para quem \u00e9 esse curso?Este curso \u00e9 indicado para:Cidad\u00e3os de qualquer cidade interessados em tecnologia e inova\u00e7\u00e3oFuncion\u00e1rios da Prefeitura de Barueri que queiram aplicar a RA em suas atividadesEstagi\u00e1rios da Prefeitura de Barueri que buscam se destacar com habilidades digitais atuais D\u00favidas comuns: Consigo fazer o curso apenas utilizando meu celular?N\u00e3o. Para realizar o curso adequadamente, \u00e9 necess\u00e1rio ter um computador ou tablet para criar o projeto e um celular para test\u00e1-lo e visualiz\u00e1-lo. Quais materiais preciso para fazer este curso?Voc\u00ea precisar\u00e1 de:Um computador ou tablet com acesso \u00e0 internetUm celular com c\u00e2mera e acesso \u00e0 internetA plataforma MyWebAR possui vers\u00e3o gratuita com todos os recursos necess\u00e1rios para a atividade proposta. Tem certificado?Sim.<\/p>","protected":false},"featured_media":56992,"comment_status":"open","ping_status":"closed","template":"","meta":{"_acf_changed":false},"product_brand":[],"product_cat":[153,220,152,148],"product_tag":[],"class_list":{"0":"post-76380","1":"product","2":"type-product","3":"status-publish","4":"has-post-thumbnail","6":"product_cat-estagiarios","7":"product_cat-externocidadao","8":"product_cat-funcionarios","9":"product_cat-softwares","11":"first","12":"instock","13":"shipping-taxable","14":"product-type-external"},"acf":[],"_links":{"self":[{"href":"https:\/\/ead.barueri.sp.gov.br\/en\/wp-json\/wp\/v2\/product\/76380","targetHints":{"allow":["GET"]}}],"collection":[{"href":"https:\/\/ead.barueri.sp.gov.br\/en\/wp-json\/wp\/v2\/product"}],"about":[{"href":"https:\/\/ead.barueri.sp.gov.br\/en\/wp-json\/wp\/v2\/types\/product"}],"replies":[{"embeddable":true,"href":"https:\/\/ead.barueri.sp.gov.br\/en\/wp-json\/wp\/v2\/comments?post=76380"}],"wp:featuredmedia":[{"embeddable":true,"href":"https:\/\/ead.barueri.sp.gov.br\/en\/wp-json\/wp\/v2\/media\/56992"}],"wp:attachment":[{"href":"https:\/\/ead.barueri.sp.gov.br\/en\/wp-json\/wp\/v2\/media?parent=76380"}],"wp:term":[{"taxonomy":"product_brand","embeddable":true,"href":"https:\/\/ead.barueri.sp.gov.br\/en\/wp-json\/wp\/v2\/product_brand?post=76380"},{"taxonomy":"product_cat","embeddable":true,"href":"https:\/\/ead.barueri.sp.gov.br\/en\/wp-json\/wp\/v2\/product_cat?post=76380"},{"taxonomy":"product_tag","embeddable":true,"href":"https:\/\/ead.barueri.sp.gov.br\/en\/wp-json\/wp\/v2\/product_tag?post=76380"}],"curies":[{"name":"wp","href":"https:\/\/api.w.org\/{rel}","templated":true}]}}