{"id":76379,"date":"2025-10-14T14:59:15","date_gmt":"2025-10-14T17:59:15","guid":{"rendered":"https:\/\/ead.barueri.sp.gov.br\/?post_type=product&#038;p=76379"},"modified":"2025-10-14T15:02:07","modified_gmt":"2025-10-14T18:02:07","slug":"curso-educacao-ambiental-e-gestao-participativa","status":"publish","type":"product","link":"https:\/\/ead.barueri.sp.gov.br\/en\/product\/curso-educacao-ambiental-e-gestao-participativa\/","title":{"rendered":"Curso: Educa\u00e7\u00e3o Ambiental e Gest\u00e3o Participativa"},"content":{"rendered":"<p>Este curso visa proporcionar o entendimento de conceitos ambientais que se relacionam com a gest\u00e3o municipal e a qualidade de vida dos cidad\u00e3os. De modo a sensibilizar os membros dos \u00f3rg\u00e3os colegiados a fim de incluir tais temas no debate p\u00fablico para tornada de decis\u00e3o de forma mais sustent\u00e1vel. Assim sendo, este curso tem por objetivo geral: \u201cEntender temas ambientais relevantes para uma gest\u00e3o municipal participativa e integrada e atuar como multiplicadores de educa\u00e7\u00e3o ambiental na comunidade local&#8221;.<br \/>\u00a0<br \/><strong>O que seus participantes ir\u00e3o aprender?<\/strong><br \/>Os principais temas ambientais abordados neste curso s\u00e3o educa\u00e7\u00e3o ambiental, recursos h\u00eddricos, coleta e tratamento de esgoto, e res\u00edduos s\u00f3lidos.<br \/>\u00a0<br \/><strong>P\u00fablico-alvo:<\/strong><br \/>os membros das inst\u00e2ncias de controle social do munic\u00edpio, como conselhos, comit\u00eas, comiss\u00f5es e demais espa\u00e7os de participa\u00e7\u00e3o p\u00fablica como instrumento de gest\u00e3o.<br \/>\u00a0<br \/><strong>D\u00favidas comuns:<\/strong><br \/><strong>Consigo fazer o curso apenas utilizando meu celular?<\/strong><br \/>Sim<br \/><strong>Quais materiais preciso para fazer este curso?<\/strong><br \/>Voc\u00ea precisar\u00e1 de um celular ou computador com acesso a internet. Os programas que usaremos durante o curso s\u00e3o na sua maioria gratuitos e mesmo os programas pagos ter\u00e3o uma alternativa no modo gratuito.<br \/><strong>Tem certificado?<\/strong><br \/>Sim.<\/p>","protected":false},"excerpt":{"rendered":"<p>Este curso visa proporcionar o entendimento de conceitos ambientais que se relacionam com a gest\u00e3o municipal e a qualidade de vida dos cidad\u00e3os. De modo a sensibilizar os membros dos \u00f3rg\u00e3os colegiados a fim de incluir tais temas no debate p\u00fablico para tornada de decis\u00e3o de forma mais sustent\u00e1vel. Assim sendo, este curso tem por objetivo geral: \u201cEntender temas ambientais relevantes para uma gest\u00e3o municipal participativa e integrada e atuar como multiplicadores de educa\u00e7\u00e3o ambiental na comunidade local&#8221;.\u00a0O que seus participantes ir\u00e3o aprender?Os principais temas ambientais abordados neste curso s\u00e3o educa\u00e7\u00e3o ambiental, recursos h\u00eddricos, coleta e tratamento de esgoto, e res\u00edduos s\u00f3lidos.\u00a0P\u00fablico-alvo:os membros das inst\u00e2ncias de controle social do munic\u00edpio, como conselhos, comit\u00eas, comiss\u00f5es e demais espa\u00e7os de participa\u00e7\u00e3o p\u00fablica como instrumento de gest\u00e3o.\u00a0D\u00favidas comuns:Consigo fazer o curso apenas utilizando meu celular?SimQuais materiais preciso para fazer este curso?Voc\u00ea precisar\u00e1 de um celular ou computador com acesso a internet. Os programas que usaremos durante o curso s\u00e3o na sua maioria gratuitos e mesmo os programas pagos ter\u00e3o uma alternativa no modo gratuito.Tem certificado?Sim.<\/p>","protected":false},"featured_media":76347,"comment_status":"open","ping_status":"closed","template":"","meta":{"_acf_changed":false},"product_brand":[],"product_cat":[154,206,149,220],"product_tag":[],"class_list":{"0":"post-76379","1":"product","2":"type-product","3":"status-publish","4":"has-post-thumbnail","6":"product_cat-organizacao","7":"product_cat-saude","8":"product_cat-desenvolvimento-pessoal","9":"product_cat-externocidadao","11":"first","12":"instock","13":"shipping-taxable","14":"product-type-external"},"acf":[],"_links":{"self":[{"href":"https:\/\/ead.barueri.sp.gov.br\/en\/wp-json\/wp\/v2\/product\/76379","targetHints":{"allow":["GET"]}}],"collection":[{"href":"https:\/\/ead.barueri.sp.gov.br\/en\/wp-json\/wp\/v2\/product"}],"about":[{"href":"https:\/\/ead.barueri.sp.gov.br\/en\/wp-json\/wp\/v2\/types\/product"}],"replies":[{"embeddable":true,"href":"https:\/\/ead.barueri.sp.gov.br\/en\/wp-json\/wp\/v2\/comments?post=76379"}],"wp:featuredmedia":[{"embeddable":true,"href":"https:\/\/ead.barueri.sp.gov.br\/en\/wp-json\/wp\/v2\/media\/76347"}],"wp:attachment":[{"href":"https:\/\/ead.barueri.sp.gov.br\/en\/wp-json\/wp\/v2\/media?parent=76379"}],"wp:term":[{"taxonomy":"product_brand","embeddable":true,"href":"https:\/\/ead.barueri.sp.gov.br\/en\/wp-json\/wp\/v2\/product_brand?post=76379"},{"taxonomy":"product_cat","embeddable":true,"href":"https:\/\/ead.barueri.sp.gov.br\/en\/wp-json\/wp\/v2\/product_cat?post=76379"},{"taxonomy":"product_tag","embeddable":true,"href":"https:\/\/ead.barueri.sp.gov.br\/en\/wp-json\/wp\/v2\/product_tag?post=76379"}],"curies":[{"name":"wp","href":"https:\/\/api.w.org\/{rel}","templated":true}]}}