{"id":76352,"date":"2025-10-03T14:08:50","date_gmt":"2025-10-03T17:08:50","guid":{"rendered":"https:\/\/ead.barueri.sp.gov.br\/?post_type=product&#038;p=76352"},"modified":"2025-10-07T14:11:50","modified_gmt":"2025-10-07T17:11:50","slug":"curso-interno-barueri-metaverso-construindo-nossa-propria-realidade-virtual","status":"publish","type":"product","link":"https:\/\/ead.barueri.sp.gov.br\/en\/product\/curso-interno-barueri-metaverso-construindo-nossa-propria-realidade-virtual\/","title":{"rendered":"Curso Interno: Barueri Metaverso \u2013 Construindo Nossa Pr\u00f3pria Realidade Virtual"},"content":{"rendered":"<p>Voc\u00ea j\u00e1 imaginou entrar em um ambiente 3D <strong>criado por voc\u00ea mesmo<\/strong>, caminhar pelos seus corredores digitais, assistir a conte\u00fados que voc\u00ea ajudou a configurar e, em poucos cliques, disponibilizar tudo isso para outras pessoas explorarem dentro do nosso metaverso institucional? <img decoding=\"async\" role=\"img\" class=\"emoji\" src=\"https:\/\/s.w.org\/images\/core\/emoji\/16.0.1\/svg\/1f680.svg\" alt=\"\ud83d\ude80\"><br \/>Este curso foi desenvolvido para mostrar, passo a passo, como transformar arquivos e templates em <strong>experi\u00eancias imersivas publicadas em nosso servidor pr\u00f3prio<\/strong>. Ao final, voc\u00ea ter\u00e1 a habilidade de <strong>criar e publicar novos espa\u00e7os virtuais<\/strong>, ampliando as possibilidades de ensino e inova\u00e7\u00e3o dentro do nosso metaverso.<br \/>\u00a0<br \/><strong>O que voc\u00ea aprender\u00e1 no curso?<\/strong><br \/><img decoding=\"async\" role=\"img\" class=\"emoji\" src=\"https:\/\/s.w.org\/images\/core\/emoji\/16.0.1\/svg\/2728.svg\" alt=\"\u2728\"> Organizar e preparar os modelos 3D (GLB) para cada aula ou projeto.<br \/><img decoding=\"async\" role=\"img\" class=\"emoji\" src=\"https:\/\/s.w.org\/images\/core\/emoji\/16.0.1\/svg\/2728.svg\" alt=\"\u2728\"> Ajustar os c\u00f3digos e configurar v\u00eddeos de forma simples e pr\u00e1tica.<br \/><img decoding=\"async\" role=\"img\" class=\"emoji\" src=\"https:\/\/s.w.org\/images\/core\/emoji\/16.0.1\/svg\/2728.svg\" alt=\"\u2728\"> Utilizar ferramentas como o VS Code para dar o toque final nos ambientes.<br \/><img decoding=\"async\" role=\"img\" class=\"emoji\" src=\"https:\/\/s.w.org\/images\/core\/emoji\/16.0.1\/svg\/2728.svg\" alt=\"\u2728\"> Publicar um novo ambiente(salas de aula, secretaria, etc) no metaverso pr\u00f3prio da prefeitura de Barueri.<br \/>\u00a0<br \/><strong>Para quem \u00e9 este curso?<\/strong><br \/>Estagi\u00e1rios<br \/>\u00a0<br \/><strong>D\u00favidas comuns:<\/strong><br \/>Consigo fazer o curso apenas utilizando meu celular?<br \/>N\u00e3o, precisar\u00e1 de um computador.<br \/>Quais materiais preciso para fazer este curso?<br \/>Voc\u00ea precisar\u00e1 de um celular ou computador com acesso a internet. Os programas que usaremos durante o curso s\u00e3o na sua maioria gratuitos e mesmo os programas pagos ter\u00e3o uma alternativa no modo gratuito.<br \/>\u00a0<br \/><strong>Tem certificado?<\/strong><br \/>Sim.<\/p>","protected":false},"excerpt":{"rendered":"<p>Voc\u00ea j\u00e1 imaginou entrar em um ambiente 3D criado por voc\u00ea mesmo, caminhar pelos seus corredores digitais, assistir a conte\u00fados que voc\u00ea ajudou a configurar e, em poucos cliques, disponibilizar tudo isso para outras pessoas explorarem dentro do nosso metaverso institucional? Este curso foi desenvolvido para mostrar, passo a passo, como transformar arquivos e templates em experi\u00eancias imersivas publicadas em nosso servidor pr\u00f3prio. Ao final, voc\u00ea ter\u00e1 a habilidade de criar e publicar novos espa\u00e7os virtuais, ampliando as possibilidades de ensino e inova\u00e7\u00e3o dentro do nosso metaverso.\u00a0O que voc\u00ea aprender\u00e1 no curso? Organizar e preparar os modelos 3D (GLB) para cada aula ou projeto. Ajustar os c\u00f3digos e configurar v\u00eddeos de forma simples e pr\u00e1tica. Utilizar ferramentas como o VS Code para dar o toque final nos ambientes. Publicar um novo ambiente(salas de aula, secretaria, etc) no metaverso pr\u00f3prio da prefeitura de Barueri.\u00a0Para quem \u00e9 este curso?Estagi\u00e1rios\u00a0D\u00favidas comuns:Consigo fazer o curso apenas utilizando meu celular?N\u00e3o, precisar\u00e1 de um computador.Quais materiais preciso para fazer este curso?Voc\u00ea precisar\u00e1 de um celular ou computador com acesso a internet. Os programas que usaremos durante o curso s\u00e3o na sua maioria gratuitos e mesmo os programas pagos ter\u00e3o uma alternativa no modo gratuito.\u00a0Tem certificado?Sim.<\/p>","protected":false},"featured_media":76358,"comment_status":"open","ping_status":"closed","template":"","meta":{"_acf_changed":false},"product_brand":[],"product_cat":[145,154,153,148],"product_tag":[],"class_list":{"0":"post-76352","1":"product","2":"type-product","3":"status-publish","4":"has-post-thumbnail","6":"product_cat-metaverso","7":"product_cat-organizacao","8":"product_cat-estagiarios","9":"product_cat-softwares","11":"first","12":"instock","13":"shipping-taxable","14":"product-type-external"},"acf":[],"_links":{"self":[{"href":"https:\/\/ead.barueri.sp.gov.br\/en\/wp-json\/wp\/v2\/product\/76352","targetHints":{"allow":["GET"]}}],"collection":[{"href":"https:\/\/ead.barueri.sp.gov.br\/en\/wp-json\/wp\/v2\/product"}],"about":[{"href":"https:\/\/ead.barueri.sp.gov.br\/en\/wp-json\/wp\/v2\/types\/product"}],"replies":[{"embeddable":true,"href":"https:\/\/ead.barueri.sp.gov.br\/en\/wp-json\/wp\/v2\/comments?post=76352"}],"wp:featuredmedia":[{"embeddable":true,"href":"https:\/\/ead.barueri.sp.gov.br\/en\/wp-json\/wp\/v2\/media\/76358"}],"wp:attachment":[{"href":"https:\/\/ead.barueri.sp.gov.br\/en\/wp-json\/wp\/v2\/media?parent=76352"}],"wp:term":[{"taxonomy":"product_brand","embeddable":true,"href":"https:\/\/ead.barueri.sp.gov.br\/en\/wp-json\/wp\/v2\/product_brand?post=76352"},{"taxonomy":"product_cat","embeddable":true,"href":"https:\/\/ead.barueri.sp.gov.br\/en\/wp-json\/wp\/v2\/product_cat?post=76352"},{"taxonomy":"product_tag","embeddable":true,"href":"https:\/\/ead.barueri.sp.gov.br\/en\/wp-json\/wp\/v2\/product_tag?post=76352"}],"curies":[{"name":"wp","href":"https:\/\/api.w.org\/{rel}","templated":true}]}}