{"id":57462,"date":"2025-08-12T15:10:54","date_gmt":"2025-08-12T18:10:54","guid":{"rendered":"https:\/\/ead.barueri.sp.gov.br\/?post_type=product&#038;p=57462"},"modified":"2025-10-31T14:47:59","modified_gmt":"2025-10-31T17:47:59","slug":"curso-do-zero-ao-jogo-no-gdevelop","status":"publish","type":"product","link":"https:\/\/ead.barueri.sp.gov.br\/en\/product\/curso-do-zero-ao-jogo-no-gdevelop\/","title":{"rendered":"CURSO Do Zero ao Jogo no GDevelop"},"content":{"rendered":"<p><strong>O que voc\u00ea aprender\u00e1 no curso?<\/strong><br \/>No curso<strong> Do Zero ao Jogo no GDevelop <\/strong>voc\u00ea vai aprender a criar seus pr\u00f3prios jogos digitais do zero, sem precisar saber programa\u00e7\u00e3o. Vamos explorar os recursos do GDevelop, desde a cria\u00e7\u00e3o de cen\u00e1rios, personagens e mec\u00e2nicas de jogo at\u00e9 a publica\u00e7\u00e3o final. Ao final, voc\u00ea ter\u00e1 o conhecimento necess\u00e1rio para desenvolver e compartilhar seus pr\u00f3prios games.<br \/><strong>Para quem \u00e9 este curso?<\/strong><br \/>Este curso \u00e9 indicado para crian\u00e7as e pr\u00e9-adolescentes entre 8 &#8211; 13 anos que desejam aprender desenvolvimento de jogos de forma simples, pr\u00e1tica e divertida, sem a necessidade de conhecimentos t\u00e9cnicos pr\u00e9vios.<br \/>\u00a0<br \/><strong>D\u00favidas comuns:<\/strong><br \/><strong>Consigo fazer o curso apenas utilizando meu celular?<\/strong><br \/>N\u00e3o.<br \/><strong>Quais materiais preciso para fazer este curso?<\/strong><br \/>Voc\u00ea precisar\u00e1 de um computador com acesso \u00e0 internet. Os programas que usaremos durante o curso s\u00e3o gratuitos.<br \/><strong>Tem certificado?<\/strong><br \/>Sim.<\/p>","protected":false},"excerpt":{"rendered":"<p>O que voc\u00ea aprender\u00e1 no curso?No curso Do Zero ao Jogo no GDevelop voc\u00ea vai aprender a criar seus pr\u00f3prios jogos digitais do zero, sem precisar saber programa\u00e7\u00e3o. Vamos explorar os recursos do GDevelop, desde a cria\u00e7\u00e3o de cen\u00e1rios, personagens e mec\u00e2nicas de jogo at\u00e9 a publica\u00e7\u00e3o final. Ao final, voc\u00ea ter\u00e1 o conhecimento necess\u00e1rio para desenvolver e compartilhar seus pr\u00f3prios games.Para quem \u00e9 este curso?Este curso \u00e9 indicado para crian\u00e7as e pr\u00e9-adolescentes entre 8 &#8211; 13 anos que desejam aprender desenvolvimento de jogos de forma simples, pr\u00e1tica e divertida, sem a necessidade de conhecimentos t\u00e9cnicos pr\u00e9vios.\u00a0D\u00favidas comuns:Consigo fazer o curso apenas utilizando meu celular?N\u00e3o.Quais materiais preciso para fazer este curso?Voc\u00ea precisar\u00e1 de um computador com acesso \u00e0 internet. Os programas que usaremos durante o curso s\u00e3o gratuitos.Tem certificado?Sim.<\/p>","protected":false},"featured_media":76349,"comment_status":"open","ping_status":"closed","template":"","meta":{"_acf_changed":false},"product_brand":[],"product_cat":[246,204,227,153,220,152,148],"product_tag":[],"class_list":{"0":"post-57462","1":"product","2":"type-product","3":"status-publish","4":"has-post-thumbnail","6":"product_cat-criacao-de-jogo","7":"product_cat-design","8":"product_cat-avatar","9":"product_cat-estagiarios","10":"product_cat-externocidadao","11":"product_cat-funcionarios","12":"product_cat-softwares","14":"first","15":"instock","16":"shipping-taxable","17":"product-type-external"},"acf":[],"_links":{"self":[{"href":"https:\/\/ead.barueri.sp.gov.br\/en\/wp-json\/wp\/v2\/product\/57462","targetHints":{"allow":["GET"]}}],"collection":[{"href":"https:\/\/ead.barueri.sp.gov.br\/en\/wp-json\/wp\/v2\/product"}],"about":[{"href":"https:\/\/ead.barueri.sp.gov.br\/en\/wp-json\/wp\/v2\/types\/product"}],"replies":[{"embeddable":true,"href":"https:\/\/ead.barueri.sp.gov.br\/en\/wp-json\/wp\/v2\/comments?post=57462"}],"wp:featuredmedia":[{"embeddable":true,"href":"https:\/\/ead.barueri.sp.gov.br\/en\/wp-json\/wp\/v2\/media\/76349"}],"wp:attachment":[{"href":"https:\/\/ead.barueri.sp.gov.br\/en\/wp-json\/wp\/v2\/media?parent=57462"}],"wp:term":[{"taxonomy":"product_brand","embeddable":true,"href":"https:\/\/ead.barueri.sp.gov.br\/en\/wp-json\/wp\/v2\/product_brand?post=57462"},{"taxonomy":"product_cat","embeddable":true,"href":"https:\/\/ead.barueri.sp.gov.br\/en\/wp-json\/wp\/v2\/product_cat?post=57462"},{"taxonomy":"product_tag","embeddable":true,"href":"https:\/\/ead.barueri.sp.gov.br\/en\/wp-json\/wp\/v2\/product_tag?post=57462"}],"curies":[{"name":"wp","href":"https:\/\/api.w.org\/{rel}","templated":true}]}}