{"id":49015,"date":"2025-06-03T12:57:06","date_gmt":"2025-06-03T15:57:06","guid":{"rendered":"https:\/\/ead.barueri.sp.gov.br\/?post_type=product&#038;p=49015"},"modified":"2025-09-25T15:17:32","modified_gmt":"2025-09-25T18:17:32","slug":"curso-personagens-animados-para-jogos","status":"publish","type":"product","link":"https:\/\/ead.barueri.sp.gov.br\/en\/product\/curso-personagens-animados-para-jogos\/","title":{"rendered":"CURSO: Personagens Animados para Jogos"},"content":{"rendered":"<p><strong>CURSO EM ANDAMENTO.<\/strong><\/p>\n<p><strong>ESCOLA DE GAMES:<\/strong> <a href=\"https:\/\/digitaltech.barueri.sp.gov.br\/escola-de-games\/\">https:\/\/digitaltech.barueri.sp.gov.br\/escola-de-games\/<\/a><\/p>\n<p><strong><img decoding=\"async\" role=\"img\" class=\"emoji\" src=\"https:\/\/s.w.org\/images\/core\/emoji\/15.0.3\/svg\/1f3a8.svg\" alt=\"\ud83c\udfa8\"> Curso de Pixel Art para Iniciantes \u2014 Do Zero ao seu Primeiro Personagem! <img decoding=\"async\" role=\"img\" class=\"emoji\" src=\"https:\/\/s.w.org\/images\/core\/emoji\/15.0.3\/svg\/1f579.svg\" alt=\"\ud83d\udd79\ufe0f\"><\/strong><br \/>Nunca desenhou nada digitalmente? Nem sabe exatamente o que \u00e9 Pixel Art? Sem problemas \u2014 esse curso foi feito pra voc\u00ea! Aqui, voc\u00ea vai aprender do zero absoluto, mesmo que nunca tenha desenhado no computador ou usado um programa de arte digital antes. A proposta \u00e9 simples: qualquer pessoa pode criar arte em pixel, e n\u00f3s vamos te mostrar como!<br \/>\u00a0<br \/><strong>O que voc\u00ea aprender\u00e1 no curso?<\/strong><br \/>Compreender o que \u00e9 Pixel Art e sua aplica\u00e7\u00e3o em jogos, anima\u00e7\u00f5es e design visual<br \/>Utilizar ferramentas simples e gratuitas para criar seus primeiros desenhos<br \/>Criar personagens e objetos no estilo pixelado<br \/>Dominar t\u00e9cnicas fundamentais: tra\u00e7os, formas, cores, sombras e anima\u00e7\u00f5es b\u00e1sicas<br \/>Desenvolver sua primeira arte em pixel completa, pronta para uso em projetos pessoais ou profissionais<br \/>\u00a0<br \/><strong>Para quem \u00e9 este curso?<\/strong><br \/>Este curso \u00e9 ideal para qualquer pessoa interessada em aprender uma nova habilidade criativa, mesmo sem experi\u00eancia pr\u00e9via em desenho, arte digital ou design. Curso para crian\u00e7as a partir de 11 anos.<br \/>Se voc\u00ea \u00e9 curioso, gosta de jogos, anima\u00e7\u00f5es ou apenas quer explorar o mundo da cria\u00e7\u00e3o visual de forma pr\u00e1tica e divertida, este curso foi feito para voc\u00ea. A proposta \u00e9 acess\u00edvel, com explica\u00e7\u00f5es passo a passo, usando ferramentas simples e gratuitas \u2014 perfeita para quem est\u00e1 come\u00e7ando do zero. N\u00e3o \u00e9 necess\u00e1rio saber desenhar, nem dominar tecnologia: basta ter vontade de aprender.<br \/>\u00a0<br \/><strong>O que voc\u00ea precisa para fazer o curso?<\/strong><br \/><strong>Um computador com internet<\/strong> (isso \u00e9 muito importante!);<br \/>Um <strong>adulto junto com voc\u00ea<\/strong> para ajudar nas partes mais dif\u00edceis;<br \/>Vontade de aprender e se divertir!<br \/>\u00a0<br \/><strong>Posso fazer pelo celular?<\/strong><br \/>Infelizmente <strong>n\u00e3o<\/strong>. Para fazer tudo certinho, \u00e9 necess\u00e1rio ter um <strong>computador<\/strong>.<br \/>\u00a0<br \/><strong>Tem certificado?<\/strong><br \/>Sim! Quando voc\u00ea terminar o curso, vai ganhar um certificado incr\u00edvel!<\/p>","protected":false},"excerpt":{"rendered":"<p>CURSO EM ANDAMENTO. ESCOLA DE GAMES: https:\/\/digitaltech.barueri.sp.gov.br\/escola-de-games\/ Curso de Pixel Art para Iniciantes \u2014 Do Zero ao seu Primeiro Personagem! Nunca desenhou nada digitalmente? Nem sabe exatamente o que \u00e9 Pixel Art? Sem problemas \u2014 esse curso foi feito pra voc\u00ea! Aqui, voc\u00ea vai aprender do zero absoluto, mesmo que nunca tenha desenhado no computador ou usado um programa de arte digital antes. A proposta \u00e9 simples: qualquer pessoa pode criar arte em pixel, e n\u00f3s vamos te mostrar como!\u00a0O que voc\u00ea aprender\u00e1 no curso?Compreender o que \u00e9 Pixel Art e sua aplica\u00e7\u00e3o em jogos, anima\u00e7\u00f5es e design visualUtilizar ferramentas simples e gratuitas para criar seus primeiros desenhosCriar personagens e objetos no estilo pixeladoDominar t\u00e9cnicas fundamentais: tra\u00e7os, formas, cores, sombras e anima\u00e7\u00f5es b\u00e1sicasDesenvolver sua primeira arte em pixel completa, pronta para uso em projetos pessoais ou profissionais\u00a0Para quem \u00e9 este curso?Este curso \u00e9 ideal para qualquer pessoa interessada em aprender uma nova habilidade criativa, mesmo sem experi\u00eancia pr\u00e9via em desenho, arte digital ou design. Curso para crian\u00e7as a partir de 11 anos.Se voc\u00ea \u00e9 curioso, gosta de jogos, anima\u00e7\u00f5es ou apenas quer explorar o mundo da cria\u00e7\u00e3o visual de forma pr\u00e1tica e divertida, este curso foi feito para voc\u00ea. A proposta \u00e9 acess\u00edvel, com explica\u00e7\u00f5es passo a passo, usando ferramentas simples e gratuitas \u2014 perfeita para quem est\u00e1 come\u00e7ando do zero. N\u00e3o \u00e9 necess\u00e1rio saber desenhar, nem dominar tecnologia: basta ter vontade de aprender.\u00a0O que voc\u00ea precisa para fazer o curso?Um computador com internet (isso \u00e9 muito importante!);Um adulto junto com voc\u00ea para ajudar nas partes mais dif\u00edceis;Vontade de aprender e se divertir!\u00a0Posso fazer pelo celular?Infelizmente n\u00e3o. Para fazer tudo certinho, \u00e9 necess\u00e1rio ter um computador.\u00a0Tem certificado?Sim! Quando voc\u00ea terminar o curso, vai ganhar um certificado incr\u00edvel!<\/p>","protected":false},"featured_media":49054,"comment_status":"open","ping_status":"closed","template":"","meta":{"_acf_changed":false},"product_brand":[],"product_cat":[243,227,220,151],"product_tag":[],"class_list":{"0":"post-49015","1":"product","2":"type-product","3":"status-publish","4":"has-post-thumbnail","6":"product_cat-criacao-de-apps-sites","7":"product_cat-avatar","8":"product_cat-externocidadao","9":"product_cat-para-todos","11":"first","12":"instock","13":"shipping-taxable","14":"product-type-external"},"acf":[],"_links":{"self":[{"href":"https:\/\/ead.barueri.sp.gov.br\/en\/wp-json\/wp\/v2\/product\/49015","targetHints":{"allow":["GET"]}}],"collection":[{"href":"https:\/\/ead.barueri.sp.gov.br\/en\/wp-json\/wp\/v2\/product"}],"about":[{"href":"https:\/\/ead.barueri.sp.gov.br\/en\/wp-json\/wp\/v2\/types\/product"}],"replies":[{"embeddable":true,"href":"https:\/\/ead.barueri.sp.gov.br\/en\/wp-json\/wp\/v2\/comments?post=49015"}],"wp:featuredmedia":[{"embeddable":true,"href":"https:\/\/ead.barueri.sp.gov.br\/en\/wp-json\/wp\/v2\/media\/49054"}],"wp:attachment":[{"href":"https:\/\/ead.barueri.sp.gov.br\/en\/wp-json\/wp\/v2\/media?parent=49015"}],"wp:term":[{"taxonomy":"product_brand","embeddable":true,"href":"https:\/\/ead.barueri.sp.gov.br\/en\/wp-json\/wp\/v2\/product_brand?post=49015"},{"taxonomy":"product_cat","embeddable":true,"href":"https:\/\/ead.barueri.sp.gov.br\/en\/wp-json\/wp\/v2\/product_cat?post=49015"},{"taxonomy":"product_tag","embeddable":true,"href":"https:\/\/ead.barueri.sp.gov.br\/en\/wp-json\/wp\/v2\/product_tag?post=49015"}],"curies":[{"name":"wp","href":"https:\/\/api.w.org\/{rel}","templated":true}]}}