{"id":49013,"date":"2025-06-02T16:19:24","date_gmt":"2025-06-02T19:19:24","guid":{"rendered":"https:\/\/ead.barueri.sp.gov.br\/?post_type=product&#038;p=49013"},"modified":"2025-09-12T09:16:48","modified_gmt":"2025-09-12T12:16:48","slug":"curso-inovagame-crie-seu-primeiro-jogo-com-scratch","status":"publish","type":"product","link":"https:\/\/ead.barueri.sp.gov.br\/en\/product\/curso-inovagame-crie-seu-primeiro-jogo-com-scratch\/","title":{"rendered":"CURSO InovaGame: Crie Seu Primeiro Jogo com Scratch"},"content":{"rendered":"<p><strong>CURSO EM ANDAMENTO.<\/strong><\/p>\n<p><strong>ESCOLA DE GAMES:<\/strong> <a href=\"https:\/\/digitaltech.barueri.sp.gov.br\/escola-de-games\/\">https:\/\/digitaltech.barueri.sp.gov.br\/escola-de-games\/<\/a><\/p>\n<p><strong>Descri\u00e7\u00e3o<\/strong><br \/>Voc\u00ea j\u00e1 imaginou criar seu pr\u00f3prio jogo? Neste curso super legal, voc\u00ea vai aprender a <strong>criar o seu primeiro jogo digital<\/strong>, chamado <strong>&#8220;Pega o Donut&#8221;<\/strong>! A miss\u00e3o \u00e9 ensinar um gatinho muito esperto a pegar um donut delicioso, tudo isso enquanto voc\u00ea aprende a programar!!!<br \/>Vamos usar o <strong>Scratch<\/strong>, uma plataforma feita especialmente para crian\u00e7as, onde voc\u00ea aprende a programar com bloquinhos coloridos, como se estivesse montando um jogo de encaixe!<br \/>\u00a0<br \/>O que voc\u00ea vai aprender?<br \/>Como entrar no Scratch e usar o site;<br \/>Como pensar e montar a ideia de um jogo;<br \/>Como fazer personagens se mexerem e cen\u00e1rios ganharem vida;<br \/>Como fazer o jogo funcionar;<br \/>Como salvar e mostrar seu jogo para outras pessoas!<br \/>\u00a0<br \/>O que voc\u00ea precisa para fazer o curso?<br \/><strong>Um computador com internet<\/strong> (isso \u00e9 muito importante!);<br \/>Um <strong>adulto junto com voc\u00ea<\/strong> para ajudar nas partes mais dif\u00edceis;<br \/>Vontade de aprender e se divertir!<br \/>\u00a0<br \/>Posso fazer pelo celular?<br \/>Infelizmente <strong>n\u00e3o<\/strong>. Para fazer tudo certinho, \u00e9 necess\u00e1rio ter um <strong>computador<\/strong>.<br \/>\u00a0<br \/>Para quem \u00e9 esse curso?<br \/>Este curso \u00e9 feito para <strong>crian\u00e7as a partir de 7 anos<\/strong> que j\u00e1 foram alfabetizadas e querem aprender o b\u00e1sico da programa\u00e7\u00e3o, para adolescentes e todos aqueles que desejam aprender a criar um jogo de forma simples e poss\u00edvel.<br \/>Se voc\u00ea gosta de jogos e quer aprender como criar um, esse curso \u00e9 pra voc\u00ea!<br \/>\u00a0<br \/>Tem certificado?<br \/>Sim! Quando voc\u00ea terminar o curso, vai ganhar um certificado incr\u00edvel!<\/p>","protected":false},"excerpt":{"rendered":"<p>CURSO EM ANDAMENTO. ESCOLA DE GAMES: https:\/\/digitaltech.barueri.sp.gov.br\/escola-de-games\/ Descri\u00e7\u00e3oVoc\u00ea j\u00e1 imaginou criar seu pr\u00f3prio jogo? Neste curso super legal, voc\u00ea vai aprender a criar o seu primeiro jogo digital, chamado &#8220;Pega o Donut&#8221;! A miss\u00e3o \u00e9 ensinar um gatinho muito esperto a pegar um donut delicioso, tudo isso enquanto voc\u00ea aprende a programar!!!Vamos usar o Scratch, uma plataforma feita especialmente para crian\u00e7as, onde voc\u00ea aprende a programar com bloquinhos coloridos, como se estivesse montando um jogo de encaixe!\u00a0O que voc\u00ea vai aprender?Como entrar no Scratch e usar o site;Como pensar e montar a ideia de um jogo;Como fazer personagens se mexerem e cen\u00e1rios ganharem vida;Como fazer o jogo funcionar;Como salvar e mostrar seu jogo para outras pessoas!\u00a0O que voc\u00ea precisa para fazer o curso?Um computador com internet (isso \u00e9 muito importante!);Um adulto junto com voc\u00ea para ajudar nas partes mais dif\u00edceis;Vontade de aprender e se divertir!\u00a0Posso fazer pelo celular?Infelizmente n\u00e3o. Para fazer tudo certinho, \u00e9 necess\u00e1rio ter um computador.\u00a0Para quem \u00e9 esse curso?Este curso \u00e9 feito para crian\u00e7as a partir de 7 anos que j\u00e1 foram alfabetizadas e querem aprender o b\u00e1sico da programa\u00e7\u00e3o, para adolescentes e todos aqueles que desejam aprender a criar um jogo de forma simples e poss\u00edvel.Se voc\u00ea gosta de jogos e quer aprender como criar um, esse curso \u00e9 pra voc\u00ea!\u00a0Tem certificado?Sim! Quando voc\u00ea terminar o curso, vai ganhar um certificado incr\u00edvel!<\/p>","protected":false},"featured_media":49014,"comment_status":"open","ping_status":"closed","template":"","meta":{"_acf_changed":false},"product_brand":[],"product_cat":[243,220,151,148],"product_tag":[],"class_list":{"0":"post-49013","1":"product","2":"type-product","3":"status-publish","4":"has-post-thumbnail","6":"product_cat-criacao-de-apps-sites","7":"product_cat-externocidadao","8":"product_cat-para-todos","9":"product_cat-softwares","11":"first","12":"instock","13":"shipping-taxable","14":"product-type-external"},"acf":[],"_links":{"self":[{"href":"https:\/\/ead.barueri.sp.gov.br\/en\/wp-json\/wp\/v2\/product\/49013","targetHints":{"allow":["GET"]}}],"collection":[{"href":"https:\/\/ead.barueri.sp.gov.br\/en\/wp-json\/wp\/v2\/product"}],"about":[{"href":"https:\/\/ead.barueri.sp.gov.br\/en\/wp-json\/wp\/v2\/types\/product"}],"replies":[{"embeddable":true,"href":"https:\/\/ead.barueri.sp.gov.br\/en\/wp-json\/wp\/v2\/comments?post=49013"}],"wp:featuredmedia":[{"embeddable":true,"href":"https:\/\/ead.barueri.sp.gov.br\/en\/wp-json\/wp\/v2\/media\/49014"}],"wp:attachment":[{"href":"https:\/\/ead.barueri.sp.gov.br\/en\/wp-json\/wp\/v2\/media?parent=49013"}],"wp:term":[{"taxonomy":"product_brand","embeddable":true,"href":"https:\/\/ead.barueri.sp.gov.br\/en\/wp-json\/wp\/v2\/product_brand?post=49013"},{"taxonomy":"product_cat","embeddable":true,"href":"https:\/\/ead.barueri.sp.gov.br\/en\/wp-json\/wp\/v2\/product_cat?post=49013"},{"taxonomy":"product_tag","embeddable":true,"href":"https:\/\/ead.barueri.sp.gov.br\/en\/wp-json\/wp\/v2\/product_tag?post=49013"}],"curies":[{"name":"wp","href":"https:\/\/api.w.org\/{rel}","templated":true}]}}