{"id":49011,"date":"2025-05-16T13:48:59","date_gmt":"2025-05-16T16:48:59","guid":{"rendered":"https:\/\/ead.barueri.sp.gov.br\/?post_type=product&#038;p=49011"},"modified":"2025-09-18T13:16:48","modified_gmt":"2025-09-18T16:16:48","slug":"curso-de-eletronica-construcao-de-painel-solar-utilizando-leds","status":"publish","type":"product","link":"https:\/\/ead.barueri.sp.gov.br\/en\/product\/curso-de-eletronica-construcao-de-painel-solar-utilizando-leds\/","title":{"rendered":"CURSO DE ELETR\u00d4NICA &#8211; Constru\u00e7\u00e3o de painel solar utilizando LEDS"},"content":{"rendered":"<p><strong>DESCRI\u00c7\u00c3O<\/strong><br \/>O curso de Eletr\u00f4nica &#8211; Constru\u00e7\u00e3o de Painel Solar utilizando LEDs oferece uma oportunidade \u00fanica e inovadora de adquirir conhecimentos valiosos de forma envolvente e divertida.<br \/>O grande diferencial deste curso est\u00e1 na criatividade e inova\u00e7\u00e3o ao transformar simples LEDs em um painel solar funcional. Este projeto n\u00e3o s\u00f3 \u00e9 acess\u00edvel e f\u00e1cil de montar, mas tamb\u00e9m demonstra a versatilidade e o potencial de solu\u00e7\u00f5es sustent\u00e1veis.<br \/>Al\u00e9m do aprendizado pr\u00e1tico, o curso explora diversas aplica\u00e7\u00f5es \u00fateis do painel solar de LEDs, como a alimenta\u00e7\u00e3o de dispositivos de baixa pot\u00eancia. Imagine poder carregar a bateria de uma calculadora ou alimentar pequenos gadgets eletr\u00f4nicos apenas com a energia capturada por seu pr\u00f3prio painel solar!<br \/>Participe deste curso e descubra como a eletr\u00f4nica pode ser divertida e acess\u00edvel, enquanto voc\u00ea cria solu\u00e7\u00f5es inovadoras e sustent\u00e1veis para o dia a dia.<br \/>\u00a0<br \/><strong>O que voc\u00ea aprender\u00e1 no curso?<\/strong><br \/>No curso, voc\u00ea aprender\u00e1 a criar um painel solar com LEDs, entender\u00e1 o funcionamento dos equipamentos eletr\u00f4nicos utilizados e como ocorre a transforma\u00e7\u00e3o de energia solar em el\u00e9trica. Crie sua pr\u00f3pria fonte de eletricidade infinita a um custo praticamente zero!<br \/><strong>Para quem \u00e9 este curso?<\/strong><br \/>\u00a0<br \/>Estagi\u00e1rios<br \/>Funcion\u00e1rios<br \/>Cidad\u00e3o<br \/>\u00a0<br \/><strong>D\u00favidas comuns:<\/strong><br \/>Consigo fazer o curso apenas utilizando meu celular?<br \/>Sim<br \/>Quais materiais preciso para fazer este curso?<br \/>Voc\u00ea precisar\u00e1 de um celular ou computador com acesso a internet. Os programas que usaremos durante o curso s\u00e3o na sua maioria gratuitos e mesmo os programas pagos ter\u00e3o uma alternativa no modo gratuito.<br \/>\u00a0<br \/><strong>Tem certificado?<\/strong><br \/>Sim.<\/p>","protected":false},"excerpt":{"rendered":"<p>DESCRI\u00c7\u00c3OO curso de Eletr\u00f4nica &#8211; Constru\u00e7\u00e3o de Painel Solar utilizando LEDs oferece uma oportunidade \u00fanica e inovadora de adquirir conhecimentos valiosos de forma envolvente e divertida.O grande diferencial deste curso est\u00e1 na criatividade e inova\u00e7\u00e3o ao transformar simples LEDs em um painel solar funcional. Este projeto n\u00e3o s\u00f3 \u00e9 acess\u00edvel e f\u00e1cil de montar, mas tamb\u00e9m demonstra a versatilidade e o potencial de solu\u00e7\u00f5es sustent\u00e1veis.Al\u00e9m do aprendizado pr\u00e1tico, o curso explora diversas aplica\u00e7\u00f5es \u00fateis do painel solar de LEDs, como a alimenta\u00e7\u00e3o de dispositivos de baixa pot\u00eancia. Imagine poder carregar a bateria de uma calculadora ou alimentar pequenos gadgets eletr\u00f4nicos apenas com a energia capturada por seu pr\u00f3prio painel solar!Participe deste curso e descubra como a eletr\u00f4nica pode ser divertida e acess\u00edvel, enquanto voc\u00ea cria solu\u00e7\u00f5es inovadoras e sustent\u00e1veis para o dia a dia.\u00a0O que voc\u00ea aprender\u00e1 no curso?No curso, voc\u00ea aprender\u00e1 a criar um painel solar com LEDs, entender\u00e1 o funcionamento dos equipamentos eletr\u00f4nicos utilizados e como ocorre a transforma\u00e7\u00e3o de energia solar em el\u00e9trica. Crie sua pr\u00f3pria fonte de eletricidade infinita a um custo praticamente zero!Para quem \u00e9 este curso?\u00a0Estagi\u00e1riosFuncion\u00e1riosCidad\u00e3o\u00a0D\u00favidas comuns:Consigo fazer o curso apenas utilizando meu celular?SimQuais materiais preciso para fazer este curso?Voc\u00ea precisar\u00e1 de um celular ou computador com acesso a internet. Os programas que usaremos durante o curso s\u00e3o na sua maioria gratuitos e mesmo os programas pagos ter\u00e3o uma alternativa no modo gratuito.\u00a0Tem certificado?Sim.<\/p>","protected":false},"featured_media":49012,"comment_status":"open","ping_status":"closed","template":"","meta":{"_acf_changed":false},"product_brand":[],"product_cat":[150,153,220,152,222],"product_tag":[],"class_list":{"0":"post-49011","1":"product","2":"type-product","3":"status-publish","4":"has-post-thumbnail","6":"product_cat-aparelhos-tecnicos","7":"product_cat-estagiarios","8":"product_cat-externocidadao","9":"product_cat-funcionarios","10":"product_cat-robotica","12":"first","13":"instock","14":"shipping-taxable","15":"product-type-external"},"acf":[],"_links":{"self":[{"href":"https:\/\/ead.barueri.sp.gov.br\/en\/wp-json\/wp\/v2\/product\/49011","targetHints":{"allow":["GET"]}}],"collection":[{"href":"https:\/\/ead.barueri.sp.gov.br\/en\/wp-json\/wp\/v2\/product"}],"about":[{"href":"https:\/\/ead.barueri.sp.gov.br\/en\/wp-json\/wp\/v2\/types\/product"}],"replies":[{"embeddable":true,"href":"https:\/\/ead.barueri.sp.gov.br\/en\/wp-json\/wp\/v2\/comments?post=49011"}],"wp:featuredmedia":[{"embeddable":true,"href":"https:\/\/ead.barueri.sp.gov.br\/en\/wp-json\/wp\/v2\/media\/49012"}],"wp:attachment":[{"href":"https:\/\/ead.barueri.sp.gov.br\/en\/wp-json\/wp\/v2\/media?parent=49011"}],"wp:term":[{"taxonomy":"product_brand","embeddable":true,"href":"https:\/\/ead.barueri.sp.gov.br\/en\/wp-json\/wp\/v2\/product_brand?post=49011"},{"taxonomy":"product_cat","embeddable":true,"href":"https:\/\/ead.barueri.sp.gov.br\/en\/wp-json\/wp\/v2\/product_cat?post=49011"},{"taxonomy":"product_tag","embeddable":true,"href":"https:\/\/ead.barueri.sp.gov.br\/en\/wp-json\/wp\/v2\/product_tag?post=49011"}],"curies":[{"name":"wp","href":"https:\/\/api.w.org\/{rel}","templated":true}]}}