{"id":49007,"date":"2025-05-16T13:37:28","date_gmt":"2025-05-16T16:37:28","guid":{"rendered":"https:\/\/ead.barueri.sp.gov.br\/?post_type=product&#038;p=49007"},"modified":"2025-05-16T13:41:50","modified_gmt":"2025-05-16T16:41:50","slug":"curso-express-wordpress-plugin-formulario","status":"publish","type":"product","link":"https:\/\/ead.barueri.sp.gov.br\/en\/product\/curso-express-wordpress-plugin-formulario\/","title":{"rendered":"Curso Express WordPress &#8211; Plugin Formul\u00e1rio"},"content":{"rendered":"<p><strong>DESCRI\u00c7\u00c3O<\/strong><br \/>Quer criar formul\u00e1rios incr\u00edveis no seu site WordPress e otimizar a intera\u00e7\u00e3o com seus usu\u00e1rios. Este curso \u00e9 perfeito para quem quer aprender de forma pr\u00e1tica como configurar, personalizar e utilizar o plugin Formul\u00e1rio para desenvolver formul\u00e1rios eficientes, funcionais e de f\u00e1cil utiliza\u00e7\u00e3o. Transforme a experi\u00eancia dos seus visitantes com formul\u00e1rios interativos e seguros!<br \/>\u00a0<br \/>\u00a0<br \/><strong>O que voc\u00ea aprender\u00e1 no curso?<\/strong><br \/>Objetivo do Plugin;<br \/>Como fazer a configura\u00e7\u00e3o;<br \/>Como \u00e9 feita as utiliza\u00e7\u00e3o do Plugin;<br \/>Como utilizar todos os campos de formuI\u00e1rio;<br \/>Como deixar seguro;<br \/>Como pr\u00e9 visualizar e pr\u00e9 preencher valores de campos de um formul\u00e1rio;<br \/>Como fazer a publica\u00e7\u00e3o do formul\u00e1rio e integrar com seu wordpress.<br \/>\u00a0<br \/><strong>Para quem \u00e9 este curso?<\/strong><br \/>Estagi\u00e1rios<br \/>Funcion\u00e1rios<br \/>\u00a0<br \/><strong>D\u00favidas comuns:<\/strong><br \/>Consigo fazer o curso apenas utilizando meu celular?<br \/>SiM<br \/><strong>Quais materiais preciso para fazer este curso?<\/strong><br \/>Voc\u00ea precisar\u00e1 de um celular ou computador com acesso a internet.<br \/>\u00a0<br \/><strong>Tem certificado?<\/strong><br \/>Sim.<\/p>","protected":false},"excerpt":{"rendered":"<p>DESCRI\u00c7\u00c3OQuer criar formul\u00e1rios incr\u00edveis no seu site WordPress e otimizar a intera\u00e7\u00e3o com seus usu\u00e1rios. Este curso \u00e9 perfeito para quem quer aprender de forma pr\u00e1tica como configurar, personalizar e utilizar o plugin Formul\u00e1rio para desenvolver formul\u00e1rios eficientes, funcionais e de f\u00e1cil utiliza\u00e7\u00e3o. Transforme a experi\u00eancia dos seus visitantes com formul\u00e1rios interativos e seguros!\u00a0\u00a0O que voc\u00ea aprender\u00e1 no curso?Objetivo do Plugin;Como fazer a configura\u00e7\u00e3o;Como \u00e9 feita as utiliza\u00e7\u00e3o do Plugin;Como utilizar todos os campos de formuI\u00e1rio;Como deixar seguro;Como pr\u00e9 visualizar e pr\u00e9 preencher valores de campos de um formul\u00e1rio;Como fazer a publica\u00e7\u00e3o do formul\u00e1rio e integrar com seu wordpress.\u00a0Para quem \u00e9 este curso?Estagi\u00e1riosFuncion\u00e1rios\u00a0D\u00favidas comuns:Consigo fazer o curso apenas utilizando meu celular?SiMQuais materiais preciso para fazer este curso?Voc\u00ea precisar\u00e1 de um celular ou computador com acesso a internet.\u00a0Tem certificado?Sim.<\/p>","protected":false},"featured_media":49008,"comment_status":"open","ping_status":"closed","template":"","meta":{"_acf_changed":false},"product_brand":[],"product_cat":[243,153,152,148],"product_tag":[],"class_list":{"0":"post-49007","1":"product","2":"type-product","3":"status-publish","4":"has-post-thumbnail","6":"product_cat-criacao-de-apps-sites","7":"product_cat-estagiarios","8":"product_cat-funcionarios","9":"product_cat-softwares","11":"first","12":"instock","13":"shipping-taxable","14":"product-type-external"},"acf":[],"_links":{"self":[{"href":"https:\/\/ead.barueri.sp.gov.br\/en\/wp-json\/wp\/v2\/product\/49007","targetHints":{"allow":["GET"]}}],"collection":[{"href":"https:\/\/ead.barueri.sp.gov.br\/en\/wp-json\/wp\/v2\/product"}],"about":[{"href":"https:\/\/ead.barueri.sp.gov.br\/en\/wp-json\/wp\/v2\/types\/product"}],"replies":[{"embeddable":true,"href":"https:\/\/ead.barueri.sp.gov.br\/en\/wp-json\/wp\/v2\/comments?post=49007"}],"wp:featuredmedia":[{"embeddable":true,"href":"https:\/\/ead.barueri.sp.gov.br\/en\/wp-json\/wp\/v2\/media\/49008"}],"wp:attachment":[{"href":"https:\/\/ead.barueri.sp.gov.br\/en\/wp-json\/wp\/v2\/media?parent=49007"}],"wp:term":[{"taxonomy":"product_brand","embeddable":true,"href":"https:\/\/ead.barueri.sp.gov.br\/en\/wp-json\/wp\/v2\/product_brand?post=49007"},{"taxonomy":"product_cat","embeddable":true,"href":"https:\/\/ead.barueri.sp.gov.br\/en\/wp-json\/wp\/v2\/product_cat?post=49007"},{"taxonomy":"product_tag","embeddable":true,"href":"https:\/\/ead.barueri.sp.gov.br\/en\/wp-json\/wp\/v2\/product_tag?post=49007"}],"curies":[{"name":"wp","href":"https:\/\/api.w.org\/{rel}","templated":true}]}}