{"id":49005,"date":"2025-05-16T13:20:46","date_gmt":"2025-05-16T16:20:46","guid":{"rendered":"https:\/\/ead.barueri.sp.gov.br\/?post_type=product&#038;p=49005"},"modified":"2025-09-12T08:12:18","modified_gmt":"2025-09-12T11:12:18","slug":"curso-express-wordpress-plugin-de-lgpd","status":"publish","type":"product","link":"https:\/\/ead.barueri.sp.gov.br\/en\/product\/curso-express-wordpress-plugin-de-lgpd\/","title":{"rendered":"Curso Express WordPress &#8211; Plugin de LGPD"},"content":{"rendered":"<p><strong>DESCRI\u00c7\u00c3O<\/strong><br \/>Este curso Express tem como objetivo ensinar tudo que voc\u00ea precisa saber para deixar seu site wordpress em conformidade com a Lei Geral de Prote\u00e7\u00e3o de Dados (LGPD).<br \/>\u00a0<br \/><strong>O que voc\u00ea aprender\u00e1 no curso?<\/strong><br \/>Objetivo da Lei Geral de Prote\u00e7\u00e3o de Dados Pessoais;<br \/>Dicas para utiliza\u00e7\u00e3o do Plugin;<br \/>Como \u00e9 feita a utiliza\u00e7\u00e3o de API;<br \/>Ativar e desativar o Cookie Banner.<br \/>\u00a0<br \/><strong>Para quem \u00e9 este curso?<\/strong><br \/>Estagi\u00e1rios<br \/>Funcion\u00e1rios<br \/>Cidad\u00e3o<br \/>\u00a0<br \/><strong>D\u00favidas comuns:<\/strong><br \/>Consigo fazer o curso apenas utilizando meu celular?<br \/>SiM<br \/><strong>Quais materiais preciso para fazer este curso?<\/strong><br \/>Voc\u00ea precisar\u00e1 de um celular ou computador com acesso a internet.<br \/>\u00a0<br \/><strong>Tem certificado?<\/strong><br \/>Sim.<\/p>","protected":false},"excerpt":{"rendered":"<p>DESCRI\u00c7\u00c3OEste curso Express tem como objetivo ensinar tudo que voc\u00ea precisa saber para deixar seu site wordpress em conformidade com a Lei Geral de Prote\u00e7\u00e3o de Dados (LGPD).\u00a0O que voc\u00ea aprender\u00e1 no curso?Objetivo da Lei Geral de Prote\u00e7\u00e3o de Dados Pessoais;Dicas para utiliza\u00e7\u00e3o do Plugin;Como \u00e9 feita a utiliza\u00e7\u00e3o de API;Ativar e desativar o Cookie Banner.\u00a0Para quem \u00e9 este curso?Estagi\u00e1riosFuncion\u00e1riosCidad\u00e3o\u00a0D\u00favidas comuns:Consigo fazer o curso apenas utilizando meu celular?SiMQuais materiais preciso para fazer este curso?Voc\u00ea precisar\u00e1 de um celular ou computador com acesso a internet.\u00a0Tem certificado?Sim.<\/p>","protected":false},"featured_media":49006,"comment_status":"open","ping_status":"closed","template":"","meta":{"_acf_changed":false},"product_brand":[],"product_cat":[154,153,220,152,148],"product_tag":[],"class_list":{"0":"post-49005","1":"product","2":"type-product","3":"status-publish","4":"has-post-thumbnail","6":"product_cat-organizacao","7":"product_cat-estagiarios","8":"product_cat-externocidadao","9":"product_cat-funcionarios","10":"product_cat-softwares","12":"first","13":"instock","14":"shipping-taxable","15":"product-type-external"},"acf":[],"_links":{"self":[{"href":"https:\/\/ead.barueri.sp.gov.br\/en\/wp-json\/wp\/v2\/product\/49005","targetHints":{"allow":["GET"]}}],"collection":[{"href":"https:\/\/ead.barueri.sp.gov.br\/en\/wp-json\/wp\/v2\/product"}],"about":[{"href":"https:\/\/ead.barueri.sp.gov.br\/en\/wp-json\/wp\/v2\/types\/product"}],"replies":[{"embeddable":true,"href":"https:\/\/ead.barueri.sp.gov.br\/en\/wp-json\/wp\/v2\/comments?post=49005"}],"wp:featuredmedia":[{"embeddable":true,"href":"https:\/\/ead.barueri.sp.gov.br\/en\/wp-json\/wp\/v2\/media\/49006"}],"wp:attachment":[{"href":"https:\/\/ead.barueri.sp.gov.br\/en\/wp-json\/wp\/v2\/media?parent=49005"}],"wp:term":[{"taxonomy":"product_brand","embeddable":true,"href":"https:\/\/ead.barueri.sp.gov.br\/en\/wp-json\/wp\/v2\/product_brand?post=49005"},{"taxonomy":"product_cat","embeddable":true,"href":"https:\/\/ead.barueri.sp.gov.br\/en\/wp-json\/wp\/v2\/product_cat?post=49005"},{"taxonomy":"product_tag","embeddable":true,"href":"https:\/\/ead.barueri.sp.gov.br\/en\/wp-json\/wp\/v2\/product_tag?post=49005"}],"curies":[{"name":"wp","href":"https:\/\/api.w.org\/{rel}","templated":true}]}}