{"id":49001,"date":"2025-05-15T14:32:10","date_gmt":"2025-05-15T17:32:10","guid":{"rendered":"https:\/\/ead.barueri.sp.gov.br\/?post_type=product&#038;p=49001"},"modified":"2025-05-15T14:59:52","modified_gmt":"2025-05-15T17:59:52","slug":"curso-interno-portal-de-vagas-cit-administrador","status":"publish","type":"product","link":"https:\/\/ead.barueri.sp.gov.br\/en\/product\/curso-interno-portal-de-vagas-cit-administrador\/","title":{"rendered":"Curso interno: Portal de Vagas CIT &#8211; Administrador"},"content":{"rendered":"<p>O curso interno Portal de Vagas CIT &#8211; Administrador \u00e9 voltado para ensinar os administradores do portal de vagas a como fazer a gest\u00e3o do mesmo.<br \/>\u00a0<br \/><strong>O que voc\u00ea aprender\u00e1 no curso?<\/strong><br \/>\u00a0<br \/>&#8211; Como acessar o Portal de Vagas- Administrador<br \/>&#8211; Expirar vagas<br \/>&#8211; Alterar e-mails de candidatos<br \/>&#8211; Consultar informa\u00e7\u00f5es de candidatos e empregadores<br \/>&#8211; Configurar funcionalidades do portal<br \/>&#8211; Entre outros.<br \/>\u00a0<br \/><strong>Para quem \u00e9 este curso?<\/strong><br \/>\u00a0<br \/>Esse curso \u00e9 destinado a profissionais que atuam como administradores.<br \/>\u00a0<br \/><strong>D\u00favidas comuns:<\/strong><br \/>Consigo fazer o curso apenas utilizando meu celular?<br \/>Sim<br \/>Quais materiais preciso para fazer este curso?<br \/>Voc\u00ea precisar\u00e1 de um celular ou computador com acesso a internet. Os programas que usaremos durante o curso s\u00e3o na sua maioria gratuitos e mesmo os programas pagos ter\u00e3o uma alternativa no modo gratuito.<br \/>\u00a0<br \/><strong>Tem certificado?<\/strong><br \/>Sim.<\/p>","protected":false},"excerpt":{"rendered":"<p>O curso interno Portal de Vagas CIT &#8211; Administrador \u00e9 voltado para ensinar os administradores do portal de vagas a como fazer a gest\u00e3o do mesmo.\u00a0O que voc\u00ea aprender\u00e1 no curso?\u00a0&#8211; Como acessar o Portal de Vagas- Administrador&#8211; Expirar vagas&#8211; Alterar e-mails de candidatos&#8211; Consultar informa\u00e7\u00f5es de candidatos e empregadores&#8211; Configurar funcionalidades do portal&#8211; Entre outros.\u00a0Para quem \u00e9 este curso?\u00a0Esse curso \u00e9 destinado a profissionais que atuam como administradores.\u00a0D\u00favidas comuns:Consigo fazer o curso apenas utilizando meu celular?SimQuais materiais preciso para fazer este curso?Voc\u00ea precisar\u00e1 de um celular ou computador com acesso a internet. Os programas que usaremos durante o curso s\u00e3o na sua maioria gratuitos e mesmo os programas pagos ter\u00e3o uma alternativa no modo gratuito.\u00a0Tem certificado?Sim.<\/p>","protected":false},"featured_media":49002,"comment_status":"open","ping_status":"closed","template":"","meta":{"_acf_changed":false},"product_brand":[],"product_cat":[154,149,220,148],"product_tag":[],"class_list":{"0":"post-49001","1":"product","2":"type-product","3":"status-publish","4":"has-post-thumbnail","6":"product_cat-organizacao","7":"product_cat-desenvolvimento-pessoal","8":"product_cat-externocidadao","9":"product_cat-softwares","11":"first","12":"instock","13":"shipping-taxable","14":"product-type-external"},"acf":[],"_links":{"self":[{"href":"https:\/\/ead.barueri.sp.gov.br\/en\/wp-json\/wp\/v2\/product\/49001","targetHints":{"allow":["GET"]}}],"collection":[{"href":"https:\/\/ead.barueri.sp.gov.br\/en\/wp-json\/wp\/v2\/product"}],"about":[{"href":"https:\/\/ead.barueri.sp.gov.br\/en\/wp-json\/wp\/v2\/types\/product"}],"replies":[{"embeddable":true,"href":"https:\/\/ead.barueri.sp.gov.br\/en\/wp-json\/wp\/v2\/comments?post=49001"}],"wp:featuredmedia":[{"embeddable":true,"href":"https:\/\/ead.barueri.sp.gov.br\/en\/wp-json\/wp\/v2\/media\/49002"}],"wp:attachment":[{"href":"https:\/\/ead.barueri.sp.gov.br\/en\/wp-json\/wp\/v2\/media?parent=49001"}],"wp:term":[{"taxonomy":"product_brand","embeddable":true,"href":"https:\/\/ead.barueri.sp.gov.br\/en\/wp-json\/wp\/v2\/product_brand?post=49001"},{"taxonomy":"product_cat","embeddable":true,"href":"https:\/\/ead.barueri.sp.gov.br\/en\/wp-json\/wp\/v2\/product_cat?post=49001"},{"taxonomy":"product_tag","embeddable":true,"href":"https:\/\/ead.barueri.sp.gov.br\/en\/wp-json\/wp\/v2\/product_tag?post=49001"}],"curies":[{"name":"wp","href":"https:\/\/api.w.org\/{rel}","templated":true}]}}