{"id":33420,"date":"2025-03-28T16:00:29","date_gmt":"2025-03-28T19:00:29","guid":{"rendered":"https:\/\/ead.barueri.sp.gov.br\/?post_type=product&#038;p=33420"},"modified":"2025-12-14T13:35:49","modified_gmt":"2025-12-14T16:35:49","slug":"curso-barueri-inova-tech-curso-avancado-de-sites-com-wordpress-e-elementor","status":"publish","type":"product","link":"https:\/\/ead.barueri.sp.gov.br\/en\/product\/curso-barueri-inova-tech-curso-avancado-de-sites-com-wordpress-e-elementor\/","title":{"rendered":"CURSO: Barueri Inova Tech: Curso Avan\u00e7ado de Sites com WordPress e Elementor"},"content":{"rendered":"<p><strong>DESCRI\u00c7\u00c3O<\/strong><\/p>\n<p>Nosso curso exclusivo para estagi\u00e1rios do Inova\u00e7\u00e3o Barueri oferece uma abordagem pr\u00e1tica e eficiente para criar sites incr\u00edveis em poucas horas! Aprenda a utilizar o WordPress, Elementor e uma sele\u00e7\u00e3o de plugins selecionados para adicionar funcionalidades surpreendentes aos seus projetos. Experimente uma jornada de aprendizado que transformar\u00e1 sua habilidade de desenvolvimento web!<\/p>\n<p><strong>O que voc\u00ea aprender\u00e1 no curso?<\/strong><\/p>\n<p>Voc\u00ea receber\u00e1 instru\u00e7\u00e3o detalhada sobre o uso eficaz do WordPress, Elementor e uma variedade de plugins essenciais para criar sites de forma r\u00e1pida e eficiente e ainda atrelado ao painel gerencial.<\/p>\n<p><strong>Para quem \u00e9 este curso?<\/strong><\/p>\n<p>Estagi\u00e1rios do Inova\u00e7\u00e3o Barueri<\/p>\n<p><strong>D\u00favidas comuns:<\/strong><\/p>\n<p><strong>Consigo fazer o curso apenas utilizando meu celular?<\/strong><br \/>Sim<\/p>\n<p><strong>Quais materiais preciso para fazer este curso?<\/strong><br \/>Voc\u00ea precisar\u00e1 de um celular ou computador com acesso a internet. Os programas que usaremos durante o curso s\u00e3o na sua maioria gratuitos e mesmo os programas pagos ter\u00e3o uma alternativa no modo gratuito.<\/p>\n<p><strong>Sou um estagi\u00e1rio que acabei de iniciar, qual \u00e9 o meu passo n\u00famero 1?<\/strong><br \/>Inicie se inscrevendo neste curso e seguindo TODAS as etapas.<\/p>\n<p><strong>Tem certificado?<\/strong><br \/>Sim.<\/p>","protected":false},"excerpt":{"rendered":"<p>DESCRI\u00c7\u00c3O Nosso curso exclusivo para estagi\u00e1rios do Inova\u00e7\u00e3o Barueri oferece uma abordagem pr\u00e1tica e eficiente para criar sites incr\u00edveis em poucas horas! Aprenda a utilizar o WordPress, Elementor e uma sele\u00e7\u00e3o de plugins selecionados para adicionar funcionalidades surpreendentes aos seus projetos. Experimente uma jornada de aprendizado que transformar\u00e1 sua habilidade de desenvolvimento web! O que voc\u00ea aprender\u00e1 no curso? Voc\u00ea receber\u00e1 instru\u00e7\u00e3o detalhada sobre o uso eficaz do WordPress, Elementor e uma variedade de plugins essenciais para criar sites de forma r\u00e1pida e eficiente e ainda atrelado ao painel gerencial. Para quem \u00e9 este curso? Estagi\u00e1rios do Inova\u00e7\u00e3o Barueri D\u00favidas comuns: Consigo fazer o curso apenas utilizando meu celular?Sim Quais materiais preciso para fazer este curso?Voc\u00ea precisar\u00e1 de um celular ou computador com acesso a internet. Os programas que usaremos durante o curso s\u00e3o na sua maioria gratuitos e mesmo os programas pagos ter\u00e3o uma alternativa no modo gratuito. Sou um estagi\u00e1rio que acabei de iniciar, qual \u00e9 o meu passo n\u00famero 1?Inicie se inscrevendo neste curso e seguindo TODAS as etapas. Tem certificado?Sim.<\/p>","protected":false},"featured_media":33421,"comment_status":"open","ping_status":"closed","template":"","meta":{"_acf_changed":false},"product_brand":[],"product_cat":[243,205,153,148],"product_tag":[],"class_list":{"0":"post-33420","1":"product","2":"type-product","3":"status-publish","4":"has-post-thumbnail","6":"product_cat-criacao-de-apps-sites","7":"product_cat-informatica","8":"product_cat-estagiarios","9":"product_cat-softwares","11":"first","12":"instock","13":"shipping-taxable","14":"product-type-external"},"acf":[],"_links":{"self":[{"href":"https:\/\/ead.barueri.sp.gov.br\/en\/wp-json\/wp\/v2\/product\/33420","targetHints":{"allow":["GET"]}}],"collection":[{"href":"https:\/\/ead.barueri.sp.gov.br\/en\/wp-json\/wp\/v2\/product"}],"about":[{"href":"https:\/\/ead.barueri.sp.gov.br\/en\/wp-json\/wp\/v2\/types\/product"}],"replies":[{"embeddable":true,"href":"https:\/\/ead.barueri.sp.gov.br\/en\/wp-json\/wp\/v2\/comments?post=33420"}],"wp:featuredmedia":[{"embeddable":true,"href":"https:\/\/ead.barueri.sp.gov.br\/en\/wp-json\/wp\/v2\/media\/33421"}],"wp:attachment":[{"href":"https:\/\/ead.barueri.sp.gov.br\/en\/wp-json\/wp\/v2\/media?parent=33420"}],"wp:term":[{"taxonomy":"product_brand","embeddable":true,"href":"https:\/\/ead.barueri.sp.gov.br\/en\/wp-json\/wp\/v2\/product_brand?post=33420"},{"taxonomy":"product_cat","embeddable":true,"href":"https:\/\/ead.barueri.sp.gov.br\/en\/wp-json\/wp\/v2\/product_cat?post=33420"},{"taxonomy":"product_tag","embeddable":true,"href":"https:\/\/ead.barueri.sp.gov.br\/en\/wp-json\/wp\/v2\/product_tag?post=33420"}],"curies":[{"name":"wp","href":"https:\/\/api.w.org\/{rel}","templated":true}]}}