{"id":33418,"date":"2025-03-28T15:54:30","date_gmt":"2025-03-28T18:54:30","guid":{"rendered":"https:\/\/ead.barueri.sp.gov.br\/?post_type=product&#038;p=33418"},"modified":"2025-04-23T18:43:57","modified_gmt":"2025-04-23T21:43:57","slug":"curso-express-wordpress-plugin-gamipress","status":"publish","type":"product","link":"https:\/\/ead.barueri.sp.gov.br\/en\/product\/curso-express-wordpress-plugin-gamipress\/","title":{"rendered":"Curso Express: WordPress &#8211;  Plugin GamiPress"},"content":{"rendered":"<p><strong>DESCRI\u00c7\u00c3O (para o curso express):<\/strong><br \/>Este curso express oferece uma vis\u00e3o completa sobre como implementar estrat\u00e9gias de gamifica\u00e7\u00e3o, como pontos, conquistas e rankings, para motivar usu\u00e1rios e aumentar sua participa\u00e7\u00e3o. Aprenda a transformar o engajamento do seu site com o GamiPress, o poderoso plugin de gamifica\u00e7\u00e3o para WordPress.<\/p>\n<p><strong>O que voc\u00ea aprender\u00e1 no curso?<\/strong><br \/>Introdu\u00e7\u00e3o a GamiPress;<br \/>Recursos;<br \/>Configura\u00e7\u00f5es;<br \/>Requisitos;<br \/>Cria\u00e7\u00e3o de Ranks.<\/p>\n<p><strong>Para quem \u00e9 este curso?<\/strong><br \/>Estagi\u00e1rios<br \/>Funcion\u00e1rios<br \/>Cidad\u00e3o<\/p>\n<p><strong>D\u00favidas comuns:<\/strong><br \/><strong>Consigo fazer o curso apenas utilizando meu celular?<\/strong><br \/>Sim<br \/><strong>Quais materiais preciso para fazer este curso?<\/strong><br \/>Voc\u00ea precisar\u00e1 de um celular ou computador com acesso a internet.<\/p>\n<p><strong>Tem certificado?<\/strong><br \/>Sim.<\/p>","protected":false},"excerpt":{"rendered":"<p>DESCRI\u00c7\u00c3O (para o curso express):Este curso express oferece uma vis\u00e3o completa sobre como implementar estrat\u00e9gias de gamifica\u00e7\u00e3o, como pontos, conquistas e rankings, para motivar usu\u00e1rios e aumentar sua participa\u00e7\u00e3o. Aprenda a transformar o engajamento do seu site com o GamiPress, o poderoso plugin de gamifica\u00e7\u00e3o para WordPress. O que voc\u00ea aprender\u00e1 no curso?Introdu\u00e7\u00e3o a GamiPress;Recursos;Configura\u00e7\u00f5es;Requisitos;Cria\u00e7\u00e3o de Ranks. Para quem \u00e9 este curso?Estagi\u00e1riosFuncion\u00e1riosCidad\u00e3o D\u00favidas comuns:Consigo fazer o curso apenas utilizando meu celular?SimQuais materiais preciso para fazer este curso?Voc\u00ea precisar\u00e1 de um celular ou computador com acesso a internet. Tem certificado?Sim.<\/p>","protected":false},"featured_media":33419,"comment_status":"open","ping_status":"closed","template":"","meta":{"_acf_changed":false},"product_brand":[],"product_cat":[243,205,153,148],"product_tag":[],"class_list":{"0":"post-33418","1":"product","2":"type-product","3":"status-publish","4":"has-post-thumbnail","6":"product_cat-criacao-de-apps-sites","7":"product_cat-informatica","8":"product_cat-estagiarios","9":"product_cat-softwares","11":"first","12":"instock","13":"shipping-taxable","14":"product-type-external"},"acf":[],"_links":{"self":[{"href":"https:\/\/ead.barueri.sp.gov.br\/en\/wp-json\/wp\/v2\/product\/33418","targetHints":{"allow":["GET"]}}],"collection":[{"href":"https:\/\/ead.barueri.sp.gov.br\/en\/wp-json\/wp\/v2\/product"}],"about":[{"href":"https:\/\/ead.barueri.sp.gov.br\/en\/wp-json\/wp\/v2\/types\/product"}],"replies":[{"embeddable":true,"href":"https:\/\/ead.barueri.sp.gov.br\/en\/wp-json\/wp\/v2\/comments?post=33418"}],"wp:featuredmedia":[{"embeddable":true,"href":"https:\/\/ead.barueri.sp.gov.br\/en\/wp-json\/wp\/v2\/media\/33419"}],"wp:attachment":[{"href":"https:\/\/ead.barueri.sp.gov.br\/en\/wp-json\/wp\/v2\/media?parent=33418"}],"wp:term":[{"taxonomy":"product_brand","embeddable":true,"href":"https:\/\/ead.barueri.sp.gov.br\/en\/wp-json\/wp\/v2\/product_brand?post=33418"},{"taxonomy":"product_cat","embeddable":true,"href":"https:\/\/ead.barueri.sp.gov.br\/en\/wp-json\/wp\/v2\/product_cat?post=33418"},{"taxonomy":"product_tag","embeddable":true,"href":"https:\/\/ead.barueri.sp.gov.br\/en\/wp-json\/wp\/v2\/product_tag?post=33418"}],"curies":[{"name":"wp","href":"https:\/\/api.w.org\/{rel}","templated":true}]}}