{"id":33416,"date":"2025-03-28T15:45:12","date_gmt":"2025-03-28T18:45:12","guid":{"rendered":"https:\/\/ead.barueri.sp.gov.br\/?post_type=product&#038;p=33416"},"modified":"2025-04-23T17:28:28","modified_gmt":"2025-04-23T20:28:28","slug":"curso-express-metaverso-2","status":"publish","type":"product","link":"https:\/\/ead.barueri.sp.gov.br\/en\/product\/curso-express-metaverso-2\/","title":{"rendered":"Curso Express: Metaverso"},"content":{"rendered":"<p><strong>DESCRI\u00c7\u00c3O<\/strong><\/p>\n<p>Bem-vindo ao &#8220;Metaverso&#8221;, prepare-se para uma jornada importante e extraordin\u00e1ria, neste curso completo que te levar\u00e1 a desvendar Metaverso, a tecnologia revolucion\u00e1ria que est\u00e1 moldando o futuro da sociedade e da tecnologia.\u00a0<\/p>\n<p><strong>O que voc\u00ea aprender\u00e1 no curso?<\/strong><br \/>Desvendar\u00e1 os segredos do Metaverso;\u00a0<br \/>Aprender\u00e1 como acessar o Metaverso;\u00a0<br \/>Aprender\u00e1 o que \u00e9 poss\u00edvel fazer no metaverso, como cursos por exemplo;\u00a0<br \/>Compreender\u00e1 a import\u00e2ncia do Metaverso;<br \/>Explorar\u00e1 metaversos existentes como o Spatial, por exemplo.<\/p>\n<p><strong>Para quem \u00e9 este curso?<\/strong><br \/>Estagi\u00e1rios<br \/>Funcion\u00e1rios<br \/>Cidad\u00e3o<\/p>\n<p><strong>D\u00favidas comuns:<\/strong><br \/>Consigo fazer o curso apenas utilizando meu celular?<br \/>Sim<\/p>\n<p><strong>Quais materiais preciso para fazer este curso?<\/strong><br \/>Voc\u00ea precisar\u00e1 de um celular ou computador com acesso a internet. Os programas que usaremos durante o curso s\u00e3o na sua maioria gratuitos e mesmo os programas pagos ter\u00e3o uma alternativa no modo gratuito.<\/p>\n<p><strong>Tem certificado?<\/strong><br \/>Sim.<\/p>\n<p><strong>No meu certificado constar\u00e1 que o curso foi feito no metaverso?<\/strong><br \/>Sim<\/p>\n<p><strong>Para fazer o curso no metaverso \u00e9 preciso estes \u00f3culos de realidade aumentada?<\/strong><br \/>N\u00e3o \u00e9 necess\u00e1rio usar \u00f3culos de realidade aumentada, mas se voc\u00ea tiver e desejar usar, voc\u00ea poder\u00e1 e ter\u00e1 uma experi\u00eancia muito mais divertida e imersiva.<\/p>","protected":false},"excerpt":{"rendered":"<p>DESCRI\u00c7\u00c3O Bem-vindo ao &#8220;Metaverso&#8221;, prepare-se para uma jornada importante e extraordin\u00e1ria, neste curso completo que te levar\u00e1 a desvendar Metaverso, a tecnologia revolucion\u00e1ria que est\u00e1 moldando o futuro da sociedade e da tecnologia.\u00a0 O que voc\u00ea aprender\u00e1 no curso?Desvendar\u00e1 os segredos do Metaverso;\u00a0Aprender\u00e1 como acessar o Metaverso;\u00a0Aprender\u00e1 o que \u00e9 poss\u00edvel fazer no metaverso, como cursos por exemplo;\u00a0Compreender\u00e1 a import\u00e2ncia do Metaverso;Explorar\u00e1 metaversos existentes como o Spatial, por exemplo. Para quem \u00e9 este curso?Estagi\u00e1riosFuncion\u00e1riosCidad\u00e3o D\u00favidas comuns:Consigo fazer o curso apenas utilizando meu celular?Sim Quais materiais preciso para fazer este curso?Voc\u00ea precisar\u00e1 de um celular ou computador com acesso a internet. Os programas que usaremos durante o curso s\u00e3o na sua maioria gratuitos e mesmo os programas pagos ter\u00e3o uma alternativa no modo gratuito. Tem certificado?Sim. No meu certificado constar\u00e1 que o curso foi feito no metaverso?Sim Para fazer o curso no metaverso \u00e9 preciso estes \u00f3culos de realidade aumentada?N\u00e3o \u00e9 necess\u00e1rio usar \u00f3culos de realidade aumentada, mas se voc\u00ea tiver e desejar usar, voc\u00ea poder\u00e1 e ter\u00e1 uma experi\u00eancia muito mais divertida e imersiva.<\/p>","protected":false},"featured_media":33417,"comment_status":"open","ping_status":"closed","template":"","meta":{"_acf_changed":false},"product_brand":[],"product_cat":[145,153,220,152],"product_tag":[],"class_list":{"0":"post-33416","1":"product","2":"type-product","3":"status-publish","4":"has-post-thumbnail","6":"product_cat-metaverso","7":"product_cat-estagiarios","8":"product_cat-externocidadao","9":"product_cat-funcionarios","11":"first","12":"instock","13":"shipping-taxable","14":"product-type-external"},"acf":[],"_links":{"self":[{"href":"https:\/\/ead.barueri.sp.gov.br\/en\/wp-json\/wp\/v2\/product\/33416","targetHints":{"allow":["GET"]}}],"collection":[{"href":"https:\/\/ead.barueri.sp.gov.br\/en\/wp-json\/wp\/v2\/product"}],"about":[{"href":"https:\/\/ead.barueri.sp.gov.br\/en\/wp-json\/wp\/v2\/types\/product"}],"replies":[{"embeddable":true,"href":"https:\/\/ead.barueri.sp.gov.br\/en\/wp-json\/wp\/v2\/comments?post=33416"}],"wp:featuredmedia":[{"embeddable":true,"href":"https:\/\/ead.barueri.sp.gov.br\/en\/wp-json\/wp\/v2\/media\/33417"}],"wp:attachment":[{"href":"https:\/\/ead.barueri.sp.gov.br\/en\/wp-json\/wp\/v2\/media?parent=33416"}],"wp:term":[{"taxonomy":"product_brand","embeddable":true,"href":"https:\/\/ead.barueri.sp.gov.br\/en\/wp-json\/wp\/v2\/product_brand?post=33416"},{"taxonomy":"product_cat","embeddable":true,"href":"https:\/\/ead.barueri.sp.gov.br\/en\/wp-json\/wp\/v2\/product_cat?post=33416"},{"taxonomy":"product_tag","embeddable":true,"href":"https:\/\/ead.barueri.sp.gov.br\/en\/wp-json\/wp\/v2\/product_tag?post=33416"}],"curies":[{"name":"wp","href":"https:\/\/api.w.org\/{rel}","templated":true}]}}