{"id":33353,"date":"2025-03-10T14:47:38","date_gmt":"2025-03-10T17:47:38","guid":{"rendered":"https:\/\/ead.barueri.sp.gov.br\/?post_type=product&#038;p=33353"},"modified":"2025-09-18T13:17:19","modified_gmt":"2025-09-18T16:17:19","slug":"curso-operacao-de-tv-programacao-24h-no-ar","status":"publish","type":"product","link":"https:\/\/ead.barueri.sp.gov.br\/en\/product\/curso-operacao-de-tv-programacao-24h-no-ar\/","title":{"rendered":"Curso Opera\u00e7\u00e3o de TV &#8211; Programa\u00e7\u00e3o 24h no ar"},"content":{"rendered":"<p><strong>DESCRI\u00c7\u00c3O<\/strong><br \/>Prepare-se para uma jornada pr\u00e1tica e completa no universo da transmiss\u00e3o cont\u00ednua de programas de TV. No curso &#8220;TV Inova\u00e7\u00e3o Barueri &#8211; Programa\u00e7\u00e3o 24h no Ar,&#8221; voc\u00ea aprender\u00e1 as t\u00e9cnicas essenciais para manter a programa\u00e7\u00e3o da TV Inova\u00e7\u00e3o Barueri no ar de forma ininterrupta, reprisando programas da grade das 8h \u00e0s 19h. Tudo isso ser\u00e1 poss\u00edvel gra\u00e7as ao poder combinado das renomadas ferramentas OBS Studio e VLC.<br \/>O VLC media player, uma aplica\u00e7\u00e3o de c\u00f3digo aberto e multiplataforma desenvolvida pelo projeto VideoLAN, ser\u00e1 a sua ferramenta-chave para criar listas de reprodu\u00e7\u00e3o abrangentes e eficientes. Voc\u00ea ser\u00e1 capaz de reunir os v\u00eddeos e comerciais necess\u00e1rios para o dia, organizando-os de maneira a garantir uma experi\u00eancia de visualiza\u00e7\u00e3o perfeita.<br \/>Ao dominar o OBS Studio, voc\u00ea assumir\u00e1 o controle total sobre suas transmiss\u00f5es. Aprofundaremos o processo de configura\u00e7\u00e3o, ensinando como integrar o OBS Studio ao VLC para receber a lista de reprodu\u00e7\u00e3o, permitindo uma transmiss\u00e3o autom\u00e1tica e sem falhas no YouTube. Isso resultar\u00e1 em uma experi\u00eancia de visualiza\u00e7\u00e3o imersiva e de alta qualidade para o p\u00fablico.<\/p>\n<p><strong>O que voc\u00ea aprender\u00e1 no curso?<\/strong><br \/>Descobrimento do VLC<br \/>Introdu\u00e7\u00e3o ao VLC: configura\u00e7\u00f5es<br \/>Passo a passo da instala\u00e7\u00e3o do VLC<br \/>Colocar seus arquivos no VLC<br \/>Introdu\u00e7\u00e3o ao OBS Studio<br \/>Instalando o OBS<br \/>Configurando a Lista de Reprodu\u00e7\u00e3o no OBS Studio para fazer o programa no YouTube<br \/>Configurando o YouTube<br \/>Reaproveitar listas<\/p>\n<p><strong>Para quem \u00e9 este curso?<\/strong><br \/>Interno &#8211; para os estagi\u00e1rios do Inova\u00e7\u00e3o Barueri<\/p>\n<p><strong>Carga hor\u00e1ria:<\/strong><br \/>10 horas<\/p>\n<p><strong>D\u00favidas comuns:<\/strong><br \/>Consigo fazer o curso apenas utilizando meu celular?<br \/>Sim<br \/>Quais materiais preciso para fazer este curso?<br \/>Voc\u00ea precisar\u00e1 de um celular ou computador com acesso a internet. Os programas que usaremos durante o curso s\u00e3o na sua maioria gratuitos e mesmo os programas pagos ter\u00e3o uma alternativa no modo gratuito.<\/p>\n<p><strong>Tem certificado?<\/strong><br \/>Sim.<\/p>","protected":false},"excerpt":{"rendered":"<p>DESCRI\u00c7\u00c3OPrepare-se para uma jornada pr\u00e1tica e completa no universo da transmiss\u00e3o cont\u00ednua de programas de TV. No curso &#8220;TV Inova\u00e7\u00e3o Barueri &#8211; Programa\u00e7\u00e3o 24h no Ar,&#8221; voc\u00ea aprender\u00e1 as t\u00e9cnicas essenciais para manter a programa\u00e7\u00e3o da TV Inova\u00e7\u00e3o Barueri no ar de forma ininterrupta, reprisando programas da grade das 8h \u00e0s 19h. Tudo isso ser\u00e1 poss\u00edvel gra\u00e7as ao poder combinado das renomadas ferramentas OBS Studio e VLC.O VLC media player, uma aplica\u00e7\u00e3o de c\u00f3digo aberto e multiplataforma desenvolvida pelo projeto VideoLAN, ser\u00e1 a sua ferramenta-chave para criar listas de reprodu\u00e7\u00e3o abrangentes e eficientes. Voc\u00ea ser\u00e1 capaz de reunir os v\u00eddeos e comerciais necess\u00e1rios para o dia, organizando-os de maneira a garantir uma experi\u00eancia de visualiza\u00e7\u00e3o perfeita.Ao dominar o OBS Studio, voc\u00ea assumir\u00e1 o controle total sobre suas transmiss\u00f5es. Aprofundaremos o processo de configura\u00e7\u00e3o, ensinando como integrar o OBS Studio ao VLC para receber a lista de reprodu\u00e7\u00e3o, permitindo uma transmiss\u00e3o autom\u00e1tica e sem falhas no YouTube. Isso resultar\u00e1 em uma experi\u00eancia de visualiza\u00e7\u00e3o imersiva e de alta qualidade para o p\u00fablico. O que voc\u00ea aprender\u00e1 no curso?Descobrimento do VLCIntrodu\u00e7\u00e3o ao VLC: configura\u00e7\u00f5esPasso a passo da instala\u00e7\u00e3o do VLCColocar seus arquivos no VLCIntrodu\u00e7\u00e3o ao OBS StudioInstalando o OBSConfigurando a Lista de Reprodu\u00e7\u00e3o no OBS Studio para fazer o programa no YouTubeConfigurando o YouTubeReaproveitar listas Para quem \u00e9 este curso?Interno &#8211; para os estagi\u00e1rios do Inova\u00e7\u00e3o Barueri Carga hor\u00e1ria:10 horas D\u00favidas comuns:Consigo fazer o curso apenas utilizando meu celular?SimQuais materiais preciso para fazer este curso?Voc\u00ea precisar\u00e1 de um celular ou computador com acesso a internet. Os programas que usaremos durante o curso s\u00e3o na sua maioria gratuitos e mesmo os programas pagos ter\u00e3o uma alternativa no modo gratuito. Tem certificado?Sim.<\/p>","protected":false},"featured_media":33354,"comment_status":"open","ping_status":"closed","template":"","meta":{"_acf_changed":false},"product_brand":[],"product_cat":[150,153,221,225],"product_tag":[],"class_list":{"0":"post-33353","1":"product","2":"type-product","3":"status-publish","4":"has-post-thumbnail","6":"product_cat-aparelhos-tecnicos","7":"product_cat-estagiarios","8":"product_cat-operador-de-tv","9":"product_cat-radio-e-podcast","11":"first","12":"instock","13":"shipping-taxable","14":"product-type-external"},"acf":[],"_links":{"self":[{"href":"https:\/\/ead.barueri.sp.gov.br\/en\/wp-json\/wp\/v2\/product\/33353","targetHints":{"allow":["GET"]}}],"collection":[{"href":"https:\/\/ead.barueri.sp.gov.br\/en\/wp-json\/wp\/v2\/product"}],"about":[{"href":"https:\/\/ead.barueri.sp.gov.br\/en\/wp-json\/wp\/v2\/types\/product"}],"replies":[{"embeddable":true,"href":"https:\/\/ead.barueri.sp.gov.br\/en\/wp-json\/wp\/v2\/comments?post=33353"}],"wp:featuredmedia":[{"embeddable":true,"href":"https:\/\/ead.barueri.sp.gov.br\/en\/wp-json\/wp\/v2\/media\/33354"}],"wp:attachment":[{"href":"https:\/\/ead.barueri.sp.gov.br\/en\/wp-json\/wp\/v2\/media?parent=33353"}],"wp:term":[{"taxonomy":"product_brand","embeddable":true,"href":"https:\/\/ead.barueri.sp.gov.br\/en\/wp-json\/wp\/v2\/product_brand?post=33353"},{"taxonomy":"product_cat","embeddable":true,"href":"https:\/\/ead.barueri.sp.gov.br\/en\/wp-json\/wp\/v2\/product_cat?post=33353"},{"taxonomy":"product_tag","embeddable":true,"href":"https:\/\/ead.barueri.sp.gov.br\/en\/wp-json\/wp\/v2\/product_tag?post=33353"}],"curies":[{"name":"wp","href":"https:\/\/api.w.org\/{rel}","templated":true}]}}