{"id":33299,"date":"2025-02-18T16:23:08","date_gmt":"2025-02-18T19:23:08","guid":{"rendered":"https:\/\/ead.barueri.sp.gov.br\/?post_type=product&#038;p=33299"},"modified":"2025-02-18T16:34:09","modified_gmt":"2025-02-18T19:34:09","slug":"curso-express-wordpress-plugin-google-site-kit","status":"publish","type":"product","link":"https:\/\/ead.barueri.sp.gov.br\/en\/product\/curso-express-wordpress-plugin-google-site-kit\/","title":{"rendered":"Curso Express WordPress &#8211; Plugin Google Site Kit"},"content":{"rendered":"<p><strong>Descri\u00e7\u00e3o do evento<\/strong><br \/>Este curso r\u00e1pido e pr\u00e1tico foi desenvolvido para quem deseja explorar ao m\u00e1ximo as funcionalidades do plugin Google Site Kit no WordPress.<\/p>\n<p><strong>O que voc\u00ea aprender\u00e1 no curso?<\/strong><br \/>Como fazer a Instala\u00e7\u00e3o e Ativa\u00e7\u00e3o, do Plugin;<br \/>Como Configurar;<br \/>Quais as Integra\u00e7\u00f5es e Funcionalidade;<br \/>Os Or\u00e7amentos;<br \/>Quais os Recursos necess\u00e1rios;<br \/>Planos alternativos.<\/p>\n<p><strong>Para quem \u00e9 este curso?<\/strong><br \/>Estagi\u00e1rios<br \/>Funcion\u00e1rios<\/p>\n<p><strong>D\u00favidas comuns:<\/strong><br \/><strong>Consigo fazer o curso apenas utilizando meu celular?<\/strong><br \/>Sim.<br \/><strong>Quais materiais preciso para fazer este curso?<\/strong><br \/>Voc\u00ea precisar\u00e1 de um celular ou computador com acesso a internet.<\/p>\n<p><strong>Tem certificado?<\/strong><br \/>Sim.<\/p>","protected":false},"excerpt":{"rendered":"<p>Descri\u00e7\u00e3o do eventoEste curso r\u00e1pido e pr\u00e1tico foi desenvolvido para quem deseja explorar ao m\u00e1ximo as funcionalidades do plugin Google Site Kit no WordPress. O que voc\u00ea aprender\u00e1 no curso?Como fazer a Instala\u00e7\u00e3o e Ativa\u00e7\u00e3o, do Plugin;Como Configurar;Quais as Integra\u00e7\u00f5es e Funcionalidade;Os Or\u00e7amentos;Quais os Recursos necess\u00e1rios;Planos alternativos. Para quem \u00e9 este curso?Estagi\u00e1riosFuncion\u00e1rios D\u00favidas comuns:Consigo fazer o curso apenas utilizando meu celular?Sim.Quais materiais preciso para fazer este curso?Voc\u00ea precisar\u00e1 de um celular ou computador com acesso a internet. Tem certificado?Sim.<\/p>","protected":false},"featured_media":33300,"comment_status":"open","ping_status":"closed","template":"","meta":{"_acf_changed":false},"product_brand":[],"product_cat":[153,152],"product_tag":[],"class_list":{"0":"post-33299","1":"product","2":"type-product","3":"status-publish","4":"has-post-thumbnail","6":"product_cat-estagiarios","7":"product_cat-funcionarios","9":"first","10":"instock","11":"shipping-taxable","12":"product-type-external"},"acf":[],"_links":{"self":[{"href":"https:\/\/ead.barueri.sp.gov.br\/en\/wp-json\/wp\/v2\/product\/33299","targetHints":{"allow":["GET"]}}],"collection":[{"href":"https:\/\/ead.barueri.sp.gov.br\/en\/wp-json\/wp\/v2\/product"}],"about":[{"href":"https:\/\/ead.barueri.sp.gov.br\/en\/wp-json\/wp\/v2\/types\/product"}],"replies":[{"embeddable":true,"href":"https:\/\/ead.barueri.sp.gov.br\/en\/wp-json\/wp\/v2\/comments?post=33299"}],"wp:featuredmedia":[{"embeddable":true,"href":"https:\/\/ead.barueri.sp.gov.br\/en\/wp-json\/wp\/v2\/media\/33300"}],"wp:attachment":[{"href":"https:\/\/ead.barueri.sp.gov.br\/en\/wp-json\/wp\/v2\/media?parent=33299"}],"wp:term":[{"taxonomy":"product_brand","embeddable":true,"href":"https:\/\/ead.barueri.sp.gov.br\/en\/wp-json\/wp\/v2\/product_brand?post=33299"},{"taxonomy":"product_cat","embeddable":true,"href":"https:\/\/ead.barueri.sp.gov.br\/en\/wp-json\/wp\/v2\/product_cat?post=33299"},{"taxonomy":"product_tag","embeddable":true,"href":"https:\/\/ead.barueri.sp.gov.br\/en\/wp-json\/wp\/v2\/product_tag?post=33299"}],"curies":[{"name":"wp","href":"https:\/\/api.w.org\/{rel}","templated":true}]}}