{"id":32717,"date":"2024-12-19T14:35:59","date_gmt":"2024-12-19T17:35:59","guid":{"rendered":"https:\/\/ead.barueri.sp.gov.br\/?post_type=product&#038;p=32717"},"modified":"2025-09-18T13:22:12","modified_gmt":"2025-09-18T16:22:12","slug":"curso-programa-de-desenvolvimento-de-talentos-estagiarios","status":"publish","type":"product","link":"https:\/\/ead.barueri.sp.gov.br\/en\/product\/curso-programa-de-desenvolvimento-de-talentos-estagiarios\/","title":{"rendered":"CURSO: Programa de Desenvolvimento de Talentos &#8211; Estagi\u00e1rios"},"content":{"rendered":"<p>O que voc\u00ea aprender\u00e1<\/p>\n<p>Aprender\u00e1 a usar as ferramentas do curso.<\/p>\n<p>Desenvolvimento Profissonal<\/p>\n<p>Descri\u00e7\u00e3o do evento<br \/>Este curso do\u00a0<strong>Programa de Desenvolvimento de Talentos<\/strong>\u00a0\u00e9 voltado em especial para os<strong>\u00a0estagi\u00e1rios<\/strong>\u00a0do\u00a0<strong>Inova\u00e7\u00e3o Barueri<\/strong>, aqui haver\u00e1 um guia completo de todas as capacita\u00e7\u00f5es dos mais diversos temas, para que de fato os talentos possam ser devolvidos.<br \/>Como saber se uma pessoa tem habilidades em\u00a0<strong>design<\/strong>\u00a0se isto n\u00e3o for testado? Como saberei se tenho talentos para desenvolver ambientes no\u00a0<strong>metaverso<\/strong>? Ent\u00e3o \u00e9 justamente para isto que serve o programa, dispor<strong>\u00a0conhecimento<\/strong>,\u00a0<strong>direcionamento<\/strong>\u00a0e\u00a0<strong>oportunidades<\/strong>\u00a0para que o estagi\u00e1rio construa sua estrada de evolu\u00e7\u00e3o pessoal e profissional.<\/p>\n<p><strong>O que voc\u00ea aprender\u00e1 no curso?<\/strong><\/p>\n<p>o curso de capacita\u00e7\u00e3o fornecer\u00e1 as ferramentas e conhecimentos necess\u00e1rios para que voc\u00ea possa desempenhar suas fun\u00e7\u00f5es de forma eficaz e contribuir para o sucesso da sua vida profissional durante o seu per\u00edodo como estagi\u00e1rio.<\/p>\n<p><strong>Para quem \u00e9 este curso?<\/strong><\/p>\n<p>Este curso \u00e9 direcionado aos novos estagi\u00e1rios que est\u00e3o trilhando esse novo caminho, capacitando-os para avan\u00e7ar e prosperar tanto na empresa quanto na vida profissional.<\/p>\n<p><strong>D\u00favidas comuns:<\/strong><\/p>\n<p><strong>Consigo fazer o curso apenas utilizando meu celular?<\/strong><br \/>Sim<\/p>\n<p><strong>Quais materiais preciso para fazer este curso?<\/strong><br \/>Voc\u00ea precisar\u00e1 de um celular ou computador com acesso a internet. Os programas que usaremos durante o curso s\u00e3o na sua maioria gratuitos e mesmo os programas pagos ter\u00e3o uma alternativa no modo gratuito.<\/p>\n<p><strong>Sou um estagi\u00e1rio que acabei de iniciar, qual \u00e9 o meu passo n\u00famero 1?<\/strong><br \/>Inicie se inscrevendo neste curso e seguindo TODAS as etapas.<\/p>\n<p><strong>Tem certificado?<\/strong><br \/>Sim.<\/p>\n<p>Estrutura<br \/>M\u00d3DULO 0 &#8211; INTRODU\u00c7\u00c3O<br \/>M\u00d3DULO 1 &#8211; Capacita\u00e7\u00e3o Inicial<br \/>M\u00d3DULO 2 &#8211; Curso Plataforma de Trabalho em Equipe na Nuvem &#8211; Trello e Clickup<br \/>M\u00d3DULO 3 &#8211; CURSO OCAM- Grava\u00e7\u00e3o dos cursos para o Canal TV Inova\u00e7\u00e3o Barueri<br \/>M\u00d3DULO 4 &#8211; CURSO Produ\u00e7\u00e3o e Distribui\u00e7\u00e3o de Podcasts em M\u00faltiplas Plataformas<br \/>M\u00d3DULO 5 &#8211; CURSO Opera\u00e7\u00e3o da Impressora 3D<br \/>M\u00d3DULO 6 &#8211; CURSO PLATAFORMA OBS &#8211; OPERA\u00c7\u00c3O DA TV INOVA\u00c7\u00c3O BARUERI<br \/>M\u00d3DULO 7 &#8211; Curso ETUS &#8211; PLATAFORMA DE AGENDAMENTO E GEST\u00c3O DE REDES SOCIAIS<br \/>M\u00d3DULO 8 &#8211; Curso PLATAFORMA DE EVENTOS E INSCRI\u00c7\u00d5ES SYMPLA &#8211; INTERNO<br \/>M\u00d3DULO 9 &#8211; CURSO T\u00c9CNICO DE PLOTTER DE RECORTE<br \/>M\u00d3DULO 10 &#8211; CURSO MAPEAMENTO DE MAT\u00c9RIAS<br \/>M\u00d3DULO 11 &#8211; Inova+Canva: Design com Intelig\u00eancia Artificial no Metaverso<br \/>M\u00d3DULO 12 &#8211; CURSO GOOGLE DASHBOARDS<br \/>M\u00d3DULO 13 &#8211; CURSO Opera\u00e7\u00e3o do Google Dashboard &#8211; Programa de Lan\u00e7amento de Talentos<br \/>M\u00d3DULO 14 &#8211; Curso Cria\u00e7\u00e3o de Avatar no Metaverso<br \/>M\u00d3DULO 15 &#8211; CURSO PRODUTIVIDADE EXTREMA 5.0<br \/>M\u00d3DULO DE PROJETOS INICIAIS<br \/>M\u00d3DULO 16 &#8211; CURSO Internet e Marketing Digital &#8211; Do zero ao Atual &#8211; Pr\u00e1tico<br \/>M\u00d3DULO 17 &#8211; Curso Cria\u00e7\u00e3o de Ambientes no Metaverso<br \/>M\u00d3DULO 18 &#8211; CURSO DE ELETR\u00d4NICA &#8211; Constru\u00e7\u00e3o de Sensor de luz noturna<br \/>M\u00d3DULO 19 &#8211; ENVIO DE EMAIL EM MASSA &#8211; INTERNO INOVA\u00c7\u00c3O BARUERI<br \/>M\u00d3DULO 20 &#8211; CURSO DE ROB\u00d3TICA &#8211; ROB\u00d4 SEGUIDOR DE LINHA<br \/>M\u00d3DULO 22 &#8211; CURSO POR DENTRO DO PROGRAMA DE E-MAIL EM MASSA<br \/>M\u00d3DULO 23 &#8211; curso TIFLUX &#8211; Plataforma de Gest\u00e3o de Ticket&#8217;s\/ Incidentes<br \/>M\u00d3DULO 24 &#8211; curso MENTORIA &#8211; PROGRAMA DESENVOLVIMENTO DE TALENTOS &#8211; INOVA\u00c7\u00c3O BARUERI<br \/>M\u00d3DULO 25 &#8211; curso web R\u00c1DIO INOVA\u00c7\u00c3O BARUERI<br \/>M\u00d3DULO 26 &#8211; Curso &#8211; cria\u00e7\u00e3o de Apps &#8211; f\u00e1brica de apps<br \/>M\u00d3DULO 27 &#8211; CURSO POR DENTRO DO PROGRAMA DE E-MAIL EM MASSA &#8211; INTERNO INOVA\u00c7\u00c3O BARUERI (PROGRAMADOR)<br \/>M\u00d3DULO 28 &#8211; CURSO DE M\u00c1QUINA DE HOLOGRAMA &#8211; CURSO INTERNO INOVA\u00c7\u00c3O -ESTAGS<br \/>M\u00d3DULO 29 &#8211; CURSO Barueri Inova Tech: Curso Avan\u00e7ado de Sites com WordPress e Elementor &#8211; INTERNO<br \/>M\u00d3DULO 30 &#8211; CURSO Academia de Gestores: Desenvolvendo Talentos para o Futuro &#8211; CURSO INTERNO<br \/>M\u00d3DULO FINAL &#8211; ATIVIDADES FINAIS<\/p>\n<p>P\u00fablico<br \/>Estagi\u00e1rios do Inova\u00e7\u00e3o Barueri<\/p>","protected":false},"excerpt":{"rendered":"<p>O que voc\u00ea aprender\u00e1 Aprender\u00e1 a usar as ferramentas do curso. Desenvolvimento Profissonal Descri\u00e7\u00e3o do eventoEste curso do\u00a0Programa de Desenvolvimento de Talentos\u00a0\u00e9 voltado em especial para os\u00a0estagi\u00e1rios\u00a0do\u00a0Inova\u00e7\u00e3o Barueri, aqui haver\u00e1 um guia completo de todas as capacita\u00e7\u00f5es dos mais diversos temas, para que de fato os talentos possam ser devolvidos.Como saber se uma pessoa tem habilidades em\u00a0design\u00a0se isto n\u00e3o for testado? Como saberei se tenho talentos para desenvolver ambientes no\u00a0metaverso? Ent\u00e3o \u00e9 justamente para isto que serve o programa, dispor\u00a0conhecimento,\u00a0direcionamento\u00a0e\u00a0oportunidades\u00a0para que o estagi\u00e1rio construa sua estrada de evolu\u00e7\u00e3o pessoal e profissional. O que voc\u00ea aprender\u00e1 no curso? o curso de capacita\u00e7\u00e3o fornecer\u00e1 as ferramentas e conhecimentos necess\u00e1rios para que voc\u00ea possa desempenhar suas fun\u00e7\u00f5es de forma eficaz e contribuir para o sucesso da sua vida profissional durante o seu per\u00edodo como estagi\u00e1rio. Para quem \u00e9 este curso? Este curso \u00e9 direcionado aos novos estagi\u00e1rios que est\u00e3o trilhando esse novo caminho, capacitando-os para avan\u00e7ar e prosperar tanto na empresa quanto na vida profissional. D\u00favidas comuns: Consigo fazer o curso apenas utilizando meu celular?Sim Quais materiais preciso para fazer este curso?Voc\u00ea precisar\u00e1 de um celular ou computador com acesso a internet. Os programas que usaremos durante o curso s\u00e3o na sua maioria gratuitos e mesmo os programas pagos ter\u00e3o uma alternativa no modo gratuito. Sou um estagi\u00e1rio que acabei de iniciar, qual \u00e9 o meu passo n\u00famero 1?Inicie se inscrevendo neste curso e seguindo TODAS as etapas. Tem certificado?Sim. EstruturaM\u00d3DULO 0 &#8211; INTRODU\u00c7\u00c3OM\u00d3DULO 1 &#8211; Capacita\u00e7\u00e3o InicialM\u00d3DULO 2 &#8211; Curso Plataforma de Trabalho em Equipe na Nuvem &#8211; Trello e ClickupM\u00d3DULO 3 &#8211; CURSO OCAM- Grava\u00e7\u00e3o dos cursos para o Canal TV Inova\u00e7\u00e3o BarueriM\u00d3DULO 4 &#8211; CURSO Produ\u00e7\u00e3o e Distribui\u00e7\u00e3o de Podcasts em M\u00faltiplas PlataformasM\u00d3DULO 5 &#8211; CURSO Opera\u00e7\u00e3o da Impressora 3DM\u00d3DULO 6 &#8211; CURSO PLATAFORMA OBS &#8211; OPERA\u00c7\u00c3O DA TV INOVA\u00c7\u00c3O BARUERIM\u00d3DULO 7 &#8211; Curso ETUS &#8211; PLATAFORMA DE AGENDAMENTO E GEST\u00c3O DE REDES SOCIAISM\u00d3DULO 8 &#8211; Curso PLATAFORMA DE EVENTOS E INSCRI\u00c7\u00d5ES SYMPLA &#8211; INTERNOM\u00d3DULO 9 &#8211; CURSO T\u00c9CNICO DE PLOTTER DE RECORTEM\u00d3DULO 10 &#8211; CURSO MAPEAMENTO DE MAT\u00c9RIASM\u00d3DULO 11 &#8211; Inova+Canva: Design com Intelig\u00eancia Artificial no MetaversoM\u00d3DULO 12 &#8211; CURSO GOOGLE DASHBOARDSM\u00d3DULO 13 &#8211; CURSO Opera\u00e7\u00e3o do Google Dashboard &#8211; Programa de Lan\u00e7amento de TalentosM\u00d3DULO 14 &#8211; Curso Cria\u00e7\u00e3o de Avatar no MetaversoM\u00d3DULO 15 &#8211; CURSO PRODUTIVIDADE EXTREMA 5.0M\u00d3DULO DE PROJETOS INICIAISM\u00d3DULO 16 &#8211; CURSO Internet e Marketing Digital &#8211; Do zero ao Atual &#8211; Pr\u00e1ticoM\u00d3DULO 17 &#8211; Curso Cria\u00e7\u00e3o de Ambientes no MetaversoM\u00d3DULO 18 &#8211; CURSO DE ELETR\u00d4NICA &#8211; Constru\u00e7\u00e3o de Sensor de luz noturnaM\u00d3DULO 19 &#8211; ENVIO DE EMAIL EM MASSA &#8211; INTERNO INOVA\u00c7\u00c3O BARUERIM\u00d3DULO 20 &#8211; CURSO DE ROB\u00d3TICA &#8211; ROB\u00d4 SEGUIDOR DE LINHAM\u00d3DULO 22 &#8211; CURSO POR DENTRO DO PROGRAMA DE E-MAIL EM MASSAM\u00d3DULO 23 &#8211; curso TIFLUX &#8211; Plataforma de Gest\u00e3o de Ticket&#8217;s\/ IncidentesM\u00d3DULO 24 &#8211; curso MENTORIA &#8211; PROGRAMA DESENVOLVIMENTO DE TALENTOS &#8211; INOVA\u00c7\u00c3O BARUERIM\u00d3DULO 25 &#8211; curso web R\u00c1DIO INOVA\u00c7\u00c3O BARUERIM\u00d3DULO 26 &#8211; Curso &#8211; cria\u00e7\u00e3o de Apps &#8211; f\u00e1brica de appsM\u00d3DULO 27 &#8211; CURSO POR DENTRO DO PROGRAMA DE E-MAIL EM MASSA &#8211; INTERNO INOVA\u00c7\u00c3O BARUERI (PROGRAMADOR)M\u00d3DULO 28 &#8211; CURSO DE M\u00c1QUINA DE HOLOGRAMA &#8211; CURSO INTERNO INOVA\u00c7\u00c3O -ESTAGSM\u00d3DULO 29 &#8211; CURSO Barueri Inova Tech: Curso Avan\u00e7ado de Sites com WordPress e Elementor &#8211; INTERNOM\u00d3DULO 30 &#8211; CURSO Academia de Gestores: Desenvolvendo Talentos para o Futuro &#8211; CURSO INTERNOM\u00d3DULO FINAL &#8211; ATIVIDADES FINAIS P\u00fablicoEstagi\u00e1rios do Inova\u00e7\u00e3o Barueri<\/p>","protected":false},"featured_media":32718,"comment_status":"open","ping_status":"closed","template":"","meta":{"_acf_changed":false},"product_brand":[],"product_cat":[243,246,204,205,146,145,154,206,150,227,149,153,224,223,247,221,226,225,147,222,148],"product_tag":[],"class_list":{"0":"post-32717","1":"product","2":"type-product","3":"status-publish","4":"has-post-thumbnail","6":"product_cat-criacao-de-apps-sites","7":"product_cat-criacao-de-jogo","8":"product_cat-design","9":"product_cat-informatica","10":"product_cat-marketing","11":"product_cat-metaverso","12":"product_cat-organizacao","13":"product_cat-saude","14":"product_cat-aparelhos-tecnicos","15":"product_cat-avatar","16":"product_cat-desenvolvimento-pessoal","17":"product_cat-estagiarios","18":"product_cat-holograma","19":"product_cat-impressao-3d","20":"product_cat-ia","21":"product_cat-operador-de-tv","22":"product_cat-plotter","23":"product_cat-radio-e-podcast","24":"product_cat-redes-sociais","25":"product_cat-robotica","26":"product_cat-softwares","28":"first","29":"instock","30":"shipping-taxable","31":"product-type-external"},"acf":[],"_links":{"self":[{"href":"https:\/\/ead.barueri.sp.gov.br\/en\/wp-json\/wp\/v2\/product\/32717","targetHints":{"allow":["GET"]}}],"collection":[{"href":"https:\/\/ead.barueri.sp.gov.br\/en\/wp-json\/wp\/v2\/product"}],"about":[{"href":"https:\/\/ead.barueri.sp.gov.br\/en\/wp-json\/wp\/v2\/types\/product"}],"replies":[{"embeddable":true,"href":"https:\/\/ead.barueri.sp.gov.br\/en\/wp-json\/wp\/v2\/comments?post=32717"}],"wp:featuredmedia":[{"embeddable":true,"href":"https:\/\/ead.barueri.sp.gov.br\/en\/wp-json\/wp\/v2\/media\/32718"}],"wp:attachment":[{"href":"https:\/\/ead.barueri.sp.gov.br\/en\/wp-json\/wp\/v2\/media?parent=32717"}],"wp:term":[{"taxonomy":"product_brand","embeddable":true,"href":"https:\/\/ead.barueri.sp.gov.br\/en\/wp-json\/wp\/v2\/product_brand?post=32717"},{"taxonomy":"product_cat","embeddable":true,"href":"https:\/\/ead.barueri.sp.gov.br\/en\/wp-json\/wp\/v2\/product_cat?post=32717"},{"taxonomy":"product_tag","embeddable":true,"href":"https:\/\/ead.barueri.sp.gov.br\/en\/wp-json\/wp\/v2\/product_tag?post=32717"}],"curies":[{"name":"wp","href":"https:\/\/api.w.org\/{rel}","templated":true}]}}