{"id":32711,"date":"2024-12-19T14:11:48","date_gmt":"2024-12-19T17:11:48","guid":{"rendered":"https:\/\/ead.barueri.sp.gov.br\/?post_type=product&#038;p=32711"},"modified":"2025-06-04T06:30:51","modified_gmt":"2025-06-04T09:30:51","slug":"metaverso-criacao-de-site-express-com-canva","status":"publish","type":"product","link":"https:\/\/ead.barueri.sp.gov.br\/en\/product\/metaverso-criacao-de-site-express-com-canva\/","title":{"rendered":"METAVERSO: Cria\u00e7\u00e3o de Site Express com Canva"},"content":{"rendered":"<p><strong>DESCRI\u00c7\u00c3O<\/strong><br \/>Neste curso express, voc\u00ea vai descobrir como utilizar o <strong>Canva<\/strong> para desenvolver um site moderno e funcional de forma simples e r\u00e1pida, sem precisar de conhecimentos t\u00e9cnicos em programa\u00e7\u00e3o. A proposta do curso \u00e9 ensinar um m\u00e9todo pr\u00e1tico para criar p\u00e1ginas incr\u00edveis, ideais para portf\u00f3lios, neg\u00f3cios, eventos e muito mais.<\/p>\n<p><strong>O que voc\u00ea aprender\u00e1 no curso?<\/strong><br \/>\u2013 Entenda como entrar e se destacar nesse novo universo digital;<br \/>\u2013 Descubra como cada pessoa \u00e9 uma marca e como usar o marketing a seu favor;<br \/>\u2013 Utilize as redes sociais estrategicamente para neg\u00f3cios e crescimento pessoal;<br \/>\u2013 Crie artes e sites de forma simples, mesmo sem experi\u00eancia pr\u00e9via;<br \/>\u2013 Aprenda a produzir conte\u00fado e copywriting com IA para otimizar seu tempo;<br \/>\u2013 Conhe\u00e7a ferramentas que tornam a gest\u00e3o de m\u00eddias mais produtiva;<br \/>\u2013 Crie seu primeiro post patrocinado e atraia mais clientes.<\/p>\n<p><strong>Para quem \u00e9 este curso?<\/strong><br \/>Estagi\u00e1rios<br \/>Funcion\u00e1rios<br \/>Cidad\u00e3o<\/p>\n<p><strong>D\u00favidas comuns:<\/strong><\/p>\n<p><strong>Consigo fazer o curso apenas utilizando meu celular?<\/strong><br \/>Sim<br \/><strong>No meu certificado constar\u00e1 que o curso foi feito no metaverso?<\/strong><br \/>Sim<br \/><strong>Para fazer o curso no metaverso \u00e9 preciso estes \u00f3culos de realidade aumentada?<\/strong><br \/>N\u00e3o \u00e9 necess\u00e1rio usar \u00f3culos de realidade aumentada, mas se voc\u00ea tiver e desejar usar, voc\u00ea poder\u00e1 e ter\u00e1 uma experi\u00eancia muito mais divertida e imersiva.<br \/><strong>Quais materiais preciso para fazer este curso?<\/strong><br \/>Voc\u00ea precisar\u00e1 de um celular ou computador com acesso a internet. Os programas que usaremos durante o curso s\u00e3o na sua maioria gratuitos e mesmo os programas pagos ter\u00e3o uma alternativa no modo gratuito.<\/p>\n<p><strong>P\u00fablico<\/strong><br \/>A partir de 14 anos<\/p>","protected":false},"excerpt":{"rendered":"<p>DESCRI\u00c7\u00c3ONeste curso express, voc\u00ea vai descobrir como utilizar o Canva para desenvolver um site moderno e funcional de forma simples e r\u00e1pida, sem precisar de conhecimentos t\u00e9cnicos em programa\u00e7\u00e3o. A proposta do curso \u00e9 ensinar um m\u00e9todo pr\u00e1tico para criar p\u00e1ginas incr\u00edveis, ideais para portf\u00f3lios, neg\u00f3cios, eventos e muito mais. O que voc\u00ea aprender\u00e1 no curso?\u2013 Entenda como entrar e se destacar nesse novo universo digital;\u2013 Descubra como cada pessoa \u00e9 uma marca e como usar o marketing a seu favor;\u2013 Utilize as redes sociais estrategicamente para neg\u00f3cios e crescimento pessoal;\u2013 Crie artes e sites de forma simples, mesmo sem experi\u00eancia pr\u00e9via;\u2013 Aprenda a produzir conte\u00fado e copywriting com IA para otimizar seu tempo;\u2013 Conhe\u00e7a ferramentas que tornam a gest\u00e3o de m\u00eddias mais produtiva;\u2013 Crie seu primeiro post patrocinado e atraia mais clientes. Para quem \u00e9 este curso?Estagi\u00e1riosFuncion\u00e1riosCidad\u00e3o D\u00favidas comuns: Consigo fazer o curso apenas utilizando meu celular?SimNo meu certificado constar\u00e1 que o curso foi feito no metaverso?SimPara fazer o curso no metaverso \u00e9 preciso estes \u00f3culos de realidade aumentada?N\u00e3o \u00e9 necess\u00e1rio usar \u00f3culos de realidade aumentada, mas se voc\u00ea tiver e desejar usar, voc\u00ea poder\u00e1 e ter\u00e1 uma experi\u00eancia muito mais divertida e imersiva.Quais materiais preciso para fazer este curso?Voc\u00ea precisar\u00e1 de um celular ou computador com acesso a internet. Os programas que usaremos durante o curso s\u00e3o na sua maioria gratuitos e mesmo os programas pagos ter\u00e3o uma alternativa no modo gratuito. P\u00fablicoA partir de 14 anos<\/p>","protected":false},"featured_media":32712,"comment_status":"open","ping_status":"closed","template":"","meta":{"_acf_changed":false},"product_brand":[],"product_cat":[243,145,153,220,152,151],"product_tag":[],"class_list":{"0":"post-32711","1":"product","2":"type-product","3":"status-publish","4":"has-post-thumbnail","6":"product_cat-criacao-de-apps-sites","7":"product_cat-metaverso","8":"product_cat-estagiarios","9":"product_cat-externocidadao","10":"product_cat-funcionarios","11":"product_cat-para-todos","13":"first","14":"instock","15":"shipping-taxable","16":"product-type-external"},"acf":[],"_links":{"self":[{"href":"https:\/\/ead.barueri.sp.gov.br\/en\/wp-json\/wp\/v2\/product\/32711","targetHints":{"allow":["GET"]}}],"collection":[{"href":"https:\/\/ead.barueri.sp.gov.br\/en\/wp-json\/wp\/v2\/product"}],"about":[{"href":"https:\/\/ead.barueri.sp.gov.br\/en\/wp-json\/wp\/v2\/types\/product"}],"replies":[{"embeddable":true,"href":"https:\/\/ead.barueri.sp.gov.br\/en\/wp-json\/wp\/v2\/comments?post=32711"}],"wp:featuredmedia":[{"embeddable":true,"href":"https:\/\/ead.barueri.sp.gov.br\/en\/wp-json\/wp\/v2\/media\/32712"}],"wp:attachment":[{"href":"https:\/\/ead.barueri.sp.gov.br\/en\/wp-json\/wp\/v2\/media?parent=32711"}],"wp:term":[{"taxonomy":"product_brand","embeddable":true,"href":"https:\/\/ead.barueri.sp.gov.br\/en\/wp-json\/wp\/v2\/product_brand?post=32711"},{"taxonomy":"product_cat","embeddable":true,"href":"https:\/\/ead.barueri.sp.gov.br\/en\/wp-json\/wp\/v2\/product_cat?post=32711"},{"taxonomy":"product_tag","embeddable":true,"href":"https:\/\/ead.barueri.sp.gov.br\/en\/wp-json\/wp\/v2\/product_tag?post=32711"}],"curies":[{"name":"wp","href":"https:\/\/api.w.org\/{rel}","templated":true}]}}