{"id":32709,"date":"2024-12-19T14:05:55","date_gmt":"2024-12-19T17:05:55","guid":{"rendered":"https:\/\/ead.barueri.sp.gov.br\/?post_type=product&#038;p=32709"},"modified":"2025-03-27T14:59:54","modified_gmt":"2025-03-27T17:59:54","slug":"portal-de-vagas-cit-administrador","status":"publish","type":"product","link":"https:\/\/ead.barueri.sp.gov.br\/en\/product\/portal-de-vagas-cit-administrador\/","title":{"rendered":"Portal de vagas CIT &#8211; Administrador"},"content":{"rendered":"<p>Descri\u00e7\u00e3o do evento<br \/>O curso interno Portal de Vagas CIT &#8211; Administrador \u00e9 voltado para ensinar os administradores do portal de vagas a como fazer a gest\u00e3o do mesmo.<\/p>\n<p><strong>O que voc\u00ea aprender\u00e1 no curso?<\/strong><\/p>\n<p>&#8211; Como acessar o Portal de Vagas- Administrador<br \/>&#8211; Expirar vagas<br \/>&#8211; Alterar e-mails de candidatos<br \/>&#8211; Consultar informa\u00e7\u00f5es de candidatos e empregadores<br \/>&#8211; Configurar funcionalidades do portal<br \/>&#8211; Entre outros.<\/p>\n<p><strong>Para quem \u00e9 este curso?<\/strong><\/p>\n<p>Esse curso \u00e9 destinado a profissionais que atuam como administradores.<\/p>\n<p><strong>D\u00favidas comuns:<\/strong><br \/>Consigo fazer o curso apenas utilizando meu celular?<br \/>Sim<br \/>Quais materiais preciso para fazer este curso?<br \/>Voc\u00ea precisar\u00e1 de um celular ou computador com acesso a internet. Os programas que usaremos durante o curso s\u00e3o na sua maioria gratuitos e mesmo os programas pagos ter\u00e3o uma alternativa no modo gratuito.<\/p>\n<p><strong>Tem certificado?<\/strong><br \/>Sim.<\/p>\n<p>Estrutura<br \/>Modulo 1 &#8211; ( em breve )<br \/>M1 &#8211; A1 &#8211; Introdu\u00e7\u00e3o ao Portal de Vagas<br \/>M1 &#8211; A3 &#8211; Consultas a Candidatos e Empregadores<br \/>M1 &#8211; A4 &#8211; Relat\u00f3rios Sobre os Empregadores<br \/>M1 &#8211; A5 &#8211; Configura\u00e7\u00f5es do Portal de Vagas<br \/>Expirar Vagas e Corre\u00e7\u00f5es de E-mail<\/p>\n<p>P\u00fablico<br \/>Administradores<\/p>","protected":false},"excerpt":{"rendered":"<p>Descri\u00e7\u00e3o do eventoO curso interno Portal de Vagas CIT &#8211; Administrador \u00e9 voltado para ensinar os administradores do portal de vagas a como fazer a gest\u00e3o do mesmo. O que voc\u00ea aprender\u00e1 no curso? &#8211; Como acessar o Portal de Vagas- Administrador&#8211; Expirar vagas&#8211; Alterar e-mails de candidatos&#8211; Consultar informa\u00e7\u00f5es de candidatos e empregadores&#8211; Configurar funcionalidades do portal&#8211; Entre outros. Para quem \u00e9 este curso? Esse curso \u00e9 destinado a profissionais que atuam como administradores. D\u00favidas comuns:Consigo fazer o curso apenas utilizando meu celular?SimQuais materiais preciso para fazer este curso?Voc\u00ea precisar\u00e1 de um celular ou computador com acesso a internet. Os programas que usaremos durante o curso s\u00e3o na sua maioria gratuitos e mesmo os programas pagos ter\u00e3o uma alternativa no modo gratuito. Tem certificado?Sim. EstruturaModulo 1 &#8211; ( em breve )M1 &#8211; A1 &#8211; Introdu\u00e7\u00e3o ao Portal de VagasM1 &#8211; A3 &#8211; Consultas a Candidatos e EmpregadoresM1 &#8211; A4 &#8211; Relat\u00f3rios Sobre os EmpregadoresM1 &#8211; A5 &#8211; Configura\u00e7\u00f5es do Portal de VagasExpirar Vagas e Corre\u00e7\u00f5es de E-mail P\u00fablicoAdministradores<\/p>","protected":false},"featured_media":32710,"comment_status":"open","ping_status":"closed","template":"","meta":{"_acf_changed":false},"product_brand":[],"product_cat":[153,152],"product_tag":[],"class_list":{"0":"post-32709","1":"product","2":"type-product","3":"status-publish","4":"has-post-thumbnail","6":"product_cat-estagiarios","7":"product_cat-funcionarios","9":"first","10":"instock","11":"shipping-taxable","12":"product-type-external"},"acf":[],"_links":{"self":[{"href":"https:\/\/ead.barueri.sp.gov.br\/en\/wp-json\/wp\/v2\/product\/32709","targetHints":{"allow":["GET"]}}],"collection":[{"href":"https:\/\/ead.barueri.sp.gov.br\/en\/wp-json\/wp\/v2\/product"}],"about":[{"href":"https:\/\/ead.barueri.sp.gov.br\/en\/wp-json\/wp\/v2\/types\/product"}],"replies":[{"embeddable":true,"href":"https:\/\/ead.barueri.sp.gov.br\/en\/wp-json\/wp\/v2\/comments?post=32709"}],"wp:featuredmedia":[{"embeddable":true,"href":"https:\/\/ead.barueri.sp.gov.br\/en\/wp-json\/wp\/v2\/media\/32710"}],"wp:attachment":[{"href":"https:\/\/ead.barueri.sp.gov.br\/en\/wp-json\/wp\/v2\/media?parent=32709"}],"wp:term":[{"taxonomy":"product_brand","embeddable":true,"href":"https:\/\/ead.barueri.sp.gov.br\/en\/wp-json\/wp\/v2\/product_brand?post=32709"},{"taxonomy":"product_cat","embeddable":true,"href":"https:\/\/ead.barueri.sp.gov.br\/en\/wp-json\/wp\/v2\/product_cat?post=32709"},{"taxonomy":"product_tag","embeddable":true,"href":"https:\/\/ead.barueri.sp.gov.br\/en\/wp-json\/wp\/v2\/product_tag?post=32709"}],"curies":[{"name":"wp","href":"https:\/\/api.w.org\/{rel}","templated":true}]}}