{"id":32704,"date":"2024-12-19T13:59:39","date_gmt":"2024-12-19T16:59:39","guid":{"rendered":"https:\/\/ead.barueri.sp.gov.br\/?post_type=product&#038;p=32704"},"modified":"2025-09-18T13:18:18","modified_gmt":"2025-09-18T16:18:18","slug":"metaverso-chatgpt-inteligencia-artificial-express","status":"publish","type":"product","link":"https:\/\/ead.barueri.sp.gov.br\/en\/product\/metaverso-chatgpt-inteligencia-artificial-express\/","title":{"rendered":"Metaverso: CHATGPT &#8211; Intelig\u00eancia Artificial Express"},"content":{"rendered":"<p>Descri\u00e7\u00e3o do evento  <br \/><strong>Descritivo do Curso:<\/strong><br \/>Neste curso imersivo no metaverso, voc\u00ea aprender\u00e1 a utilizar o ChatGPT, uma poderosa ferramenta de intelig\u00eancia artificial para criar conte\u00fado de forma eficiente e interativa. Durante o curso, voc\u00ea descobrir\u00e1 como otimizar a produ\u00e7\u00e3o de textos, automatizar tarefas e resolver problemas de maneira criativa atrav\u00e9s da IA.<br \/>Com o pr\u00e9-requisito de conhecimentos b\u00e1sicos de Canva, voc\u00ea ter\u00e1 a oportunidade de integrar design e texto, potencializando a cria\u00e7\u00e3o de materiais visuais e textuais de alto impacto.<br \/>Seja voc\u00ea um criador de conte\u00fado, designer ou empreendedor, este curso vai transformar a maneira como voc\u00ea interage com a IA e o design.<\/p>\n<p><strong>P\u00fablico alvo:<\/strong><br \/>a partir de 14 anos<\/p>\n<p><strong>O que voc\u00ea aprender\u00e1:<\/strong><br \/>Este INOVADOR curso te far\u00e1 aprender a como entrar no metaverso.<br \/>Aprender\u00e1 novas formas de produzir conte\u00fado atrav\u00e9s do uso da intelig\u00eancia artificial mesmo que n\u00e3o haja conhecimento pr\u00e9vio no assunto.<br \/>Como usar ferramentas automatizadoras para fazer o trabalho de gest\u00e3o de redes sociais muito mais produtivo.<br \/>Muito mais.<\/p>\n<p><strong>Para quem \u00e9 este curso?<\/strong><br \/>Pessoas que desejam conhecer e entrar no metaverso.<br \/>Pessoas que desejam aprender como usar a intelig\u00eancia artificial no seu dia a dia.<\/p>\n<p><strong>D\u00favidas comuns:<\/strong><br \/>Consigo fazer o curso apenas utilizando meu celular?<br \/>Sim<br \/>No meu certificado constar\u00e1 que o curso foi feito no metaverso?<br \/>Sim<br \/>Para fazer o curso no metaverso \u00e9 preciso estes \u00f3culos de realidade aumentada?<br \/>N\u00e3o \u00e9 necess\u00e1rio usar \u00f3culos de realidade aumentada, mas se voc\u00ea tiver e desejar usar, voc\u00ea poder\u00e1 e ter\u00e1 uma experi\u00eancia muito mais divertida e imersiva.<br \/>Quais materiais preciso para fazer este curso?<br \/>Voc\u00ea precisar\u00e1 de um celular ou computador com acesso a internet. Os programas que usaremos durante o curso s\u00e3o na sua maioria gratuitos e mesmo os programas pagos ter\u00e3o uma alternativa no modo gratuito.<\/p>\n<p><strong>Requisitos<\/strong><br \/>N\u00e3o \u00e9 necess\u00e1rio conhecimento pr\u00e9vio de Canva.<br \/>Voc\u00ea deve estar pronto para agir, colocar na pr\u00e1tica e ver resultados reais!<br \/>O desejo de dominar as redes sociais e o marketing digital<br \/>Desejo de aprender sobre intelig\u00eancia artificial<\/p>\n<p><strong>Conhe\u00e7a sobre a professora:<\/strong><br \/><img decoding=\"async\" src=\"https:\/\/images.sympla.com.br\/66f6e7480d27d.png\"><\/p>\n<p><strong>Observa\u00e7\u00e3o:<\/strong><br \/>Para uma melhor experi\u00eancia no metaverso \u00e9 indiciado ter um dispositivo com 4GB ou mais de mem\u00f3ria RAM e um processador de 8\u00b0 \u00e0 12\u00b0 gera\u00e7\u00e3o. Ao entrar na sala aguarde alguns segundos para o v\u00eddeo ser carregado.<\/p>\n<p><strong>Fique \u00e0 vontade para me contatar, enviar suas d\u00favidas ou sugest\u00f5es.<\/strong><\/p>\n<p>Estrutura<br \/>M\u00f3dulo 1: Boas Vindas<br \/>M1 &#8211; Aula 1: Introdu\u00e7\u00e3o<br \/>M1 &#8211; Aula 1: Tarefa<br \/>M1 &#8211; Aula 2: Como aproveitar melhor o curso?<br \/>M1 &#8211; Aula 3: Como ser\u00e1 este curso no Metaverso?<br \/>M1 &#8211; Aula 4: O que voc\u00ea vai aprender?<br \/>M1 &#8211; Aula 4: Tarefa<br \/>M\u00f3dulo 2: Uso de intelig\u00eancia artificial para fazer seu trabalho 100x mais r\u00e1pido<br \/>M4 &#8211; Aula 1: Intelig\u00eancias Artificiais<br \/>Exerc\u00edcio<br \/>Exerc\u00edcio<br \/>Exerc\u00edcio<br \/>M4 &#8211; Aula 2: Introdu\u00e7\u00e3o ao ChatGPT<br \/>Exerc\u00edcio<br \/>Exerc\u00edcio<br \/>M4 &#8211; Aula 3: Cadastro no Chatgpt<br \/>Exerc\u00edcio<br \/>Exerc\u00edcio<br \/>M4 &#8211; Aula 3: Tarefa<br \/>M4 &#8211; Aula 4: Como usar o ChatGpt<br \/>Exerc\u00edcio<br \/>Exerc\u00edcio<br \/>M4 &#8211; Aula 4: Tarefa 1<br \/>M4 &#8211; Aula 4: Tarefa 2<br \/>M4 &#8211; Aula 5: Usar chatpgpt para criar 100 frases motivacionais para postagem<br \/>Exerc\u00edcio<br \/>M4 &#8211; Aula 6: Criar 100 artes com 3 cliques<br \/>Exerc\u00edcio<br \/>M4 &#8211; Aula 6: Tarefa<br \/>M4 &#8211; Aula 7: Usar chatpgpt para criar Calend\u00e1rio de publica\u00e7\u00f5es do m\u00eas<br \/>Exerc\u00edcio<br \/>M4 &#8211; Aula 7: Tarefa<br \/>M4 &#8211; Aula 8: Edi\u00e7\u00e3o de fotos com IA &#8211; borracha m\u00e1gica<br \/>Exerc\u00edcio<br \/>M4 &#8211; Aula 9: Edi\u00e7\u00e3o de fotos com IA &#8211; edi\u00e7\u00e3o m\u00e1gica<br \/>Exerc\u00edcio<br \/>M4 &#8211; Aula 9: Tarefa<br \/>M4 &#8211; Aula 10: Veja a m\u00e1gica: criar uma apresenta\u00e7\u00e3o a partir de um simples texto.<br \/>Exerc\u00edcio<br \/>M\u00f3dulo 3: Metaverso<br \/>Aula 1: O que \u00e9 o Metaverso?<br \/>Exerc\u00edcio<br \/>Exerc\u00edcio<br \/>Aula 2: Como acessar o Metaverso?<br \/>Exerc\u00edcio<br \/>Aula 3: Porque devo conhecer esta tecnologia?<br \/>Exerc\u00edcio<br \/>Tarefa 1<br \/>Tarefa 2<br \/>Tarefa 3<\/p>\n<p>P\u00fablico<br \/>A partir de 14 anos<\/p>","protected":false},"excerpt":{"rendered":"<p>Descri\u00e7\u00e3o do evento Descritivo do Curso:Neste curso imersivo no metaverso, voc\u00ea aprender\u00e1 a utilizar o ChatGPT, uma poderosa ferramenta de intelig\u00eancia artificial para criar conte\u00fado de forma eficiente e interativa. Durante o curso, voc\u00ea descobrir\u00e1 como otimizar a produ\u00e7\u00e3o de textos, automatizar tarefas e resolver problemas de maneira criativa atrav\u00e9s da IA.Com o pr\u00e9-requisito de conhecimentos b\u00e1sicos de Canva, voc\u00ea ter\u00e1 a oportunidade de integrar design e texto, potencializando a cria\u00e7\u00e3o de materiais visuais e textuais de alto impacto.Seja voc\u00ea um criador de conte\u00fado, designer ou empreendedor, este curso vai transformar a maneira como voc\u00ea interage com a IA e o design. P\u00fablico alvo:a partir de 14 anos O que voc\u00ea aprender\u00e1:Este INOVADOR curso te far\u00e1 aprender a como entrar no metaverso.Aprender\u00e1 novas formas de produzir conte\u00fado atrav\u00e9s do uso da intelig\u00eancia artificial mesmo que n\u00e3o haja conhecimento pr\u00e9vio no assunto.Como usar ferramentas automatizadoras para fazer o trabalho de gest\u00e3o de redes sociais muito mais produtivo.Muito mais. Para quem \u00e9 este curso?Pessoas que desejam conhecer e entrar no metaverso.Pessoas que desejam aprender como usar a intelig\u00eancia artificial no seu dia a dia. D\u00favidas comuns:Consigo fazer o curso apenas utilizando meu celular?SimNo meu certificado constar\u00e1 que o curso foi feito no metaverso?SimPara fazer o curso no metaverso \u00e9 preciso estes \u00f3culos de realidade aumentada?N\u00e3o \u00e9 necess\u00e1rio usar \u00f3culos de realidade aumentada, mas se voc\u00ea tiver e desejar usar, voc\u00ea poder\u00e1 e ter\u00e1 uma experi\u00eancia muito mais divertida e imersiva.Quais materiais preciso para fazer este curso?Voc\u00ea precisar\u00e1 de um celular ou computador com acesso a internet. Os programas que usaremos durante o curso s\u00e3o na sua maioria gratuitos e mesmo os programas pagos ter\u00e3o uma alternativa no modo gratuito. RequisitosN\u00e3o \u00e9 necess\u00e1rio conhecimento pr\u00e9vio de Canva.Voc\u00ea deve estar pronto para agir, colocar na pr\u00e1tica e ver resultados reais!O desejo de dominar as redes sociais e o marketing digitalDesejo de aprender sobre intelig\u00eancia artificial Conhe\u00e7a sobre a professora: Observa\u00e7\u00e3o:Para uma melhor experi\u00eancia no metaverso \u00e9 indiciado ter um dispositivo com 4GB ou mais de mem\u00f3ria RAM e um processador de 8\u00b0 \u00e0 12\u00b0 gera\u00e7\u00e3o. Ao entrar na sala aguarde alguns segundos para o v\u00eddeo ser carregado. Fique \u00e0 vontade para me contatar, enviar suas d\u00favidas ou sugest\u00f5es. EstruturaM\u00f3dulo 1: Boas VindasM1 &#8211; Aula 1: Introdu\u00e7\u00e3oM1 &#8211; Aula 1: TarefaM1 &#8211; Aula 2: Como aproveitar melhor o curso?M1 &#8211; Aula 3: Como ser\u00e1 este curso no Metaverso?M1 &#8211; Aula 4: O que voc\u00ea vai aprender?M1 &#8211; Aula 4: TarefaM\u00f3dulo 2: Uso de intelig\u00eancia artificial para fazer seu trabalho 100x mais r\u00e1pidoM4 &#8211; Aula 1: Intelig\u00eancias ArtificiaisExerc\u00edcioExerc\u00edcioExerc\u00edcioM4 &#8211; Aula 2: Introdu\u00e7\u00e3o ao ChatGPTExerc\u00edcioExerc\u00edcioM4 &#8211; Aula 3: Cadastro no ChatgptExerc\u00edcioExerc\u00edcioM4 &#8211; Aula 3: TarefaM4 &#8211; Aula 4: Como usar o ChatGptExerc\u00edcioExerc\u00edcioM4 &#8211; Aula 4: Tarefa 1M4 &#8211; Aula 4: Tarefa 2M4 &#8211; Aula 5: Usar chatpgpt para criar 100 frases motivacionais para postagemExerc\u00edcioM4 &#8211; Aula 6: Criar 100 artes com 3 cliquesExerc\u00edcioM4 &#8211; Aula 6: TarefaM4 &#8211; Aula 7: Usar chatpgpt para criar Calend\u00e1rio de publica\u00e7\u00f5es do m\u00easExerc\u00edcioM4 &#8211; Aula 7: TarefaM4 &#8211; Aula 8: Edi\u00e7\u00e3o de fotos com IA &#8211; borracha m\u00e1gicaExerc\u00edcioM4 &#8211; Aula 9: Edi\u00e7\u00e3o de fotos com IA &#8211; edi\u00e7\u00e3o m\u00e1gicaExerc\u00edcioM4 &#8211; Aula 9: TarefaM4 &#8211; Aula 10: Veja a m\u00e1gica: criar uma apresenta\u00e7\u00e3o a partir de um simples texto.Exerc\u00edcioM\u00f3dulo 3: MetaversoAula 1: O que \u00e9 o Metaverso?Exerc\u00edcioExerc\u00edcioAula 2: Como acessar o Metaverso?Exerc\u00edcioAula 3: Porque devo conhecer esta tecnologia?Exerc\u00edcioTarefa 1Tarefa 2Tarefa 3 P\u00fablicoA partir de 14 anos<\/p>","protected":false},"featured_media":32705,"comment_status":"open","ping_status":"closed","template":"","meta":{"_acf_changed":false},"product_brand":[],"product_cat":[145,220,247,151],"product_tag":[],"class_list":{"0":"post-32704","1":"product","2":"type-product","3":"status-publish","4":"has-post-thumbnail","6":"product_cat-metaverso","7":"product_cat-externocidadao","8":"product_cat-ia","9":"product_cat-para-todos","11":"first","12":"instock","13":"shipping-taxable","14":"product-type-external"},"acf":[],"_links":{"self":[{"href":"https:\/\/ead.barueri.sp.gov.br\/en\/wp-json\/wp\/v2\/product\/32704","targetHints":{"allow":["GET"]}}],"collection":[{"href":"https:\/\/ead.barueri.sp.gov.br\/en\/wp-json\/wp\/v2\/product"}],"about":[{"href":"https:\/\/ead.barueri.sp.gov.br\/en\/wp-json\/wp\/v2\/types\/product"}],"replies":[{"embeddable":true,"href":"https:\/\/ead.barueri.sp.gov.br\/en\/wp-json\/wp\/v2\/comments?post=32704"}],"wp:featuredmedia":[{"embeddable":true,"href":"https:\/\/ead.barueri.sp.gov.br\/en\/wp-json\/wp\/v2\/media\/32705"}],"wp:attachment":[{"href":"https:\/\/ead.barueri.sp.gov.br\/en\/wp-json\/wp\/v2\/media?parent=32704"}],"wp:term":[{"taxonomy":"product_brand","embeddable":true,"href":"https:\/\/ead.barueri.sp.gov.br\/en\/wp-json\/wp\/v2\/product_brand?post=32704"},{"taxonomy":"product_cat","embeddable":true,"href":"https:\/\/ead.barueri.sp.gov.br\/en\/wp-json\/wp\/v2\/product_cat?post=32704"},{"taxonomy":"product_tag","embeddable":true,"href":"https:\/\/ead.barueri.sp.gov.br\/en\/wp-json\/wp\/v2\/product_tag?post=32704"}],"curies":[{"name":"wp","href":"https:\/\/api.w.org\/{rel}","templated":true}]}}