{"id":32702,"date":"2024-12-19T13:56:55","date_gmt":"2024-12-19T16:56:55","guid":{"rendered":"https:\/\/ead.barueri.sp.gov.br\/?post_type=product&#038;p=32702"},"modified":"2025-08-01T10:16:20","modified_gmt":"2025-08-01T13:16:20","slug":"curso-criacao-de-apps-fabrica-de-apps","status":"publish","type":"product","link":"https:\/\/ead.barueri.sp.gov.br\/en\/product\/curso-criacao-de-apps-fabrica-de-apps\/","title":{"rendered":"Curso Cria\u00e7\u00e3o de Apps &#8211; f\u00e1brica de apps"},"content":{"rendered":"<p>Descri\u00e7\u00e3o do evento<br \/>Voc\u00ea deseja criar aplicativos progressivos da web (PWAs) que ofere\u00e7am uma experi\u00eancia incr\u00edvel aos seus usu\u00e1rios? O Cria\u00e7\u00e3o de Apps &#8211; F\u00e1brica de Apps \u00e9 a sua porta de entrada para dominar essa tecnologia revolucion\u00e1ria. Este curso abrangente \u00e9 projetado para indiv\u00edduos com conhecimento b\u00e1sico em desenvolvimento web que desejam explorar o mundo dos PWAs.<\/p>\n<p><strong>D\u00favidas comuns<\/strong><br \/>1.Consigo fazer o curso apenas utilizando meu celular?<br \/>\u00c9 necess\u00e1rio que tenha um computador para realizar as aulas pr\u00e1ticas.<br \/>2.Quais materiais preciso para fazer este curso?<br \/>Voc\u00ea precisa de um computador com acesso \u00e0 internet. Os programas e ferramentas que usamos durante o curso s\u00e3o gratuitos.<br \/>3.Preciso ter conhecimento de programa\u00e7\u00e3o?<br \/>\u00c9 importante ter um conhecimento b\u00e1sico de desenvolvimento web para aproveitar ao m\u00e1ximo o curso (HTML, CSS e Javascript) ou WordPress.<\/p>\n<p><strong>Certifica\u00e7\u00e3o<\/strong><br \/>Ao concluir com sucesso o Cria\u00e7\u00e3o de Apps &#8211; F\u00e1brica de Apps, voc\u00ea receber\u00e1 um certificado reconhecido, comprovando suas habilidades na cria\u00e7\u00e3o de PWAs. Este certificado pode ser um trampolim para oportunidades de carreira empolgantes no mundo do desenvolvimento web e da cria\u00e7\u00e3o de aplicativos.<br \/>Prepare-se para liderar o caminho na cria\u00e7\u00e3o de experi\u00eancias web avan\u00e7adas e responsivas. Inscreva-se no Curso de Cria\u00e7\u00e3o de Aplicativos PWA e comece a construir aplicativos incr\u00edveis que funcionem perfeitamente em qualquer dispositivo, a qualquer hora e em qualquer lugar.<\/p>\n<p>Estrutura<br \/>M1 &#8211; Aula 1 &#8211; O que s\u00e3o PWAs?<br \/>M1 &#8211; Aula 1: O que s\u00e3o PWAs?<br \/>Exerc\u00edcio<br \/>M1 &#8211; Aula 2 &#8211; Introdu\u00e7\u00e3o aos Blocos de um PWA<br \/>Exerc\u00edcio<br \/>M1 &#8211; Aula 3 &#8211; O que \u00e9 um Manifesto?<br \/>Exerc\u00edcio<br \/>Exerc\u00edcio<br \/>M1 &#8211; Aula 4 &#8211; O que \u00e9 um Service Worker?<br \/>Exerc\u00edcio<br \/>Exerc\u00edcio<br \/>Exerc\u00edcio<br \/>M1 &#8211; Aula 5 &#8211; Estrat\u00e9gias de um Service Worker<br \/>Exerc\u00edcio<br \/>Exerc\u00edcio<br \/>M2 &#8211; Aula 1 &#8211; O que \u00e9 o PWABuilder?<br \/>M2 &#8211; Aula 1 &#8211; O que \u00e9 o PWABuilder?<br \/>Exerc\u00edcio<br \/>M2 &#8211; Aula 2 &#8211; Criando um Manifesto<br \/>Exerc\u00edcio<br \/>M2 &#8211; Aula 3 &#8211; Criando um Service Worker<br \/>Exerc\u00edcio<br \/>M2 &#8211; Aula 4 &#8211; PWA em WordPress<br \/>Exerc\u00edcio<br \/>M2 &#8211; Aula 5 &#8211; Transformar Site em PWA<\/p>\n<p>P\u00fablico<br \/>Estagi\u00e1rios do Inova\u00e7\u00e3o Barueri<\/p>","protected":false},"excerpt":{"rendered":"<p>Descri\u00e7\u00e3o do eventoVoc\u00ea deseja criar aplicativos progressivos da web (PWAs) que ofere\u00e7am uma experi\u00eancia incr\u00edvel aos seus usu\u00e1rios? O Cria\u00e7\u00e3o de Apps &#8211; F\u00e1brica de Apps \u00e9 a sua porta de entrada para dominar essa tecnologia revolucion\u00e1ria. Este curso abrangente \u00e9 projetado para indiv\u00edduos com conhecimento b\u00e1sico em desenvolvimento web que desejam explorar o mundo dos PWAs. D\u00favidas comuns1.Consigo fazer o curso apenas utilizando meu celular?\u00c9 necess\u00e1rio que tenha um computador para realizar as aulas pr\u00e1ticas.2.Quais materiais preciso para fazer este curso?Voc\u00ea precisa de um computador com acesso \u00e0 internet. Os programas e ferramentas que usamos durante o curso s\u00e3o gratuitos.3.Preciso ter conhecimento de programa\u00e7\u00e3o?\u00c9 importante ter um conhecimento b\u00e1sico de desenvolvimento web para aproveitar ao m\u00e1ximo o curso (HTML, CSS e Javascript) ou WordPress. Certifica\u00e7\u00e3oAo concluir com sucesso o Cria\u00e7\u00e3o de Apps &#8211; F\u00e1brica de Apps, voc\u00ea receber\u00e1 um certificado reconhecido, comprovando suas habilidades na cria\u00e7\u00e3o de PWAs. Este certificado pode ser um trampolim para oportunidades de carreira empolgantes no mundo do desenvolvimento web e da cria\u00e7\u00e3o de aplicativos.Prepare-se para liderar o caminho na cria\u00e7\u00e3o de experi\u00eancias web avan\u00e7adas e responsivas. Inscreva-se no Curso de Cria\u00e7\u00e3o de Aplicativos PWA e comece a construir aplicativos incr\u00edveis que funcionem perfeitamente em qualquer dispositivo, a qualquer hora e em qualquer lugar. EstruturaM1 &#8211; Aula 1 &#8211; O que s\u00e3o PWAs?M1 &#8211; Aula 1: O que s\u00e3o PWAs?Exerc\u00edcioM1 &#8211; Aula 2 &#8211; Introdu\u00e7\u00e3o aos Blocos de um PWAExerc\u00edcioM1 &#8211; Aula 3 &#8211; O que \u00e9 um Manifesto?Exerc\u00edcioExerc\u00edcioM1 &#8211; Aula 4 &#8211; O que \u00e9 um Service Worker?Exerc\u00edcioExerc\u00edcioExerc\u00edcioM1 &#8211; Aula 5 &#8211; Estrat\u00e9gias de um Service WorkerExerc\u00edcioExerc\u00edcioM2 &#8211; Aula 1 &#8211; O que \u00e9 o PWABuilder?M2 &#8211; Aula 1 &#8211; O que \u00e9 o PWABuilder?Exerc\u00edcioM2 &#8211; Aula 2 &#8211; Criando um ManifestoExerc\u00edcioM2 &#8211; Aula 3 &#8211; Criando um Service WorkerExerc\u00edcioM2 &#8211; Aula 4 &#8211; PWA em WordPressExerc\u00edcioM2 &#8211; Aula 5 &#8211; Transformar Site em PWA P\u00fablicoEstagi\u00e1rios do Inova\u00e7\u00e3o Barueri<\/p>","protected":false},"featured_media":32703,"comment_status":"open","ping_status":"closed","template":"","meta":{"_acf_changed":false},"product_brand":[],"product_cat":[243,153],"product_tag":[],"class_list":{"0":"post-32702","1":"product","2":"type-product","3":"status-publish","4":"has-post-thumbnail","6":"product_cat-criacao-de-apps-sites","7":"product_cat-estagiarios","9":"first","10":"instock","11":"shipping-taxable","12":"product-type-external"},"acf":[],"_links":{"self":[{"href":"https:\/\/ead.barueri.sp.gov.br\/en\/wp-json\/wp\/v2\/product\/32702","targetHints":{"allow":["GET"]}}],"collection":[{"href":"https:\/\/ead.barueri.sp.gov.br\/en\/wp-json\/wp\/v2\/product"}],"about":[{"href":"https:\/\/ead.barueri.sp.gov.br\/en\/wp-json\/wp\/v2\/types\/product"}],"replies":[{"embeddable":true,"href":"https:\/\/ead.barueri.sp.gov.br\/en\/wp-json\/wp\/v2\/comments?post=32702"}],"wp:featuredmedia":[{"embeddable":true,"href":"https:\/\/ead.barueri.sp.gov.br\/en\/wp-json\/wp\/v2\/media\/32703"}],"wp:attachment":[{"href":"https:\/\/ead.barueri.sp.gov.br\/en\/wp-json\/wp\/v2\/media?parent=32702"}],"wp:term":[{"taxonomy":"product_brand","embeddable":true,"href":"https:\/\/ead.barueri.sp.gov.br\/en\/wp-json\/wp\/v2\/product_brand?post=32702"},{"taxonomy":"product_cat","embeddable":true,"href":"https:\/\/ead.barueri.sp.gov.br\/en\/wp-json\/wp\/v2\/product_cat?post=32702"},{"taxonomy":"product_tag","embeddable":true,"href":"https:\/\/ead.barueri.sp.gov.br\/en\/wp-json\/wp\/v2\/product_tag?post=32702"}],"curies":[{"name":"wp","href":"https:\/\/api.w.org\/{rel}","templated":true}]}}