{"id":32700,"date":"2024-12-19T13:54:13","date_gmt":"2024-12-19T16:54:13","guid":{"rendered":"https:\/\/ead.barueri.sp.gov.br\/?post_type=product&#038;p=32700"},"modified":"2025-08-02T10:00:42","modified_gmt":"2025-08-02T13:00:42","slug":"curso-express-de-speechtext-tecnologia-de-reconhecimento-de-fala-que-converte","status":"publish","type":"product","link":"https:\/\/ead.barueri.sp.gov.br\/en\/product\/curso-express-de-speechtext-tecnologia-de-reconhecimento-de-fala-que-converte\/","title":{"rendered":"Curso Express de SpeechText: Tecnologia de reconhecimento de fala que converte"},"content":{"rendered":"<p>Descri\u00e7\u00e3o do evento<br \/>O SpeechText da Microsoft \u00e9 uma tecnologia de reconhecimento de fala que converte a fala em texto. Basicamente, voc\u00ea fala algo e o programa transforma suas palavras em texto escrito, de forma autom\u00e1tica e precisa.<br \/>Imagine que voc\u00ea est\u00e1 conversando com algu\u00e9m e, em vez de escrever o que voc\u00ea est\u00e1 dizendo, o SpeechText faz isso por voc\u00ea, transcrevendo suas palavras em tempo real. Isso pode ser muito \u00fatil para criar documentos, enviar mensagens ou mesmo para pessoas que t\u00eam dificuldade em digitar.<br \/><strong>Veja aqui alguns exemplos pr\u00e1ticos de como o SpeechText pode te ajudar na sua rotina:<\/strong><\/p>\n<p><strong>Escrever mensagens ou e-mails sem precisar digitar:<\/strong>\u00a0Imagine que voc\u00ea est\u00e1 com as m\u00e3os ocupadas ou simplesmente acha mais f\u00e1cil falar do que digitar. Com o SpeechText, voc\u00ea pode ditar sua mensagem ou e-mail, e o sistema vai escrever tudo para voc\u00ea. Isso economiza tempo e \u00e9 especialmente \u00fatil quando voc\u00ea est\u00e1 com pressa.<\/p>\n<p><strong>Tomar notas durante uma reuni\u00e3o:<\/strong>\u00a0Se voc\u00ea est\u00e1 em uma reuni\u00e3o e precisa anotar tudo o que est\u00e1 sendo dito, em vez de tentar escrever ou digitar r\u00e1pido, voc\u00ea pode usar o SpeechText para transcrever automaticamente a conversa. Assim, voc\u00ea n\u00e3o perde nenhum detalhe e pode se concentrar melhor na reuni\u00e3o.<\/p>\n<p><strong>Criar documentos ou textos longos:\u00a0<\/strong>Se voc\u00ea precisa escrever um relat\u00f3rio ou at\u00e9 mesmo um texto longo, como um trabalho escolar, mas n\u00e3o quer passar horas digitando, o SpeechText permite que voc\u00ea simplesmente fale o que deseja escrever. Ele transforma suas palavras em texto, facilitando a cria\u00e7\u00e3o de documentos de maneira mais r\u00e1pida e natural.<\/p>\n<p><strong>Gerar legendas autom\u00e1ticas:<\/strong>\u00a0Imagine que voc\u00ea gravou um v\u00eddeo para o YouTube ou redes sociais e quer adicionar legendas para torn\u00e1-lo mais acess\u00edvel ou para que as pessoas possam assistir sem som. Com o SpeechText, voc\u00ea pode transcrever automaticamente o \u00e1udio do v\u00eddeo, gerando o texto que ser\u00e1 usado como legenda. Isso economiza tempo, pois voc\u00ea n\u00e3o precisa digitar tudo manualmente, e garante que as legendas estejam sincronizadas com o que \u00e9 falado no v\u00eddeo. Al\u00e9m disso, o uso de legendas pode aumentar o alcance e a compreens\u00e3o do seu conte\u00fado, tornando-o mais inclusivo.<\/p>\n<p><strong>Neste curso, voc\u00ea aprender\u00e1:<\/strong><br \/>O que \u00e9 a ferramenta SpeechText;<br \/>Como utilizar a ferramenta para transcrever v\u00eddeos e \u00e1udios em texto;<br \/>Como capturar \u00e1udio emitido pelo computador;<br \/>Como emitir som e faz\u00ea-lo ser capturado.<\/p>\n<p><strong>Este curso \u00e9 ideal para:<\/strong><br \/>Estudantes que desejam melhorar seus estudos: sendo poss\u00edvel ter a transcri\u00e7\u00e3o de aulas online, palestras e entrevistas, facilitando o aprendizado, a compreens\u00e3o e a revis\u00e3o da mat\u00e9ria.<br \/>Pessoas com defici\u00eancia auditiva: Para facilitar a compreens\u00e3o em qualquer lugar, utilizando a ferramenta SpeechText, tendo recursos como legendas para ter acesso a conte\u00fados em \u00e1udio e v\u00eddeo de forma independente<\/p>\n<p><strong>Para quem \u00e9 este curso?<\/strong><br \/>Estagi\u00e1rios<br \/>Funcion\u00e1rios<br \/>Cidad\u00e3o<\/p>\n<p><strong>D\u00favidas comuns:<\/strong><br \/>Consigo fazer o curso apenas utilizando meu celular?<br \/>Sim<\/p>\n<p><strong>Quais materiais preciso para fazer este curso?<\/strong><br \/>Voc\u00ea precisar\u00e1 de um celular ou computador com acesso a internet. Os programas que usaremos durante o curso s\u00e3o na sua maioria gratuitos e mesmo os programas pagos ter\u00e3o uma alternativa no modo gratuito.<\/p>\n<p><strong>Tem certificado?<\/strong><br \/>Sim.<\/p>","protected":false},"excerpt":{"rendered":"<p>Descri\u00e7\u00e3o do eventoO SpeechText da Microsoft \u00e9 uma tecnologia de reconhecimento de fala que converte a fala em texto. Basicamente, voc\u00ea fala algo e o programa transforma suas palavras em texto escrito, de forma autom\u00e1tica e precisa.Imagine que voc\u00ea est\u00e1 conversando com algu\u00e9m e, em vez de escrever o que voc\u00ea est\u00e1 dizendo, o SpeechText faz isso por voc\u00ea, transcrevendo suas palavras em tempo real. Isso pode ser muito \u00fatil para criar documentos, enviar mensagens ou mesmo para pessoas que t\u00eam dificuldade em digitar.Veja aqui alguns exemplos pr\u00e1ticos de como o SpeechText pode te ajudar na sua rotina: Escrever mensagens ou e-mails sem precisar digitar:\u00a0Imagine que voc\u00ea est\u00e1 com as m\u00e3os ocupadas ou simplesmente acha mais f\u00e1cil falar do que digitar. Com o SpeechText, voc\u00ea pode ditar sua mensagem ou e-mail, e o sistema vai escrever tudo para voc\u00ea. Isso economiza tempo e \u00e9 especialmente \u00fatil quando voc\u00ea est\u00e1 com pressa. Tomar notas durante uma reuni\u00e3o:\u00a0Se voc\u00ea est\u00e1 em uma reuni\u00e3o e precisa anotar tudo o que est\u00e1 sendo dito, em vez de tentar escrever ou digitar r\u00e1pido, voc\u00ea pode usar o SpeechText para transcrever automaticamente a conversa. Assim, voc\u00ea n\u00e3o perde nenhum detalhe e pode se concentrar melhor na reuni\u00e3o. Criar documentos ou textos longos:\u00a0Se voc\u00ea precisa escrever um relat\u00f3rio ou at\u00e9 mesmo um texto longo, como um trabalho escolar, mas n\u00e3o quer passar horas digitando, o SpeechText permite que voc\u00ea simplesmente fale o que deseja escrever. Ele transforma suas palavras em texto, facilitando a cria\u00e7\u00e3o de documentos de maneira mais r\u00e1pida e natural. Gerar legendas autom\u00e1ticas:\u00a0Imagine que voc\u00ea gravou um v\u00eddeo para o YouTube ou redes sociais e quer adicionar legendas para torn\u00e1-lo mais acess\u00edvel ou para que as pessoas possam assistir sem som. Com o SpeechText, voc\u00ea pode transcrever automaticamente o \u00e1udio do v\u00eddeo, gerando o texto que ser\u00e1 usado como legenda. Isso economiza tempo, pois voc\u00ea n\u00e3o precisa digitar tudo manualmente, e garante que as legendas estejam sincronizadas com o que \u00e9 falado no v\u00eddeo. Al\u00e9m disso, o uso de legendas pode aumentar o alcance e a compreens\u00e3o do seu conte\u00fado, tornando-o mais inclusivo. Neste curso, voc\u00ea aprender\u00e1:O que \u00e9 a ferramenta SpeechText;Como utilizar a ferramenta para transcrever v\u00eddeos e \u00e1udios em texto;Como capturar \u00e1udio emitido pelo computador;Como emitir som e faz\u00ea-lo ser capturado. Este curso \u00e9 ideal para:Estudantes que desejam melhorar seus estudos: sendo poss\u00edvel ter a transcri\u00e7\u00e3o de aulas online, palestras e entrevistas, facilitando o aprendizado, a compreens\u00e3o e a revis\u00e3o da mat\u00e9ria.Pessoas com defici\u00eancia auditiva: Para facilitar a compreens\u00e3o em qualquer lugar, utilizando a ferramenta SpeechText, tendo recursos como legendas para ter acesso a conte\u00fados em \u00e1udio e v\u00eddeo de forma independente Para quem \u00e9 este curso?Estagi\u00e1riosFuncion\u00e1riosCidad\u00e3o D\u00favidas comuns:Consigo fazer o curso apenas utilizando meu celular?Sim Quais materiais preciso para fazer este curso?Voc\u00ea precisar\u00e1 de um celular ou computador com acesso a internet. Os programas que usaremos durante o curso s\u00e3o na sua maioria gratuitos e mesmo os programas pagos ter\u00e3o uma alternativa no modo gratuito. Tem certificado?Sim.<\/p>","protected":false},"featured_media":32701,"comment_status":"open","ping_status":"closed","template":"","meta":{"_acf_changed":false},"product_brand":[],"product_cat":[153,220,152],"product_tag":[],"class_list":{"0":"post-32700","1":"product","2":"type-product","3":"status-publish","4":"has-post-thumbnail","6":"product_cat-estagiarios","7":"product_cat-externocidadao","8":"product_cat-funcionarios","10":"first","11":"instock","12":"shipping-taxable","13":"product-type-external"},"acf":[],"_links":{"self":[{"href":"https:\/\/ead.barueri.sp.gov.br\/en\/wp-json\/wp\/v2\/product\/32700","targetHints":{"allow":["GET"]}}],"collection":[{"href":"https:\/\/ead.barueri.sp.gov.br\/en\/wp-json\/wp\/v2\/product"}],"about":[{"href":"https:\/\/ead.barueri.sp.gov.br\/en\/wp-json\/wp\/v2\/types\/product"}],"replies":[{"embeddable":true,"href":"https:\/\/ead.barueri.sp.gov.br\/en\/wp-json\/wp\/v2\/comments?post=32700"}],"wp:featuredmedia":[{"embeddable":true,"href":"https:\/\/ead.barueri.sp.gov.br\/en\/wp-json\/wp\/v2\/media\/32701"}],"wp:attachment":[{"href":"https:\/\/ead.barueri.sp.gov.br\/en\/wp-json\/wp\/v2\/media?parent=32700"}],"wp:term":[{"taxonomy":"product_brand","embeddable":true,"href":"https:\/\/ead.barueri.sp.gov.br\/en\/wp-json\/wp\/v2\/product_brand?post=32700"},{"taxonomy":"product_cat","embeddable":true,"href":"https:\/\/ead.barueri.sp.gov.br\/en\/wp-json\/wp\/v2\/product_cat?post=32700"},{"taxonomy":"product_tag","embeddable":true,"href":"https:\/\/ead.barueri.sp.gov.br\/en\/wp-json\/wp\/v2\/product_tag?post=32700"}],"curies":[{"name":"wp","href":"https:\/\/api.w.org\/{rel}","templated":true}]}}