{"id":32698,"date":"2024-12-19T13:48:50","date_gmt":"2024-12-19T16:48:50","guid":{"rendered":"https:\/\/ead.barueri.sp.gov.br\/?post_type=product&#038;p=32698"},"modified":"2025-07-04T15:43:09","modified_gmt":"2025-07-04T18:43:09","slug":"site-inovacao-barueri-incubar-um-projeto","status":"publish","type":"product","link":"https:\/\/ead.barueri.sp.gov.br\/en\/product\/site-inovacao-barueri-incubar-um-projeto\/","title":{"rendered":"Site Inova\u00e7\u00e3o Barueri &#8211; Incubar um projeto"},"content":{"rendered":"<p>Descri\u00e7\u00e3o do evento<br \/>O que voc\u00ea aprender\u00e1 no curso?<\/p>\n<p>Este curso aberto e gratuito te guiar\u00e1 passo a passo por todo o processo de inscri\u00e7\u00e3o no Inova\u00e7\u00e3o Barueri e solicita\u00e7\u00e3o de incuba\u00e7\u00e3o no programa, desmistificando cada etapa e te deixando pronto para dar vida ao seu projeto da sua empresa. Ademais, voc\u00ea vai aprender a como ter acesso as Mentorias, networking, infraestrutura e muito mais para transfer\u00eancia de seu neg\u00f3cio atrav\u00e9s do inova\u00e7\u00e3o e da incuba\u00e7\u00e3o, dando oportunidades aos empreendedores que pretendem alavancar suas carreiras.<br \/>Este curso \u00e9 tanto para voc\u00ea que deseja desenvolver a sua empresa, quanto para voc\u00ea que tem uma ideia apenas e gostaria de ajuda para desenvolv\u00ea-la.<\/p>\n<p>Para quem \u00e9 este curso?<br \/>Empres\u00e1rios<br \/>Empreendedores<\/p>\n<p>D\u00favidas comuns:<br \/>Consigo fazer o curso apenas utilizando meu celular?<br \/>Sim.<\/p>\n<p>Quais materiais preciso para fazer este curso?<br \/>Para realizar o curso \u00e9 necess\u00e1rio que o aluno tenha pelo menos um dos itens:<br \/>Voc\u00ea precisar\u00e1 de um celular ou computador com acesso a internet. Os programas que usaremos durante o curso s\u00e3o na sua maioria gratuitos e mesmo os programas pagos ter\u00e3o uma alternativa no modo gratuito.<\/p>\n<p>Tem certificado?<br \/>Sim.<\/p>\n<p>Estrutura<br \/>M\u00f3dulo 1<br \/>M1 &#8211; Aula 1: Introdu\u00e7\u00e3o<br \/>M1 &#8211; Aula 2: Coworking<br \/>M1 &#8211; Aula 3: Acesso a Plataforma Inova\u00e7\u00e3o Barueri<br \/>M1 &#8211; Aula 4: Incuba\u00e7\u00e3o<br \/>M1 &#8211; Aula 5: Cadastro na Plataforma Inova\u00e7\u00e3o Barueri<br \/>M\u00f3dulo 2<br \/>M2 &#8211; Aula 1: Cadastro da empresa<br \/>M2 &#8211; Aula 3: Solicita\u00e7\u00e3o de incuba\u00e7\u00e3o<br \/>M2 &#8211; Aula 2 &#8211; Cadastro do projeto<\/p>","protected":false},"excerpt":{"rendered":"<p>Descri\u00e7\u00e3o do eventoO que voc\u00ea aprender\u00e1 no curso? Este curso aberto e gratuito te guiar\u00e1 passo a passo por todo o processo de inscri\u00e7\u00e3o no Inova\u00e7\u00e3o Barueri e solicita\u00e7\u00e3o de incuba\u00e7\u00e3o no programa, desmistificando cada etapa e te deixando pronto para dar vida ao seu projeto da sua empresa. Ademais, voc\u00ea vai aprender a como ter acesso as Mentorias, networking, infraestrutura e muito mais para transfer\u00eancia de seu neg\u00f3cio atrav\u00e9s do inova\u00e7\u00e3o e da incuba\u00e7\u00e3o, dando oportunidades aos empreendedores que pretendem alavancar suas carreiras.Este curso \u00e9 tanto para voc\u00ea que deseja desenvolver a sua empresa, quanto para voc\u00ea que tem uma ideia apenas e gostaria de ajuda para desenvolv\u00ea-la. Para quem \u00e9 este curso?Empres\u00e1riosEmpreendedores D\u00favidas comuns:Consigo fazer o curso apenas utilizando meu celular?Sim. Quais materiais preciso para fazer este curso?Para realizar o curso \u00e9 necess\u00e1rio que o aluno tenha pelo menos um dos itens:Voc\u00ea precisar\u00e1 de um celular ou computador com acesso a internet. Os programas que usaremos durante o curso s\u00e3o na sua maioria gratuitos e mesmo os programas pagos ter\u00e3o uma alternativa no modo gratuito. Tem certificado?Sim. EstruturaM\u00f3dulo 1M1 &#8211; Aula 1: Introdu\u00e7\u00e3oM1 &#8211; Aula 2: CoworkingM1 &#8211; Aula 3: Acesso a Plataforma Inova\u00e7\u00e3o BarueriM1 &#8211; Aula 4: Incuba\u00e7\u00e3oM1 &#8211; Aula 5: Cadastro na Plataforma Inova\u00e7\u00e3o BarueriM\u00f3dulo 2M2 &#8211; Aula 1: Cadastro da empresaM2 &#8211; Aula 3: Solicita\u00e7\u00e3o de incuba\u00e7\u00e3oM2 &#8211; Aula 2 &#8211; Cadastro do projeto<\/p>","protected":false},"featured_media":32699,"comment_status":"open","ping_status":"closed","template":"","meta":{"_acf_changed":false},"product_brand":[],"product_cat":[153,220,152],"product_tag":[],"class_list":{"0":"post-32698","1":"product","2":"type-product","3":"status-publish","4":"has-post-thumbnail","6":"product_cat-estagiarios","7":"product_cat-externocidadao","8":"product_cat-funcionarios","10":"first","11":"instock","12":"shipping-taxable","13":"product-type-external"},"acf":[],"_links":{"self":[{"href":"https:\/\/ead.barueri.sp.gov.br\/en\/wp-json\/wp\/v2\/product\/32698","targetHints":{"allow":["GET"]}}],"collection":[{"href":"https:\/\/ead.barueri.sp.gov.br\/en\/wp-json\/wp\/v2\/product"}],"about":[{"href":"https:\/\/ead.barueri.sp.gov.br\/en\/wp-json\/wp\/v2\/types\/product"}],"replies":[{"embeddable":true,"href":"https:\/\/ead.barueri.sp.gov.br\/en\/wp-json\/wp\/v2\/comments?post=32698"}],"wp:featuredmedia":[{"embeddable":true,"href":"https:\/\/ead.barueri.sp.gov.br\/en\/wp-json\/wp\/v2\/media\/32699"}],"wp:attachment":[{"href":"https:\/\/ead.barueri.sp.gov.br\/en\/wp-json\/wp\/v2\/media?parent=32698"}],"wp:term":[{"taxonomy":"product_brand","embeddable":true,"href":"https:\/\/ead.barueri.sp.gov.br\/en\/wp-json\/wp\/v2\/product_brand?post=32698"},{"taxonomy":"product_cat","embeddable":true,"href":"https:\/\/ead.barueri.sp.gov.br\/en\/wp-json\/wp\/v2\/product_cat?post=32698"},{"taxonomy":"product_tag","embeddable":true,"href":"https:\/\/ead.barueri.sp.gov.br\/en\/wp-json\/wp\/v2\/product_tag?post=32698"}],"curies":[{"name":"wp","href":"https:\/\/api.w.org\/{rel}","templated":true}]}}