{"id":32696,"date":"2024-12-19T13:46:30","date_gmt":"2024-12-19T16:46:30","guid":{"rendered":"https:\/\/ead.barueri.sp.gov.br\/?post_type=product&#038;p=32696"},"modified":"2025-01-29T05:25:45","modified_gmt":"2025-01-29T08:25:45","slug":"portal-de-vagas-cit-empregador","status":"publish","type":"product","link":"https:\/\/ead.barueri.sp.gov.br\/en\/product\/portal-de-vagas-cit-empregador\/","title":{"rendered":"Portal de vagas CIT &#8211; Empregador"},"content":{"rendered":"<p>Descri\u00e7\u00e3o do evento<br \/>Voc\u00ea deseja abrir vagas na sua empresa? O Portal de vagas CIT o ajudar\u00e1 a divulgar as suas vagas de emprego. Este curso foi cuidadosamente elaborado para que voc\u00ea possa entender como funciona Portal de vagas CIT.<\/p>\n<p><strong>O que voc\u00ea aprender\u00e1 ?<\/strong><br \/>&#8211; Como acessar o Portal de Vagas- &#8211; Empregador<br \/>&#8211; Cadastro da empresa.<br \/>&#8211; Principais funcionalidades da Home.<br \/>&#8211; Cadastrar Vagas.<br \/>&#8211; Realizar a sele\u00e7\u00e3o de candidatos.<br \/>&#8211; Entre outros.<\/p>\n<p><strong>Para quem \u00e9 este curso?<\/strong><br \/>&#8211; Empres\u00e1rios e empregadores em busca de m\u00e3o de Obra.<\/p>\n<p><strong>D\u00favidas comuns:<\/strong><br \/>Consigo fazer o curso apenas utilizando meu celular?<br \/>Sim<\/p>\n<p>Quais materiais preciso para fazer este curso?<br \/>Voc\u00ea precisar\u00e1 de um celular ou computador com acesso a internet. Os programas que usaremos durante o curso s\u00e3o na sua maioria gratuitos e mesmo os programas pagos ter\u00e3o uma alternativa no modo gratuito.<\/p>\n<p><strong>Tem certificado?<\/strong><br \/>Sim<\/p>\n<p>Estrutura<br \/>Modulo 1<br \/>M1 &#8211; A1 &#8211; Introdu\u00e7\u00e3o ao Portal de Vagas<br \/>M1 &#8211; A2 &#8211; Criando seu cadastro<br \/>M1 &#8211; A3 &#8211; Editando as informa\u00e7\u00f5es da sua empresa<br \/>M1 &#8211; A4 &#8211; Criando uma vaga<br \/>M1 &#8211; A5 &#8211; Buscando curr\u00edculos<br \/>Modulo 2<br \/>M2 &#8211; A1 &#8211; Administra\u00e7\u00e3o das Vagas<br \/>M2 &#8211; A2 &#8211; Processo de sele\u00e7\u00e3o e contatar candidato<br \/>M2 &#8211; A3 &#8211; Encerramento da vaga via e-mail <\/p>\n<p>P\u00fablico<br \/>Empregadores<br \/>Empres\u00e1rios<\/p>","protected":false},"excerpt":{"rendered":"<p>Descri\u00e7\u00e3o do eventoVoc\u00ea deseja abrir vagas na sua empresa? O Portal de vagas CIT o ajudar\u00e1 a divulgar as suas vagas de emprego. Este curso foi cuidadosamente elaborado para que voc\u00ea possa entender como funciona Portal de vagas CIT. O que voc\u00ea aprender\u00e1 ?&#8211; Como acessar o Portal de Vagas- &#8211; Empregador&#8211; Cadastro da empresa.&#8211; Principais funcionalidades da Home.&#8211; Cadastrar Vagas.&#8211; Realizar a sele\u00e7\u00e3o de candidatos.&#8211; Entre outros. Para quem \u00e9 este curso?&#8211; Empres\u00e1rios e empregadores em busca de m\u00e3o de Obra. D\u00favidas comuns:Consigo fazer o curso apenas utilizando meu celular?Sim Quais materiais preciso para fazer este curso?Voc\u00ea precisar\u00e1 de um celular ou computador com acesso a internet. Os programas que usaremos durante o curso s\u00e3o na sua maioria gratuitos e mesmo os programas pagos ter\u00e3o uma alternativa no modo gratuito. Tem certificado?Sim EstruturaModulo 1M1 &#8211; A1 &#8211; Introdu\u00e7\u00e3o ao Portal de VagasM1 &#8211; A2 &#8211; Criando seu cadastroM1 &#8211; A3 &#8211; Editando as informa\u00e7\u00f5es da sua empresaM1 &#8211; A4 &#8211; Criando uma vagaM1 &#8211; A5 &#8211; Buscando curr\u00edculosModulo 2M2 &#8211; A1 &#8211; Administra\u00e7\u00e3o das VagasM2 &#8211; A2 &#8211; Processo de sele\u00e7\u00e3o e contatar candidatoM2 &#8211; A3 &#8211; Encerramento da vaga via e-mail P\u00fablicoEmpregadoresEmpres\u00e1rios<\/p>","protected":false},"featured_media":32697,"comment_status":"open","ping_status":"closed","template":"","meta":{"_acf_changed":false},"product_brand":[],"product_cat":[220,151,148],"product_tag":[],"class_list":{"0":"post-32696","1":"product","2":"type-product","3":"status-publish","4":"has-post-thumbnail","6":"product_cat-externocidadao","7":"product_cat-para-todos","8":"product_cat-softwares","10":"first","11":"instock","12":"shipping-taxable","13":"product-type-external"},"acf":[],"_links":{"self":[{"href":"https:\/\/ead.barueri.sp.gov.br\/en\/wp-json\/wp\/v2\/product\/32696","targetHints":{"allow":["GET"]}}],"collection":[{"href":"https:\/\/ead.barueri.sp.gov.br\/en\/wp-json\/wp\/v2\/product"}],"about":[{"href":"https:\/\/ead.barueri.sp.gov.br\/en\/wp-json\/wp\/v2\/types\/product"}],"replies":[{"embeddable":true,"href":"https:\/\/ead.barueri.sp.gov.br\/en\/wp-json\/wp\/v2\/comments?post=32696"}],"wp:featuredmedia":[{"embeddable":true,"href":"https:\/\/ead.barueri.sp.gov.br\/en\/wp-json\/wp\/v2\/media\/32697"}],"wp:attachment":[{"href":"https:\/\/ead.barueri.sp.gov.br\/en\/wp-json\/wp\/v2\/media?parent=32696"}],"wp:term":[{"taxonomy":"product_brand","embeddable":true,"href":"https:\/\/ead.barueri.sp.gov.br\/en\/wp-json\/wp\/v2\/product_brand?post=32696"},{"taxonomy":"product_cat","embeddable":true,"href":"https:\/\/ead.barueri.sp.gov.br\/en\/wp-json\/wp\/v2\/product_cat?post=32696"},{"taxonomy":"product_tag","embeddable":true,"href":"https:\/\/ead.barueri.sp.gov.br\/en\/wp-json\/wp\/v2\/product_tag?post=32696"}],"curies":[{"name":"wp","href":"https:\/\/api.w.org\/{rel}","templated":true}]}}