{"id":32694,"date":"2024-12-19T13:43:56","date_gmt":"2024-12-19T16:43:56","guid":{"rendered":"https:\/\/ead.barueri.sp.gov.br\/?post_type=product&#038;p=32694"},"modified":"2025-01-29T12:01:54","modified_gmt":"2025-01-29T15:01:54","slug":"portal-de-vagas-cit-candidato","status":"publish","type":"product","link":"https:\/\/ead.barueri.sp.gov.br\/en\/product\/portal-de-vagas-cit-candidato\/","title":{"rendered":"Portal de vagas CIT &#8211; Candidato"},"content":{"rendered":"<p>Descri\u00e7\u00e3o do evento<br \/>Est\u00e1 em busca de uma empresa para o seu crescimento profissional? O Portal de vagas CIT o ajudar\u00e1 na sua busca de um de trabalho. Este curso foi cuidadosamente elaborado para que voc\u00ea possa entender como funciona Portal de vagas CIT.<\/p>\n<p><strong>O que voc\u00ea aprender\u00e1 no curso?<\/strong><br \/>Como se cadastrar no Portal de Vagas, como inserir seu curr\u00edculo, buscar oportunidades de trabalho, entre outros.<\/p>\n<p><strong>Para quem \u00e9 este curso?<\/strong><br \/>Cidad\u00e3os em busca de oportunidade de trabalho.<\/p>\n<p><strong>D\u00favidas comuns:<\/strong><br \/>Consigo fazer o curso apenas utilizando meu celular?<br \/>Sim<\/p>\n<p>Quais materiais preciso para fazer este curso?<br \/>Voc\u00ea precisar\u00e1 de um celular ou computador com acesso a internet. Os programas que usaremos durante o curso s\u00e3o na sua maioria gratuitos e mesmo os programas pagos ter\u00e3o uma alternativa no modo gratuito.<\/p>\n<p><strong>Tem certificado?<\/strong><br \/>Sim.<\/p>\n<p>Estrutura<br \/>M\u00f3dulo 1<br \/>M1 &#8211; A1 &#8211; Introdu\u00e7\u00e3o ao Portal de Vagas<br \/>M1 &#8211; A2 &#8211; Criando seu cadastro<br \/>M1 &#8211; A3 &#8211; Editando seu curr\u00edculo<br \/>M1 &#8211; A4 &#8211; Como se candidatar a uma vaga?<br \/>M1 &#8211; A5 &#8211; Ampliando suas chances de contrata\u00e7\u00e3o<br \/>M1 &#8211; A6 &#8211; FAQ &#8211; Respondendo suas d\u00favidas<\/p>\n<p>P\u00fablico<br \/>Estagi\u00e1rios<br \/>Funcion\u00e1rios<br \/>Cidad\u00e3o<\/p>","protected":false},"excerpt":{"rendered":"<p>Descri\u00e7\u00e3o do eventoEst\u00e1 em busca de uma empresa para o seu crescimento profissional? O Portal de vagas CIT o ajudar\u00e1 na sua busca de um de trabalho. Este curso foi cuidadosamente elaborado para que voc\u00ea possa entender como funciona Portal de vagas CIT. O que voc\u00ea aprender\u00e1 no curso?Como se cadastrar no Portal de Vagas, como inserir seu curr\u00edculo, buscar oportunidades de trabalho, entre outros. Para quem \u00e9 este curso?Cidad\u00e3os em busca de oportunidade de trabalho. D\u00favidas comuns:Consigo fazer o curso apenas utilizando meu celular?Sim Quais materiais preciso para fazer este curso?Voc\u00ea precisar\u00e1 de um celular ou computador com acesso a internet. Os programas que usaremos durante o curso s\u00e3o na sua maioria gratuitos e mesmo os programas pagos ter\u00e3o uma alternativa no modo gratuito. Tem certificado?Sim. EstruturaM\u00f3dulo 1M1 &#8211; A1 &#8211; Introdu\u00e7\u00e3o ao Portal de VagasM1 &#8211; A2 &#8211; Criando seu cadastroM1 &#8211; A3 &#8211; Editando seu curr\u00edculoM1 &#8211; A4 &#8211; Como se candidatar a uma vaga?M1 &#8211; A5 &#8211; Ampliando suas chances de contrata\u00e7\u00e3oM1 &#8211; A6 &#8211; FAQ &#8211; Respondendo suas d\u00favidas P\u00fablicoEstagi\u00e1riosFuncion\u00e1riosCidad\u00e3o<\/p>","protected":false},"featured_media":32695,"comment_status":"open","ping_status":"closed","template":"","meta":{"_acf_changed":false},"product_brand":[],"product_cat":[153,220,152],"product_tag":[],"class_list":{"0":"post-32694","1":"product","2":"type-product","3":"status-publish","4":"has-post-thumbnail","6":"product_cat-estagiarios","7":"product_cat-externocidadao","8":"product_cat-funcionarios","10":"first","11":"instock","12":"shipping-taxable","13":"product-type-external"},"acf":[],"_links":{"self":[{"href":"https:\/\/ead.barueri.sp.gov.br\/en\/wp-json\/wp\/v2\/product\/32694","targetHints":{"allow":["GET"]}}],"collection":[{"href":"https:\/\/ead.barueri.sp.gov.br\/en\/wp-json\/wp\/v2\/product"}],"about":[{"href":"https:\/\/ead.barueri.sp.gov.br\/en\/wp-json\/wp\/v2\/types\/product"}],"replies":[{"embeddable":true,"href":"https:\/\/ead.barueri.sp.gov.br\/en\/wp-json\/wp\/v2\/comments?post=32694"}],"wp:featuredmedia":[{"embeddable":true,"href":"https:\/\/ead.barueri.sp.gov.br\/en\/wp-json\/wp\/v2\/media\/32695"}],"wp:attachment":[{"href":"https:\/\/ead.barueri.sp.gov.br\/en\/wp-json\/wp\/v2\/media?parent=32694"}],"wp:term":[{"taxonomy":"product_brand","embeddable":true,"href":"https:\/\/ead.barueri.sp.gov.br\/en\/wp-json\/wp\/v2\/product_brand?post=32694"},{"taxonomy":"product_cat","embeddable":true,"href":"https:\/\/ead.barueri.sp.gov.br\/en\/wp-json\/wp\/v2\/product_cat?post=32694"},{"taxonomy":"product_tag","embeddable":true,"href":"https:\/\/ead.barueri.sp.gov.br\/en\/wp-json\/wp\/v2\/product_tag?post=32694"}],"curies":[{"name":"wp","href":"https:\/\/api.w.org\/{rel}","templated":true}]}}