{"id":32692,"date":"2024-12-19T13:40:37","date_gmt":"2024-12-19T16:40:37","guid":{"rendered":"https:\/\/ead.barueri.sp.gov.br\/?post_type=product&#038;p=32692"},"modified":"2025-01-29T07:06:21","modified_gmt":"2025-01-29T10:06:21","slug":"curso-express-metaverso","status":"publish","type":"product","link":"https:\/\/ead.barueri.sp.gov.br\/en\/product\/curso-express-metaverso\/","title":{"rendered":"Curso Express &#8211; Metaverso"},"content":{"rendered":"<p>Descri\u00e7\u00e3o do evento<br \/>Bem-vindo ao &#8220;Metaverso&#8221;, prepare-se para uma jornada importante e extraordin\u00e1ria, neste curso completo que te levar\u00e1 a desvendar Metaverso, a tecnologia revolucion\u00e1ria que est\u00e1 moldando o futuro da sociedade e da tecnologia.<\/p>\n<p><strong>O que voc\u00ea aprender\u00e1 no curso?<\/strong><\/p>\n<p>Desvendar\u00e1 os segredos do Metaverso;<br \/>Aprender\u00e1 como acessar o Metaverso;<br \/>Aprender\u00e1 o que \u00e9 poss\u00edvel fazer no metaverso, como cursos por exemplo;<br \/>Compreender\u00e1 a import\u00e2ncia do Metaverso;<br \/>Explorar\u00e1 metaversos existentes como o Spatial, por exemplo.<\/p>\n<p><strong>Para quem \u00e9 este curso?<\/strong><\/p>\n<p>Estagi\u00e1rios<br \/>Funcion\u00e1rios<br \/>Cidad\u00e3o<\/p>\n<p><strong>D\u00favidas comuns:<\/strong><br \/>Consigo fazer o curso apenas utilizando meu celular?<br \/>SiM<br \/>Quais materiais preciso para fazer este curso?<br \/>Voc\u00ea precisar\u00e1 de um celular ou computador com acesso a internet. Os programas que usaremos durante o curso s\u00e3o na sua maioria gratuitos e mesmo os programas pagos ter\u00e3o uma alternativa no modo gratuito.<\/p>\n<p><strong>Tem certificado?<\/strong><br \/>Sim.<\/p>\n<p><strong>No meu certificado constar\u00e1 que o curso foi feito no metaverso?<\/strong><br \/>Sim<\/p>\n<p><strong>Para fazer o curso no metaverso \u00e9 preciso estes \u00f3culos de realidade aumentada?<\/strong><br \/>N\u00e3o \u00e9 necess\u00e1rio usar \u00f3culos de realidade aumentada, mas se voc\u00ea tiver e desejar usar, voc\u00ea poder\u00e1 e ter\u00e1 uma experi\u00eancia muito mais divertida e imersiva.<\/p>\n<p>Estrutura<br \/>M\u00f3dulo 1 &#8211; Boas vindas<br \/>M1 &#8211; Aula 1: Introdu\u00e7\u00e3o<br \/>M1 &#8211; Aula 1: Tarefa<br \/>M1 &#8211; Aula 2: Como aproveitar melhor o curso?<br \/>M1 &#8211; Aula 3: Como ser\u00e1 este curso no Metaverso?<br \/>M1 &#8211; Aula 4: O que voc\u00ea vai aprender?<br \/>M1 &#8211; Aula 4: Tarefa<br \/>M1 &#8211; GAME<br \/>Exerc\u00edcio<br \/>Exerc\u00edcio<br \/>M\u00f3dulo 2 &#8211; Metaverso<br \/>M2 &#8211; Aula 1: O que \u00e9 o Metaverso?<br \/>Exerc\u00edcio<br \/>Exerc\u00edcio<br \/>M2 &#8211; Aula 2: Como acessar o Metaverso?<br \/>Exerc\u00edcio<br \/>M2 &#8211; Aula 3: Porque devo conhecer esta tecnologia?<br \/>Exerc\u00edcio<br \/>M2 &#8211; Tarefa 1<br \/>M2 &#8211; Tarefa 2<br \/>M2 &#8211; Tarefa 3<\/p>","protected":false},"excerpt":{"rendered":"<p>Descri\u00e7\u00e3o do eventoBem-vindo ao &#8220;Metaverso&#8221;, prepare-se para uma jornada importante e extraordin\u00e1ria, neste curso completo que te levar\u00e1 a desvendar Metaverso, a tecnologia revolucion\u00e1ria que est\u00e1 moldando o futuro da sociedade e da tecnologia. O que voc\u00ea aprender\u00e1 no curso? Desvendar\u00e1 os segredos do Metaverso;Aprender\u00e1 como acessar o Metaverso;Aprender\u00e1 o que \u00e9 poss\u00edvel fazer no metaverso, como cursos por exemplo;Compreender\u00e1 a import\u00e2ncia do Metaverso;Explorar\u00e1 metaversos existentes como o Spatial, por exemplo. Para quem \u00e9 este curso? Estagi\u00e1riosFuncion\u00e1riosCidad\u00e3o D\u00favidas comuns:Consigo fazer o curso apenas utilizando meu celular?SiMQuais materiais preciso para fazer este curso?Voc\u00ea precisar\u00e1 de um celular ou computador com acesso a internet. Os programas que usaremos durante o curso s\u00e3o na sua maioria gratuitos e mesmo os programas pagos ter\u00e3o uma alternativa no modo gratuito. Tem certificado?Sim. No meu certificado constar\u00e1 que o curso foi feito no metaverso?Sim Para fazer o curso no metaverso \u00e9 preciso estes \u00f3culos de realidade aumentada?N\u00e3o \u00e9 necess\u00e1rio usar \u00f3culos de realidade aumentada, mas se voc\u00ea tiver e desejar usar, voc\u00ea poder\u00e1 e ter\u00e1 uma experi\u00eancia muito mais divertida e imersiva. EstruturaM\u00f3dulo 1 &#8211; Boas vindasM1 &#8211; Aula 1: Introdu\u00e7\u00e3oM1 &#8211; Aula 1: TarefaM1 &#8211; Aula 2: Como aproveitar melhor o curso?M1 &#8211; Aula 3: Como ser\u00e1 este curso no Metaverso?M1 &#8211; Aula 4: O que voc\u00ea vai aprender?M1 &#8211; Aula 4: TarefaM1 &#8211; GAMEExerc\u00edcioExerc\u00edcioM\u00f3dulo 2 &#8211; MetaversoM2 &#8211; Aula 1: O que \u00e9 o Metaverso?Exerc\u00edcioExerc\u00edcioM2 &#8211; Aula 2: Como acessar o Metaverso?Exerc\u00edcioM2 &#8211; Aula 3: Porque devo conhecer esta tecnologia?Exerc\u00edcioM2 &#8211; Tarefa 1M2 &#8211; Tarefa 2M2 &#8211; Tarefa 3<\/p>","protected":false},"featured_media":32693,"comment_status":"open","ping_status":"closed","template":"","meta":{"_acf_changed":false},"product_brand":[],"product_cat":[145,153,220,152],"product_tag":[],"class_list":{"0":"post-32692","1":"product","2":"type-product","3":"status-publish","4":"has-post-thumbnail","6":"product_cat-metaverso","7":"product_cat-estagiarios","8":"product_cat-externocidadao","9":"product_cat-funcionarios","11":"first","12":"instock","13":"shipping-taxable","14":"product-type-external"},"acf":[],"_links":{"self":[{"href":"https:\/\/ead.barueri.sp.gov.br\/en\/wp-json\/wp\/v2\/product\/32692","targetHints":{"allow":["GET"]}}],"collection":[{"href":"https:\/\/ead.barueri.sp.gov.br\/en\/wp-json\/wp\/v2\/product"}],"about":[{"href":"https:\/\/ead.barueri.sp.gov.br\/en\/wp-json\/wp\/v2\/types\/product"}],"replies":[{"embeddable":true,"href":"https:\/\/ead.barueri.sp.gov.br\/en\/wp-json\/wp\/v2\/comments?post=32692"}],"wp:featuredmedia":[{"embeddable":true,"href":"https:\/\/ead.barueri.sp.gov.br\/en\/wp-json\/wp\/v2\/media\/32693"}],"wp:attachment":[{"href":"https:\/\/ead.barueri.sp.gov.br\/en\/wp-json\/wp\/v2\/media?parent=32692"}],"wp:term":[{"taxonomy":"product_brand","embeddable":true,"href":"https:\/\/ead.barueri.sp.gov.br\/en\/wp-json\/wp\/v2\/product_brand?post=32692"},{"taxonomy":"product_cat","embeddable":true,"href":"https:\/\/ead.barueri.sp.gov.br\/en\/wp-json\/wp\/v2\/product_cat?post=32692"},{"taxonomy":"product_tag","embeddable":true,"href":"https:\/\/ead.barueri.sp.gov.br\/en\/wp-json\/wp\/v2\/product_tag?post=32692"}],"curies":[{"name":"wp","href":"https:\/\/api.w.org\/{rel}","templated":true}]}}