{"id":32686,"date":"2024-12-18T16:41:50","date_gmt":"2024-12-18T19:41:50","guid":{"rendered":"https:\/\/ead.barueri.sp.gov.br\/?post_type=product&#038;p=32686"},"modified":"2025-01-29T09:14:48","modified_gmt":"2025-01-29T12:14:48","slug":"curso-interno-redes-sociais-e-plataformas-digitais-suspensao-temporaria","status":"publish","type":"product","link":"https:\/\/ead.barueri.sp.gov.br\/en\/product\/curso-interno-redes-sociais-e-plataformas-digitais-suspensao-temporaria\/","title":{"rendered":"Curso Interno &#8211; Redes Sociais e Plataformas Digitais &#8211; Suspens\u00e3o tempor\u00e1ria"},"content":{"rendered":"<p>Descri\u00e7\u00e3o do evento<br \/>Este curso INTERNO tem o objetivo principal de capacitar nossos servidores\/estagi\u00e1rios a desabilitar e reabilitar as diversas redes sociais e plataformas digitais existentes em conformidade com as leis eleitorais.<\/p>\n<p><strong>O que voc\u00ea aprender\u00e1 no curso?<\/strong><\/p>\n<p>Neste curso interno para servidores, voc\u00ea ira aprender o passo a passo detalhado de como desabilitar e reabilitar as mais diversas redes sociais e as diversas plataformas digitais no qual o Inova\u00e7\u00e3o Barueri\/ CIT\/ TV Inova\u00e7\u00e3o Barueri tem conta. A seguir ser\u00e1 apresentado uma lista com os t\u00f3picos que ser\u00e3o ensinados e que voc\u00ea aprender\u00e1 da melhor forma poss\u00edvel ao desenvolver as aulas dispon\u00edveis.<br \/>INSTAGRAM- Habilitar e desabilitar a conta<br \/>INSTAGRAM- Habilitar e desabilitar a conta &#8211; alternativa<br \/>LINKEDIN &#8211; Habilitar e desabilitar a conta<br \/>FACEBOOK &#8211; Habilitar e desabilitar a conta<br \/>PINTEREST &#8211; Habilitar e desabilitar a conta<br \/>WEB R\u00c1DIO ZENO.FM &#8211; Streamer &#8211; Habilitar e desabilitar a conta<br \/>TIK TOK &#8211; Habilitar e desabilitar a conta<br \/>FLICKR &#8211; Habilitar e desabilitar a conta<br \/>DAILYMOTION &#8211; Habilitar e desabilitar a conta<br \/>PODCASTS ANCHOR (SPOTIFY FOR PODCASTERS) &#8211; Habilitar e desabilitar a conta<br \/>PLATAFORMA EDAPP &#8211; Habilitar e desabilitar a conta<br \/>SITES EM GERAL &#8211; Habilitar e desabilitar a conta<br \/>CHATBOT INOVA\u00c7\u00c3O BARUERI &#8211; Habilitar e desabilitar a conta<br \/>PLATAFORMA DE EAD &#8211; INOVA\u00c7\u00c3O BARUERI &#8211; SYMPLA &#8211; Habilitar e desabilitar a conta<\/p>\n<p><strong>D\u00favidas comuns:<\/strong><br \/>Consigo fazer o curso apenas utilizando meu celular?<br \/>Sim<br \/>Quais materiais preciso para fazer este curso?<br \/>Voc\u00ea precisar\u00e1 de um celular ou computador com acesso a internet. Os programas que usaremos durante o curso s\u00e3o na sua maioria gratuitos e mesmo os programas pagos ter\u00e3o uma alternativa no modo gratuito.<\/p>\n<p><strong>Tem certificado?<\/strong><br \/>Sim.<\/p>\n<p>Estrutura<br \/>M\u00f3dulo 1<br \/>M1 &#8211; Aula 1 &#8211; INTRODU\u00c7\u00c3O<br \/>M1 &#8211; Aula 2 &#8211; DESATIVAR INTAGRAM<br \/>M1 &#8211; Aula 3 &#8211; DESATIVAR LINKEDIN<br \/>M1 &#8211; Aula 4 &#8211; DESATIVAR FACEBOOK<br \/>M1 &#8211; Aula 5 &#8211; DESATIVAR PINTEREST<br \/>M1 &#8211; Aula 6 &#8211; DESATIVAR YOUTUBE<br \/>M1 &#8211; Aula 7 &#8211; DESATIVAR TIKTOK<br \/>M1 &#8211; Aula 8 &#8211; DESATIVAR WEB R\u00c1DIO<br \/>M1 &#8211; Aula 9 &#8211; DESATIVAR FLICKR<br \/>M1 &#8211; Aula 10 &#8211; DESATIVAR DAILYMOTION<br \/>M1 &#8211; Aula 11 &#8211; DESATIVAR PODCASTS ANCHOR<br \/>M1 &#8211; Aula 12 &#8211; DESATIVAR PLATAFORMA EDAPP<br \/>M\u00f3dulo 2<br \/>M2 &#8211; Aula 1 &#8211; REATIVAR INSTAGRAM<br \/>M2 &#8211; Aula 2 &#8211; REATIVAR LINKEDIN<br \/>M2 &#8211; Aula 3 &#8211; REATIVAR FACEBOOK<br \/>M2 &#8211; Aula 4 &#8211; REATIVAR PINTEREST<br \/>M2 &#8211; Aula 5 &#8211; REATIVAR YOUTUBE<br \/>M2 &#8211; Aula 6 &#8211; REATIVAR TIKTOK<br \/>M2 &#8211; Aula 8 &#8211; REATIVAR FLICKR<br \/>M2 &#8211; Aula 11 &#8211; REATIVAR PLATAFORMA EDAPP<\/p>\n<p>P\u00fablico<br \/>O curso \u00e9 destinado especialmente para estagi\u00e1rios e funcion\u00e1rios p\u00fablicos.<\/p>","protected":false},"excerpt":{"rendered":"<p>Descri\u00e7\u00e3o do eventoEste curso INTERNO tem o objetivo principal de capacitar nossos servidores\/estagi\u00e1rios a desabilitar e reabilitar as diversas redes sociais e plataformas digitais existentes em conformidade com as leis eleitorais. O que voc\u00ea aprender\u00e1 no curso? Neste curso interno para servidores, voc\u00ea ira aprender o passo a passo detalhado de como desabilitar e reabilitar as mais diversas redes sociais e as diversas plataformas digitais no qual o Inova\u00e7\u00e3o Barueri\/ CIT\/ TV Inova\u00e7\u00e3o Barueri tem conta. A seguir ser\u00e1 apresentado uma lista com os t\u00f3picos que ser\u00e3o ensinados e que voc\u00ea aprender\u00e1 da melhor forma poss\u00edvel ao desenvolver as aulas dispon\u00edveis.INSTAGRAM- Habilitar e desabilitar a contaINSTAGRAM- Habilitar e desabilitar a conta &#8211; alternativaLINKEDIN &#8211; Habilitar e desabilitar a contaFACEBOOK &#8211; Habilitar e desabilitar a contaPINTEREST &#8211; Habilitar e desabilitar a contaWEB R\u00c1DIO ZENO.FM &#8211; Streamer &#8211; Habilitar e desabilitar a contaTIK TOK &#8211; Habilitar e desabilitar a contaFLICKR &#8211; Habilitar e desabilitar a contaDAILYMOTION &#8211; Habilitar e desabilitar a contaPODCASTS ANCHOR (SPOTIFY FOR PODCASTERS) &#8211; Habilitar e desabilitar a contaPLATAFORMA EDAPP &#8211; Habilitar e desabilitar a contaSITES EM GERAL &#8211; Habilitar e desabilitar a contaCHATBOT INOVA\u00c7\u00c3O BARUERI &#8211; Habilitar e desabilitar a contaPLATAFORMA DE EAD &#8211; INOVA\u00c7\u00c3O BARUERI &#8211; SYMPLA &#8211; Habilitar e desabilitar a conta D\u00favidas comuns:Consigo fazer o curso apenas utilizando meu celular?SimQuais materiais preciso para fazer este curso?Voc\u00ea precisar\u00e1 de um celular ou computador com acesso a internet. Os programas que usaremos durante o curso s\u00e3o na sua maioria gratuitos e mesmo os programas pagos ter\u00e3o uma alternativa no modo gratuito. Tem certificado?Sim. EstruturaM\u00f3dulo 1M1 &#8211; Aula 1 &#8211; INTRODU\u00c7\u00c3OM1 &#8211; Aula 2 &#8211; DESATIVAR INTAGRAMM1 &#8211; Aula 3 &#8211; DESATIVAR LINKEDINM1 &#8211; Aula 4 &#8211; DESATIVAR FACEBOOKM1 &#8211; Aula 5 &#8211; DESATIVAR PINTERESTM1 &#8211; Aula 6 &#8211; DESATIVAR YOUTUBEM1 &#8211; Aula 7 &#8211; DESATIVAR TIKTOKM1 &#8211; Aula 8 &#8211; DESATIVAR WEB R\u00c1DIOM1 &#8211; Aula 9 &#8211; DESATIVAR FLICKRM1 &#8211; Aula 10 &#8211; DESATIVAR DAILYMOTIONM1 &#8211; Aula 11 &#8211; DESATIVAR PODCASTS ANCHORM1 &#8211; Aula 12 &#8211; DESATIVAR PLATAFORMA EDAPPM\u00f3dulo 2M2 &#8211; Aula 1 &#8211; REATIVAR INSTAGRAMM2 &#8211; Aula 2 &#8211; REATIVAR LINKEDINM2 &#8211; Aula 3 &#8211; REATIVAR FACEBOOKM2 &#8211; Aula 4 &#8211; REATIVAR PINTERESTM2 &#8211; Aula 5 &#8211; REATIVAR YOUTUBEM2 &#8211; Aula 6 &#8211; REATIVAR TIKTOKM2 &#8211; Aula 8 &#8211; REATIVAR FLICKRM2 &#8211; Aula 11 &#8211; REATIVAR PLATAFORMA EDAPP P\u00fablicoO curso \u00e9 destinado especialmente para estagi\u00e1rios e funcion\u00e1rios p\u00fablicos.<\/p>","protected":false},"featured_media":32688,"comment_status":"open","ping_status":"closed","template":"","meta":{"_acf_changed":false},"product_brand":[],"product_cat":[153,147],"product_tag":[],"class_list":{"0":"post-32686","1":"product","2":"type-product","3":"status-publish","4":"has-post-thumbnail","6":"product_cat-estagiarios","7":"product_cat-redes-sociais","9":"first","10":"instock","11":"shipping-taxable","12":"product-type-external"},"acf":[],"_links":{"self":[{"href":"https:\/\/ead.barueri.sp.gov.br\/en\/wp-json\/wp\/v2\/product\/32686","targetHints":{"allow":["GET"]}}],"collection":[{"href":"https:\/\/ead.barueri.sp.gov.br\/en\/wp-json\/wp\/v2\/product"}],"about":[{"href":"https:\/\/ead.barueri.sp.gov.br\/en\/wp-json\/wp\/v2\/types\/product"}],"replies":[{"embeddable":true,"href":"https:\/\/ead.barueri.sp.gov.br\/en\/wp-json\/wp\/v2\/comments?post=32686"}],"wp:featuredmedia":[{"embeddable":true,"href":"https:\/\/ead.barueri.sp.gov.br\/en\/wp-json\/wp\/v2\/media\/32688"}],"wp:attachment":[{"href":"https:\/\/ead.barueri.sp.gov.br\/en\/wp-json\/wp\/v2\/media?parent=32686"}],"wp:term":[{"taxonomy":"product_brand","embeddable":true,"href":"https:\/\/ead.barueri.sp.gov.br\/en\/wp-json\/wp\/v2\/product_brand?post=32686"},{"taxonomy":"product_cat","embeddable":true,"href":"https:\/\/ead.barueri.sp.gov.br\/en\/wp-json\/wp\/v2\/product_cat?post=32686"},{"taxonomy":"product_tag","embeddable":true,"href":"https:\/\/ead.barueri.sp.gov.br\/en\/wp-json\/wp\/v2\/product_tag?post=32686"}],"curies":[{"name":"wp","href":"https:\/\/api.w.org\/{rel}","templated":true}]}}