{"id":32685,"date":"2024-12-18T16:40:50","date_gmt":"2024-12-18T19:40:50","guid":{"rendered":"https:\/\/ead.barueri.sp.gov.br\/?post_type=product&#038;p=32685"},"modified":"2025-01-29T11:24:00","modified_gmt":"2025-01-29T14:24:00","slug":"instrucoes-basicas-de-pilotagem","status":"publish","type":"product","link":"https:\/\/ead.barueri.sp.gov.br\/en\/product\/instrucoes-basicas-de-pilotagem\/","title":{"rendered":"Instru\u00e7\u00f5es B\u00e1sicas de Pilotagem"},"content":{"rendered":"<p>O que voc\u00ea aprender\u00e1<\/p>\n<p>T\u00e9cnicas de Pilotagens<\/p>\n<p>Descri\u00e7\u00e3o do evento<br \/>No curso ser\u00e1 apresentado t\u00e9cnicas de frenagens, acelera\u00e7\u00e3o, equipamentos, no\u00e7\u00f5es de curvas entre outros.<\/p>\n<p>Estrutura<br \/>Descri\u00e7\u00e3o do Curso<br \/>Descri\u00e7\u00e3o do curso<br \/>Modulo 1<br \/>Modulo 1 o meio de transporte<br \/>Modulo 2<br \/>M 2-1<br \/>M-2-2<br \/>M-2 Postura<br \/>Modulo 3<br \/>Modulo 3<br \/>Modulo 4<br \/>Legisla\u00e7\u00e3o<br \/>Modulo 5<br \/>T\u00e9cnicas e Habilidades<br \/>Modulo 6<br \/>Dicas Finais de Seguran\u00e7a.<br \/>Modulo 7<br \/>Conclus\u00e3o.<br \/>Modulo 8<br \/>Bibliografia.<br \/>Material Completo para impress\u00e3o<\/p>\n<p>P\u00fablico<br \/>Motociclistas<br \/>Motofretistas<br \/>Todos que possuem categoria A de CNH<\/p>","protected":false},"excerpt":{"rendered":"<p>O que voc\u00ea aprender\u00e1 T\u00e9cnicas de Pilotagens Descri\u00e7\u00e3o do eventoNo curso ser\u00e1 apresentado t\u00e9cnicas de frenagens, acelera\u00e7\u00e3o, equipamentos, no\u00e7\u00f5es de curvas entre outros. EstruturaDescri\u00e7\u00e3o do CursoDescri\u00e7\u00e3o do cursoModulo 1Modulo 1 o meio de transporteModulo 2M 2-1M-2-2M-2 PosturaModulo 3Modulo 3Modulo 4Legisla\u00e7\u00e3oModulo 5T\u00e9cnicas e HabilidadesModulo 6Dicas Finais de Seguran\u00e7a.Modulo 7Conclus\u00e3o.Modulo 8Bibliografia.Material Completo para impress\u00e3o P\u00fablicoMotociclistasMotofretistasTodos que possuem categoria A de CNH<\/p>","protected":false},"featured_media":32687,"comment_status":"open","ping_status":"closed","template":"","meta":{"_acf_changed":false},"product_brand":[],"product_cat":[220],"product_tag":[],"class_list":{"0":"post-32685","1":"product","2":"type-product","3":"status-publish","4":"has-post-thumbnail","6":"product_cat-externocidadao","8":"first","9":"instock","10":"shipping-taxable","11":"product-type-external"},"acf":[],"_links":{"self":[{"href":"https:\/\/ead.barueri.sp.gov.br\/en\/wp-json\/wp\/v2\/product\/32685","targetHints":{"allow":["GET"]}}],"collection":[{"href":"https:\/\/ead.barueri.sp.gov.br\/en\/wp-json\/wp\/v2\/product"}],"about":[{"href":"https:\/\/ead.barueri.sp.gov.br\/en\/wp-json\/wp\/v2\/types\/product"}],"replies":[{"embeddable":true,"href":"https:\/\/ead.barueri.sp.gov.br\/en\/wp-json\/wp\/v2\/comments?post=32685"}],"wp:featuredmedia":[{"embeddable":true,"href":"https:\/\/ead.barueri.sp.gov.br\/en\/wp-json\/wp\/v2\/media\/32687"}],"wp:attachment":[{"href":"https:\/\/ead.barueri.sp.gov.br\/en\/wp-json\/wp\/v2\/media?parent=32685"}],"wp:term":[{"taxonomy":"product_brand","embeddable":true,"href":"https:\/\/ead.barueri.sp.gov.br\/en\/wp-json\/wp\/v2\/product_brand?post=32685"},{"taxonomy":"product_cat","embeddable":true,"href":"https:\/\/ead.barueri.sp.gov.br\/en\/wp-json\/wp\/v2\/product_cat?post=32685"},{"taxonomy":"product_tag","embeddable":true,"href":"https:\/\/ead.barueri.sp.gov.br\/en\/wp-json\/wp\/v2\/product_tag?post=32685"}],"curies":[{"name":"wp","href":"https:\/\/api.w.org\/{rel}","templated":true}]}}