{"id":32683,"date":"2024-12-18T16:38:29","date_gmt":"2024-12-18T19:38:29","guid":{"rendered":"https:\/\/ead.barueri.sp.gov.br\/?post_type=product&#038;p=32683"},"modified":"2025-01-29T08:20:21","modified_gmt":"2025-01-29T11:20:21","slug":"gestor-portal-cit","status":"publish","type":"product","link":"https:\/\/ead.barueri.sp.gov.br\/en\/product\/gestor-portal-cit\/","title":{"rendered":"Gestor portal CIT"},"content":{"rendered":"<p>O que voc\u00ea aprender\u00e1<\/p>\n<p>Como acessar o Portal CIT &#8211; Gestor<\/p>\n<p>Cadastro de projeto completo<\/p>\n<p>Cadastros auxiliares<\/p>\n<p>Cadastro e gest\u00e3o de not\u00edcias<\/p>\n<p>Muito mais<\/p>\n<p>Descri\u00e7\u00e3o do evento<br \/>O Portal CIT \u00e9 uma interface para consulta dos projetos e solu\u00e7\u00f5es desenvolvidas e implementadas pelo CIT para simplificar, melhorar e agilizar o acesso do cidad\u00e3o aos servi\u00e7os municipais. Nele \u00e9 poss\u00edvel ver informa\u00e7\u00f5es essenciais sobre cada projeto, as secretarias que eles atendem e a quais objetivos da ONU est\u00e3o relacionados, bem como informa\u00e7\u00f5es sobre a participa\u00e7\u00e3o do CIT em eventos, premia\u00e7\u00f5es recebidas, not\u00edcias relativas ao CIT, dentre outras coisas. Este guia r\u00e1pido visa apresentar as informa\u00e7\u00f5es b\u00e1sicas para a navega\u00e7\u00e3o e uso desse portal<\/p>\n<p>O que voc\u00ea aprender\u00e1 no curso?<\/p>\n<p>&#8211; Como acessar o Portal Gestor CIT<br \/>Cadastro de projeto completo<br \/>cadastros auxiliares<br \/>cadastro e gest\u00e3o de not\u00edcias<br \/>&#8211; muito mais<\/p>\n<p>Para quem \u00e9 este curso?<\/p>\n<p>Gestores<\/p>\n<p>D\u00favidas comuns:<br \/>Consigo fazer o curso apenas utilizando meu celular?<br \/>Sim<br \/>Quais materiais preciso para fazer este curso?<br \/>Voc\u00ea precisar\u00e1 de um celular ou computador com acesso a internet. Os programas que usaremos durante o curso s\u00e3o na sua maioria gratuitos e mesmo os programas pagos ter\u00e3o uma alternativa no modo gratuito.<\/p>\n<p>Tem certificado?<br \/>Sim.<\/p>\n<p>Estrutura<br \/>M\u00f3dulo 1 &#8211; Portal CIT<\/p>\n<p>P\u00fablico<br \/>Gestores<\/p>","protected":false},"excerpt":{"rendered":"<p>O que voc\u00ea aprender\u00e1 Como acessar o Portal CIT &#8211; Gestor Cadastro de projeto completo Cadastros auxiliares Cadastro e gest\u00e3o de not\u00edcias Muito mais Descri\u00e7\u00e3o do eventoO Portal CIT \u00e9 uma interface para consulta dos projetos e solu\u00e7\u00f5es desenvolvidas e implementadas pelo CIT para simplificar, melhorar e agilizar o acesso do cidad\u00e3o aos servi\u00e7os municipais. Nele \u00e9 poss\u00edvel ver informa\u00e7\u00f5es essenciais sobre cada projeto, as secretarias que eles atendem e a quais objetivos da ONU est\u00e3o relacionados, bem como informa\u00e7\u00f5es sobre a participa\u00e7\u00e3o do CIT em eventos, premia\u00e7\u00f5es recebidas, not\u00edcias relativas ao CIT, dentre outras coisas. Este guia r\u00e1pido visa apresentar as informa\u00e7\u00f5es b\u00e1sicas para a navega\u00e7\u00e3o e uso desse portal O que voc\u00ea aprender\u00e1 no curso? &#8211; Como acessar o Portal Gestor CITCadastro de projeto completocadastros auxiliarescadastro e gest\u00e3o de not\u00edcias&#8211; muito mais Para quem \u00e9 este curso? Gestores D\u00favidas comuns:Consigo fazer o curso apenas utilizando meu celular?SimQuais materiais preciso para fazer este curso?Voc\u00ea precisar\u00e1 de um celular ou computador com acesso a internet. Os programas que usaremos durante o curso s\u00e3o na sua maioria gratuitos e mesmo os programas pagos ter\u00e3o uma alternativa no modo gratuito. Tem certificado?Sim. EstruturaM\u00f3dulo 1 &#8211; Portal CIT P\u00fablicoGestores<\/p>","protected":false},"featured_media":32684,"comment_status":"open","ping_status":"closed","template":"","meta":{"_acf_changed":false},"product_brand":[],"product_cat":[152],"product_tag":[],"class_list":{"0":"post-32683","1":"product","2":"type-product","3":"status-publish","4":"has-post-thumbnail","6":"product_cat-funcionarios","8":"first","9":"instock","10":"shipping-taxable","11":"product-type-external"},"acf":[],"_links":{"self":[{"href":"https:\/\/ead.barueri.sp.gov.br\/en\/wp-json\/wp\/v2\/product\/32683","targetHints":{"allow":["GET"]}}],"collection":[{"href":"https:\/\/ead.barueri.sp.gov.br\/en\/wp-json\/wp\/v2\/product"}],"about":[{"href":"https:\/\/ead.barueri.sp.gov.br\/en\/wp-json\/wp\/v2\/types\/product"}],"replies":[{"embeddable":true,"href":"https:\/\/ead.barueri.sp.gov.br\/en\/wp-json\/wp\/v2\/comments?post=32683"}],"wp:featuredmedia":[{"embeddable":true,"href":"https:\/\/ead.barueri.sp.gov.br\/en\/wp-json\/wp\/v2\/media\/32684"}],"wp:attachment":[{"href":"https:\/\/ead.barueri.sp.gov.br\/en\/wp-json\/wp\/v2\/media?parent=32683"}],"wp:term":[{"taxonomy":"product_brand","embeddable":true,"href":"https:\/\/ead.barueri.sp.gov.br\/en\/wp-json\/wp\/v2\/product_brand?post=32683"},{"taxonomy":"product_cat","embeddable":true,"href":"https:\/\/ead.barueri.sp.gov.br\/en\/wp-json\/wp\/v2\/product_cat?post=32683"},{"taxonomy":"product_tag","embeddable":true,"href":"https:\/\/ead.barueri.sp.gov.br\/en\/wp-json\/wp\/v2\/product_tag?post=32683"}],"curies":[{"name":"wp","href":"https:\/\/api.w.org\/{rel}","templated":true}]}}