{"id":32681,"date":"2024-12-18T16:35:16","date_gmt":"2024-12-18T19:35:16","guid":{"rendered":"https:\/\/ead.barueri.sp.gov.br\/?post_type=product&#038;p=32681"},"modified":"2025-09-12T09:17:16","modified_gmt":"2025-09-12T12:17:16","slug":"portal-cit","status":"publish","type":"product","link":"https:\/\/ead.barueri.sp.gov.br\/en\/product\/portal-cit\/","title":{"rendered":"Portal CIT"},"content":{"rendered":"<p>O que voc\u00ea aprender\u00e1<\/p>\n<p>Como acessar o Portal CIT<\/p>\n<p>Principais funcionalidades da Home.<\/p>\n<p>Descobrir o que \u00e9 e como funciona o CIT<\/p>\n<p>Descri\u00e7\u00e3o do evento<br \/>O Portal CIT \u00e9 uma interface para consulta dos projetos e solu\u00e7\u00f5es desenvolvidas e implementadas pelo CIT para simplificar, melhorar e agilizar o acesso do cidad\u00e3o aos servi\u00e7os municipais. Nele \u00e9 poss\u00edvel ver informa\u00e7\u00f5es essenciais sobre cada projeto, as secretarias que eles atendem e a quais objetivos da ONU est\u00e3o relacionados, bem como informa\u00e7\u00f5es sobre a participa\u00e7\u00e3o do CIT em eventos, premia\u00e7\u00f5es recebidas, not\u00edcias relativas ao CIT, dentre outras coisas. Este guia r\u00e1pido visa apresentar as informa\u00e7\u00f5es b\u00e1sicas para a navega\u00e7\u00e3o e uso desse portal<\/p>\n<p><strong>O que voc\u00ea aprender\u00e1 no curso?<\/strong><\/p>\n<p>&#8211; Como acessar o Portal CIT<br \/>&#8211; Principais funcionalidades da Home.<br \/>&#8211; Descobrir o que \u00e9 e como funciona o CIT<br \/>-Acesso a todo o portfolio de solu\u00e7\u00f5es desenvolvidas e administradas pelo CIT<br \/>-Usar os principais servi\u00e7os fornecidos pela plataforma como:<br \/>-consulta de pontos de wifi gratuitos<br \/>-acesso as cameras de monitoramento da cidade<br \/>-Consulta a Premia\u00e7\u00f5es recebidas Nacional e Internacionalmente<br \/>-Consulta a Eventos em que o CIT representou a cidade de Barueri<br \/>-Entre Outros<br \/><strong>Para quem \u00e9 este curso?<\/strong><\/p>\n<p>Estagi\u00e1rios<br \/>Funcion\u00e1rios<br \/>Cidad\u00e3o<\/p>\n<p><strong>D\u00favidas comuns:<\/strong><br \/>Consigo fazer o curso apenas utilizando meu celular?<br \/>Sim<br \/>Quais materiais preciso para fazer este curso?<br \/>Voc\u00ea precisar\u00e1 de um celular ou computador com acesso a internet. Os programas que usaremos durante o curso s\u00e3o na sua maioria gratuitos e mesmo os programas pagos ter\u00e3o uma alternativa no modo gratuito.<\/p>\n<p><strong>Tem certificado?<\/strong><br \/>Sim.<\/p>\n<p>Estrutura<br \/>M\u00f3dulo 1 &#8211; Portal Cit<\/p>\n<p>P\u00fablico<br \/>Estagi\u00e1rios<br \/>Funcion\u00e1rios<br \/>Cidad\u00e3o<\/p>","protected":false},"excerpt":{"rendered":"<p>O que voc\u00ea aprender\u00e1 Como acessar o Portal CIT Principais funcionalidades da Home. Descobrir o que \u00e9 e como funciona o CIT Descri\u00e7\u00e3o do eventoO Portal CIT \u00e9 uma interface para consulta dos projetos e solu\u00e7\u00f5es desenvolvidas e implementadas pelo CIT para simplificar, melhorar e agilizar o acesso do cidad\u00e3o aos servi\u00e7os municipais. Nele \u00e9 poss\u00edvel ver informa\u00e7\u00f5es essenciais sobre cada projeto, as secretarias que eles atendem e a quais objetivos da ONU est\u00e3o relacionados, bem como informa\u00e7\u00f5es sobre a participa\u00e7\u00e3o do CIT em eventos, premia\u00e7\u00f5es recebidas, not\u00edcias relativas ao CIT, dentre outras coisas. Este guia r\u00e1pido visa apresentar as informa\u00e7\u00f5es b\u00e1sicas para a navega\u00e7\u00e3o e uso desse portal O que voc\u00ea aprender\u00e1 no curso? &#8211; Como acessar o Portal CIT&#8211; Principais funcionalidades da Home.&#8211; Descobrir o que \u00e9 e como funciona o CIT-Acesso a todo o portfolio de solu\u00e7\u00f5es desenvolvidas e administradas pelo CIT-Usar os principais servi\u00e7os fornecidos pela plataforma como:-consulta de pontos de wifi gratuitos-acesso as cameras de monitoramento da cidade-Consulta a Premia\u00e7\u00f5es recebidas Nacional e Internacionalmente-Consulta a Eventos em que o CIT representou a cidade de Barueri-Entre OutrosPara quem \u00e9 este curso? Estagi\u00e1riosFuncion\u00e1riosCidad\u00e3o D\u00favidas comuns:Consigo fazer o curso apenas utilizando meu celular?SimQuais materiais preciso para fazer este curso?Voc\u00ea precisar\u00e1 de um celular ou computador com acesso a internet. Os programas que usaremos durante o curso s\u00e3o na sua maioria gratuitos e mesmo os programas pagos ter\u00e3o uma alternativa no modo gratuito. Tem certificado?Sim. EstruturaM\u00f3dulo 1 &#8211; Portal Cit P\u00fablicoEstagi\u00e1riosFuncion\u00e1riosCidad\u00e3o<\/p>","protected":false},"featured_media":32682,"comment_status":"open","ping_status":"closed","template":"","meta":{"_acf_changed":false},"product_brand":[],"product_cat":[153,220,152],"product_tag":[],"class_list":{"0":"post-32681","1":"product","2":"type-product","3":"status-publish","4":"has-post-thumbnail","6":"product_cat-estagiarios","7":"product_cat-externocidadao","8":"product_cat-funcionarios","10":"first","11":"instock","12":"shipping-taxable","13":"product-type-external"},"acf":[],"_links":{"self":[{"href":"https:\/\/ead.barueri.sp.gov.br\/en\/wp-json\/wp\/v2\/product\/32681","targetHints":{"allow":["GET"]}}],"collection":[{"href":"https:\/\/ead.barueri.sp.gov.br\/en\/wp-json\/wp\/v2\/product"}],"about":[{"href":"https:\/\/ead.barueri.sp.gov.br\/en\/wp-json\/wp\/v2\/types\/product"}],"replies":[{"embeddable":true,"href":"https:\/\/ead.barueri.sp.gov.br\/en\/wp-json\/wp\/v2\/comments?post=32681"}],"wp:featuredmedia":[{"embeddable":true,"href":"https:\/\/ead.barueri.sp.gov.br\/en\/wp-json\/wp\/v2\/media\/32682"}],"wp:attachment":[{"href":"https:\/\/ead.barueri.sp.gov.br\/en\/wp-json\/wp\/v2\/media?parent=32681"}],"wp:term":[{"taxonomy":"product_brand","embeddable":true,"href":"https:\/\/ead.barueri.sp.gov.br\/en\/wp-json\/wp\/v2\/product_brand?post=32681"},{"taxonomy":"product_cat","embeddable":true,"href":"https:\/\/ead.barueri.sp.gov.br\/en\/wp-json\/wp\/v2\/product_cat?post=32681"},{"taxonomy":"product_tag","embeddable":true,"href":"https:\/\/ead.barueri.sp.gov.br\/en\/wp-json\/wp\/v2\/product_tag?post=32681"}],"curies":[{"name":"wp","href":"https:\/\/api.w.org\/{rel}","templated":true}]}}