{"id":32678,"date":"2024-12-18T16:25:27","date_gmt":"2024-12-18T19:25:27","guid":{"rendered":"https:\/\/ead.barueri.sp.gov.br\/?post_type=product&#038;p=32678"},"modified":"2025-01-29T11:47:35","modified_gmt":"2025-01-29T14:47:35","slug":"curso-de-eletronica-construcao-de-sensor-de-luz-noturna","status":"publish","type":"product","link":"https:\/\/ead.barueri.sp.gov.br\/en\/product\/curso-de-eletronica-construcao-de-sensor-de-luz-noturna\/","title":{"rendered":"CURSO DE ELETR\u00d4NICA &#8211; Constru\u00e7\u00e3o de Sensor de luz noturna"},"content":{"rendered":"<p><strong>Descri\u00e7\u00e3o do evento<\/strong><br \/>O curso de Eletr\u00f4nica oferece uma oportunidade incr\u00edvel de adquirir conhecimento valioso de forma envolvente e divertida. \u00c9 uma excelente op\u00e7\u00e3o para ser apresentado na sua feira de ci\u00eancias, proporcionando um primeiro contato com o mundo da eletr\u00f4nica atrav\u00e9s da montagem de um circuito simples e acess\u00edvel a qualquer pessoa interessada em aprender.<\/p>\n<p><strong>O que voc\u00ea aprender\u00e1 no curso?<\/strong><br \/>No curso, voc\u00ea aprender\u00e1 na pr\u00e1tica como montar um circuito eletr\u00f4nico de forma simples.<br \/>Aprender\u00e1 sobre os componentes utilizados, como resistor, LED, LDR e transistor, e como medi-los utilizando o mult\u00edmetro para saber se est\u00e3o em \u00f3timo funcionamento para montagem. Tamb\u00e9m ver\u00e1 algumas aplica\u00e7\u00f5es no dia a dia.<\/p>\n<p><strong>D\u00favidas comuns<\/strong><br \/>1.Consigo fazer o curso apenas utilizando meu celular?<br \/>Sim!<br \/>2.Quais materiais preciso para fazer este curso?<br \/>Voc\u00ea precisar\u00e1 de um celular ou computador com acesso a internet. Os programas que usaremos durante o curso s\u00e3o na sua maioria gratuitos e mesmo os programas pagos ter\u00e3o uma alternativa no modo gratuito.<br \/>Voc\u00ea tamb\u00e9m precisar\u00e1 de alguns componentes para a constru\u00e7\u00e3o do circuito, tais como:<br \/>1 Led<br \/>1 Transistor BC547<br \/>1 Resistor 120k\u03a9<br \/>1 LDRS<br \/>1 Pilha de 9v<br \/>1 Clipe para bateria<br \/>Ferro de solda e estranho para solda ou uma protoboard.<br \/>1 Mult\u00edmetro (opcional)<br \/>Estes componentes s\u00e3o geralmente de baixo custo e amplamente dispon\u00edveis, tornando-os acess\u00edveis e f\u00e1ceis de encontrar.<\/p>\n<p><strong>Tem certificado?<\/strong><br \/>Sim!<\/p>\n<p>Estrutura<br \/>M\u00f3dulo 1 &#8211; O que \u00e9 um sensor de Luz noturna?<br \/>M\u00f3dulo 2 &#8211; Mat\u00e9rias para constru\u00e7\u00e3o do circuito<br \/>M\u00f3dulo 3 -Fase de teste dos componentes, testando o Led.<br \/>M\u00f3dulo 4 &#8211; Montagem do circuito.<\/p>\n<p>P\u00fablico<br \/>Estagi\u00e1rios<br \/>Funcion\u00e1rios<br \/>Cidad\u00e3os<\/p>","protected":false},"excerpt":{"rendered":"<p>Descri\u00e7\u00e3o do eventoO curso de Eletr\u00f4nica oferece uma oportunidade incr\u00edvel de adquirir conhecimento valioso de forma envolvente e divertida. \u00c9 uma excelente op\u00e7\u00e3o para ser apresentado na sua feira de ci\u00eancias, proporcionando um primeiro contato com o mundo da eletr\u00f4nica atrav\u00e9s da montagem de um circuito simples e acess\u00edvel a qualquer pessoa interessada em aprender. O que voc\u00ea aprender\u00e1 no curso?No curso, voc\u00ea aprender\u00e1 na pr\u00e1tica como montar um circuito eletr\u00f4nico de forma simples.Aprender\u00e1 sobre os componentes utilizados, como resistor, LED, LDR e transistor, e como medi-los utilizando o mult\u00edmetro para saber se est\u00e3o em \u00f3timo funcionamento para montagem. Tamb\u00e9m ver\u00e1 algumas aplica\u00e7\u00f5es no dia a dia. D\u00favidas comuns1.Consigo fazer o curso apenas utilizando meu celular?Sim!2.Quais materiais preciso para fazer este curso?Voc\u00ea precisar\u00e1 de um celular ou computador com acesso a internet. Os programas que usaremos durante o curso s\u00e3o na sua maioria gratuitos e mesmo os programas pagos ter\u00e3o uma alternativa no modo gratuito.Voc\u00ea tamb\u00e9m precisar\u00e1 de alguns componentes para a constru\u00e7\u00e3o do circuito, tais como:1 Led1 Transistor BC5471 Resistor 120k\u03a91 LDRS1 Pilha de 9v1 Clipe para bateriaFerro de solda e estranho para solda ou uma protoboard.1 Mult\u00edmetro (opcional)Estes componentes s\u00e3o geralmente de baixo custo e amplamente dispon\u00edveis, tornando-os acess\u00edveis e f\u00e1ceis de encontrar. Tem certificado?Sim! EstruturaM\u00f3dulo 1 &#8211; O que \u00e9 um sensor de Luz noturna?M\u00f3dulo 2 &#8211; Mat\u00e9rias para constru\u00e7\u00e3o do circuitoM\u00f3dulo 3 -Fase de teste dos componentes, testando o Led.M\u00f3dulo 4 &#8211; Montagem do circuito. P\u00fablicoEstagi\u00e1riosFuncion\u00e1riosCidad\u00e3os<\/p>","protected":false},"featured_media":32679,"comment_status":"open","ping_status":"closed","template":"","meta":{"_acf_changed":false},"product_brand":[],"product_cat":[153,220,152],"product_tag":[],"class_list":{"0":"post-32678","1":"product","2":"type-product","3":"status-publish","4":"has-post-thumbnail","6":"product_cat-estagiarios","7":"product_cat-externocidadao","8":"product_cat-funcionarios","10":"first","11":"instock","12":"shipping-taxable","13":"product-type-external"},"acf":[],"_links":{"self":[{"href":"https:\/\/ead.barueri.sp.gov.br\/en\/wp-json\/wp\/v2\/product\/32678","targetHints":{"allow":["GET"]}}],"collection":[{"href":"https:\/\/ead.barueri.sp.gov.br\/en\/wp-json\/wp\/v2\/product"}],"about":[{"href":"https:\/\/ead.barueri.sp.gov.br\/en\/wp-json\/wp\/v2\/types\/product"}],"replies":[{"embeddable":true,"href":"https:\/\/ead.barueri.sp.gov.br\/en\/wp-json\/wp\/v2\/comments?post=32678"}],"wp:featuredmedia":[{"embeddable":true,"href":"https:\/\/ead.barueri.sp.gov.br\/en\/wp-json\/wp\/v2\/media\/32679"}],"wp:attachment":[{"href":"https:\/\/ead.barueri.sp.gov.br\/en\/wp-json\/wp\/v2\/media?parent=32678"}],"wp:term":[{"taxonomy":"product_brand","embeddable":true,"href":"https:\/\/ead.barueri.sp.gov.br\/en\/wp-json\/wp\/v2\/product_brand?post=32678"},{"taxonomy":"product_cat","embeddable":true,"href":"https:\/\/ead.barueri.sp.gov.br\/en\/wp-json\/wp\/v2\/product_cat?post=32678"},{"taxonomy":"product_tag","embeddable":true,"href":"https:\/\/ead.barueri.sp.gov.br\/en\/wp-json\/wp\/v2\/product_tag?post=32678"}],"curies":[{"name":"wp","href":"https:\/\/api.w.org\/{rel}","templated":true}]}}