{"id":1790,"date":"2024-02-28T14:50:06","date_gmt":"2024-02-28T17:50:06","guid":{"rendered":"https:\/\/ead.barueri.sp.gov.br\/?post_type=product&#038;p=1790"},"modified":"2026-01-10T02:31:18","modified_gmt":"2026-01-10T05:31:18","slug":"service-now","status":"publish","type":"product","link":"https:\/\/ead.barueri.sp.gov.br\/en\/product\/service-now\/","title":{"rendered":"Programa + tecnologia para voc\u00ea &#8211; Service Now"},"content":{"rendered":"<p>Informa\u00e7\u00f5es Gerais<\/p>\n<p>Inscri\u00e7\u00f5es: 23\/02\/24 a 19\/03\/2024 ou at\u00e9 o preenchimento das vagas dispon\u00edveis<br \/>Aula inaugural: 21\/03\/24 15h &#8211; Local: C\u00e2mara Municipal de Barueri<br \/>Per\u00edodo do curso: entre 30 a 45 dias.<br \/>Formato do Curso: o curso ser\u00e1 disponibilizado ON demand, ou seja, online, para que voc\u00ea estude mediante a sua disponibilidade de tempo.<br \/>Durante a primeira fase do curso, at\u00e9 20 pessoas passar\u00e3o para a segunda fase.<br \/>Na segunda fase, apenas 5 ser\u00e3o contratados. Os demais que conclu\u00edrem o curso, apenas receber\u00e3o o certificado.<\/p>\n<p><strong>Vagas LIMITADAS<\/strong><\/p>\n<p>Pr\u00e9-requisitos para valida\u00e7\u00e3o da Inscri\u00e7\u00e3o:<\/p>\n<p>Ter<strong>\u00a0conhecimento b\u00e1sico na \u00e1rea de programa\u00e7\u00e3o em HTML, CSS e Javascript e em L\u00f3gica<\/strong>;<br \/>Alunos de\u00a0<strong>3\u00ba ano do ensino m\u00e9dio t\u00e9cnico<\/strong>\u00a0e\/ou<strong>\u00a0a partir do 1\u00ba ano de faculdade<\/strong>.<br \/>Apesar de o treinamento ser ministrado em portugu\u00eas, a plataforma e sua documenta\u00e7\u00e3o estar\u00e3o em ingl\u00eas. Sendo que\u00a0<strong>possuir um ingl\u00eas t\u00e9cnico<\/strong>\u00a0para leitura \u00e9 recomendado.<\/p>\n<p>Sobre o Programa + Tecnologia para voc\u00ea<\/p>\n<p>Quer trabalhar com a tecnologia da empresa mais inovadora do mundo?<\/p>\n<p>Quer fazer parte de um mercado de trabalho com milhares de vagas no LinkedIn?<\/p>\n<p>Quer conhecer a plataforma 100% cloud que permite criar aplica\u00e7\u00f5es r\u00e1pidas, com baixa codifica\u00e7\u00e3o, alta escalabilidade e componentes reutiliz\u00e1veis e intuitivos?<\/p>\n<p>Conhe\u00e7a o curso: plataforma ServiceNow &#8211; ferramenta de automa\u00e7\u00e3o e gest\u00e3o de servi\u00e7o<\/p>\n<p>A ServiceNow \u00e9 uma plataforma de automa\u00e7\u00e3o corporativa em\u00a0<strong>nuvem<\/strong>\u00a0que busca permitir que fluxos de trabalho sejam realizados de forma\u00a0<strong>automatizada<\/strong>\u00a0e que ao mesmo tempo seja simples de ser\u00a0<strong>gerenciada<\/strong>\u00a0e<strong>\u00a0customizada.<\/strong><br \/>A plataforma ServiceNow adota o conceito de\u00a0<strong>Low Code \/ No Code<\/strong>. O que permite aos administradores utilizarem de v\u00e1rios recursos da plataforma sem a necessidade de conhecimento profundo em codifica\u00e7\u00e3o.<br \/>Dezenas de aplica\u00e7\u00f5es corporativas\u00a0<strong>\u00e1geis<\/strong>\u00a0prontas para gest\u00e3o dos processos de TI, que permite \u00e0s pessoas automa\u00e7\u00e3o de workflows para o neg\u00f3cios e clientes para as mais diferentes ind\u00fastrias.<br \/>Ainda, a plataforma tem um potencial poderoso, que pode ser explorado por aqueles que dominam:<br \/>JavaScript<br \/>HTML<br \/>CSS<br \/>Angular<\/p>\n<p>N\u00e3o est\u00e1 familiarizado com alguns dos conceitos que apresentamos?<\/p>\n<p>N\u00e3o se preocupe, durante o treinamento iremos apresentar a administra\u00e7\u00e3o da plataforma e o que s\u00e3o esses conceitos na pr\u00e1tica:<br \/>20 horas de treinamento On Demand<br \/>Administra\u00e7\u00e3o da plataforma e conceitos de ITSM<br \/>Exerc\u00edcios pr\u00e1ticos na sua pr\u00f3pria inst\u00e2ncia de estudos<br \/>Question\u00e1rios ao fim de cada m\u00f3dulo<br \/>Plant\u00e3o de d\u00favidas<\/p>\n<p><strong>Sabe o melhor?<\/strong><br \/>Al\u00e9m de voc\u00ea aprender sobre uma profiss\u00e3o incr\u00edvel, voc\u00ea ser\u00e1 contratado pela empresa! Isto mesmo, os\u00a0<strong>5 primeiros colocados do curso ser\u00e3o contratados pela Multinacional PROV<\/strong>(vide crit\u00e9rios gerais)<\/p>\n<p>Crit\u00e9rios: Os 5 primeiros alunos a concluir o curso, entregar o desafio e com as 5 melhores notas no Desafio, ser\u00e3o contratados pela ProV International, uma empresa global de servi\u00e7os gerenciados de TI que fornece solu\u00e7\u00f5es que ajudam as empresas a agilizar processos em v\u00e1rias verticais.<\/p>\n<p>Importante: a inscri\u00e7\u00e3o n\u00e3o garante a vaga, a mesma ser\u00e1 validada mediante o cumprimento dos requisitos mencionados.<\/p>\n<p><strong>Sobre a PROV<\/strong><\/p>\n<p>A ProV \u00e9 uma empresa de consultoria em tecnologia global premiada. Especializada em estrat\u00e9gia, consultoria, implementa\u00e7\u00e3o, gerenciamento e otimiza\u00e7\u00e3o de TI. Nossas solu\u00e7\u00f5es de tecnologia comprovadas n\u00e3o apenas melhoram as opera\u00e7\u00f5es, mas fornecem melhores resultados e resultados de neg\u00f3cios.<\/p>\n<p>Somos especializados em: Tecnologia de Nuvem, Estrat\u00e9gia e Consultoria de TI, Implementa\u00e7\u00e3o de Software, Otimiza\u00e7\u00e3o de Processos de Neg\u00f3cios e Opera\u00e7\u00f5es Inteligentes.<\/p>\n<p>Constru\u00edmos uma pilha de tecnologia que apoiar\u00e1 os objetivos de longo prazo de sua empresa. Nossa equipe \u00e9 apaixonada e pronta para trabalhar. Sabemos o que voc\u00ea precisa e espera.<\/p>\n<p>Somos um parceiro certificado das principais plataformas de tecnologia usadas atualmente, incluindo ServiceNow, IFS Applications, Microsoft Azure, Tanium, Boomi, Sugar CRM e UiPath.<\/p>\n<p><img decoding=\"async\" src=\"https:\/\/images.sympla.com.br\/63eb8c1c96071.jpg\"><\/p>\n<p><img decoding=\"async\" src=\"https:\/\/images.sympla.com.br\/63eb8c32d161e.jpg\"><\/p>","protected":false},"excerpt":{"rendered":"<p>Acesse o curso:<br \/>https:\/\/www.sympla.com.br\/play\/programa-tecnologia-para-voce-servicenow\/1802887<\/p>","protected":false},"featured_media":1791,"comment_status":"open","ping_status":"closed","template":"","meta":{"_acf_changed":false},"product_brand":[],"product_cat":[205,220,151,148],"product_tag":[],"class_list":{"0":"post-1790","1":"product","2":"type-product","3":"status-publish","4":"has-post-thumbnail","6":"product_cat-informatica","7":"product_cat-externocidadao","8":"product_cat-para-todos","9":"product_cat-softwares","11":"first","12":"instock","13":"downloadable","14":"shipping-taxable","15":"product-type-external"},"acf":[],"_links":{"self":[{"href":"https:\/\/ead.barueri.sp.gov.br\/en\/wp-json\/wp\/v2\/product\/1790","targetHints":{"allow":["GET"]}}],"collection":[{"href":"https:\/\/ead.barueri.sp.gov.br\/en\/wp-json\/wp\/v2\/product"}],"about":[{"href":"https:\/\/ead.barueri.sp.gov.br\/en\/wp-json\/wp\/v2\/types\/product"}],"replies":[{"embeddable":true,"href":"https:\/\/ead.barueri.sp.gov.br\/en\/wp-json\/wp\/v2\/comments?post=1790"}],"wp:featuredmedia":[{"embeddable":true,"href":"https:\/\/ead.barueri.sp.gov.br\/en\/wp-json\/wp\/v2\/media\/1791"}],"wp:attachment":[{"href":"https:\/\/ead.barueri.sp.gov.br\/en\/wp-json\/wp\/v2\/media?parent=1790"}],"wp:term":[{"taxonomy":"product_brand","embeddable":true,"href":"https:\/\/ead.barueri.sp.gov.br\/en\/wp-json\/wp\/v2\/product_brand?post=1790"},{"taxonomy":"product_cat","embeddable":true,"href":"https:\/\/ead.barueri.sp.gov.br\/en\/wp-json\/wp\/v2\/product_cat?post=1790"},{"taxonomy":"product_tag","embeddable":true,"href":"https:\/\/ead.barueri.sp.gov.br\/en\/wp-json\/wp\/v2\/product_tag?post=1790"}],"curies":[{"name":"wp","href":"https:\/\/api.w.org\/{rel}","templated":true}]}}