{"id":1788,"date":"2024-02-28T14:37:59","date_gmt":"2024-02-28T17:37:59","guid":{"rendered":"https:\/\/ead.barueri.sp.gov.br\/?post_type=product&#038;p=1788"},"modified":"2025-01-29T05:34:08","modified_gmt":"2025-01-29T08:34:08","slug":"treinamento-app-barueri-mobile","status":"publish","type":"product","link":"https:\/\/ead.barueri.sp.gov.br\/en\/product\/treinamento-app-barueri-mobile\/","title":{"rendered":"Treinamento APP Barueri Mobile"},"content":{"rendered":"<p>O APP Barueri permite comunica\u00e7\u00e3o direta entre cidad\u00e3o e a prefeitura, no qual voc\u00ea poder\u00e1 contribuir reportando alguma situa\u00e7\u00e3o ou problema que precise de uma provid\u00eancia, de qualquer lugar e a qualquer hora. Possibilitando acompanhar, gerenciar, registrar suas contribui\u00e7\u00f5es, solicitar servi\u00e7os, dar sugest\u00f5es ou reclama\u00e7\u00f5es, entre outros.<\/p>\n<p><strong>O que voc\u00ea aprender\u00e1<\/strong><br \/>\u2022 Como instalar o App Barueri em seu Smartphone<br \/>\u2022 Introdu\u00e7\u00e3o ao App Barueri e Configura\u00e7\u00e3o de Primeiro Acesso<br \/>\u2022 Introdu\u00e7\u00e3o de todas as \u00e1reas e temas do app<br \/>\u2022 Como realizar uma contribui\u00e7\u00e3o<\/p>\n<p><strong>Objetivos do app<\/strong><br \/>Tornar mais eficaz e efetivo o contato da popula\u00e7\u00e3o com os servi\u00e7os oferecidos pela<br \/>Prefeitura de Barueri.<\/p>\n<p><strong>Para quem \u00e9 este curso?<\/strong><br \/>\u2022 Cidad\u00e3os<br \/>\u2022 Funcion\u00e1rios da PMB<br \/>\u2022 Estagi\u00e1rios do Inova\u00e7\u00e3o Barueri<\/p>\n<p><strong>Tem certificado?<\/strong><br \/>Sim, o certificado ser\u00e1 disponibilizado ap\u00f3s acertar 70% das quest\u00f5es e concluir todas as atividades pr\u00e1ticas propostas durante o curso.<\/p>","protected":false},"excerpt":{"rendered":"<p>O APP Barueri permite comunica\u00e7\u00e3o direta entre cidad\u00e3o e a prefeitura, no qual voc\u00ea poder\u00e1 contribuir reportando alguma situa\u00e7\u00e3o ou problema que precise de uma provid\u00eancia, de qualquer lugar e a qualquer hora. Possibilitando acompanhar, gerenciar, registrar suas contribui\u00e7\u00f5es, solicitar servi\u00e7os, dar sugest\u00f5es ou reclama\u00e7\u00f5es, entre outros. O que voc\u00ea aprender\u00e1\u2022 Como instalar o App Barueri em seu Smartphone\u2022 Introdu\u00e7\u00e3o ao App Barueri e Configura\u00e7\u00e3o de Primeiro Acesso\u2022 Introdu\u00e7\u00e3o de todas as \u00e1reas e temas do app\u2022 Como realizar uma contribui\u00e7\u00e3o Objetivos do appTornar mais eficaz e efetivo o contato da popula\u00e7\u00e3o com os servi\u00e7os oferecidos pelaPrefeitura de Barueri. Para quem \u00e9 este curso?\u2022 Cidad\u00e3os\u2022 Funcion\u00e1rios da PMB\u2022 Estagi\u00e1rios do Inova\u00e7\u00e3o Barueri Tem certificado?Sim, o certificado ser\u00e1 disponibilizado ap\u00f3s acertar 70% das quest\u00f5es e concluir todas as atividades pr\u00e1ticas propostas durante o curso.<\/p>","protected":false},"featured_media":1789,"comment_status":"open","ping_status":"closed","template":"","meta":{"_acf_changed":false},"product_brand":[],"product_cat":[220,151,148],"product_tag":[],"class_list":{"0":"post-1788","1":"product","2":"type-product","3":"status-publish","4":"has-post-thumbnail","6":"product_cat-externocidadao","7":"product_cat-para-todos","8":"product_cat-softwares","10":"first","11":"instock","12":"shipping-taxable","13":"product-type-external"},"acf":[],"_links":{"self":[{"href":"https:\/\/ead.barueri.sp.gov.br\/en\/wp-json\/wp\/v2\/product\/1788","targetHints":{"allow":["GET"]}}],"collection":[{"href":"https:\/\/ead.barueri.sp.gov.br\/en\/wp-json\/wp\/v2\/product"}],"about":[{"href":"https:\/\/ead.barueri.sp.gov.br\/en\/wp-json\/wp\/v2\/types\/product"}],"replies":[{"embeddable":true,"href":"https:\/\/ead.barueri.sp.gov.br\/en\/wp-json\/wp\/v2\/comments?post=1788"}],"wp:featuredmedia":[{"embeddable":true,"href":"https:\/\/ead.barueri.sp.gov.br\/en\/wp-json\/wp\/v2\/media\/1789"}],"wp:attachment":[{"href":"https:\/\/ead.barueri.sp.gov.br\/en\/wp-json\/wp\/v2\/media?parent=1788"}],"wp:term":[{"taxonomy":"product_brand","embeddable":true,"href":"https:\/\/ead.barueri.sp.gov.br\/en\/wp-json\/wp\/v2\/product_brand?post=1788"},{"taxonomy":"product_cat","embeddable":true,"href":"https:\/\/ead.barueri.sp.gov.br\/en\/wp-json\/wp\/v2\/product_cat?post=1788"},{"taxonomy":"product_tag","embeddable":true,"href":"https:\/\/ead.barueri.sp.gov.br\/en\/wp-json\/wp\/v2\/product_tag?post=1788"}],"curies":[{"name":"wp","href":"https:\/\/api.w.org\/{rel}","templated":true}]}}