{"id":1786,"date":"2024-02-28T14:35:52","date_gmt":"2024-02-28T17:35:52","guid":{"rendered":"https:\/\/ead.barueri.sp.gov.br\/?post_type=product&#038;p=1786"},"modified":"2025-01-29T11:10:31","modified_gmt":"2025-01-29T14:10:31","slug":"por-dentro-do-programa-de-e-mail-em-massa-interno-inovacao-barueri-programador","status":"publish","type":"product","link":"https:\/\/ead.barueri.sp.gov.br\/en\/product\/por-dentro-do-programa-de-e-mail-em-massa-interno-inovacao-barueri-programador\/","title":{"rendered":"Por dentro do Programa de E-mail em Massa &#8211; Interno Inova\u00e7\u00e3o Barueri (Programador)"},"content":{"rendered":"<p>O curso tem como objetivo fornecer conhecimentos sobre a manuten\u00e7\u00e3o do programa de envio de e-mails em massa. \u00c9 direcionado a programadores e tem o mesmo prop\u00f3sito do curso &#8220;Envio de E-mail em Massa &#8211; Interno Inova\u00e7\u00e3o Barueri&#8221;, ou seja, promover a efici\u00eancia e economia de tempo nas comunica\u00e7\u00f5es por meio do envio automatizado de e-mails.<\/p>\n<p>Durante o curso, os participantes aprendem a realizar altera\u00e7\u00f5es no c\u00f3digo do programa utilizando uma IDE que suporte a linguagem Python, como o PyCharm ou o Visual Studio Code. O c\u00f3digo-fonte est\u00e1 todo comentado, facilitando a compreens\u00e3o e manuten\u00e7\u00e3o.<\/p>\n<p>O curso aborda diferentes partes do c\u00f3digo do programa, incluindo a estrutura da interface, a leitura da lista de destinat\u00e1rios, as configura\u00e7\u00f5es do e-mail (assunto, remetente e senha), a gera\u00e7\u00e3o do relat\u00f3rio de envio, as configura\u00e7\u00f5es do servidor de e-mail e o intervalo de tempo entre cada envio.<\/p>\n<p>Ap\u00f3s realizar altera\u00e7\u00f5es no c\u00f3digo, \u00e9 necess\u00e1rio gerar um novo arquivo execut\u00e1vel. Para isso, o curso fornece instru\u00e7\u00f5es detalhadas sobre como apagar certas pastas e arquivos existentes para evitar conflitos, al\u00e9m de orientar sobre a instala\u00e7\u00e3o da ferramenta Pyinstaller. Por meio de comandos no terminal da IDE, os participantes aprendem a gerar o arquivo execut\u00e1vel do programa.<\/p>\n<p>O curso tem como objetivo capacitar os participantes a realizar a manuten\u00e7\u00e3o do programa de envio de e-mails em massa, permitindo que fa\u00e7am modifica\u00e7\u00f5es, ajustes e atualiza\u00e7\u00f5es conforme necess\u00e1rio para atender \u00e0s demandas espec\u00edficas da equipe.<\/p>\n<p><strong>O que voc\u00ea aprender\u00e1 no curso?<\/strong><br \/>Introdu\u00e7\u00e3o ao programa de envio de e-mails em massa<br \/>Ambiente de desenvolvimento: configura\u00e7\u00e3o da IDE (PyCharm, Visual Studio Code, entre outras)<br \/>Explorando a estrutura do c\u00f3digo-fonte do programa<br \/>Configura\u00e7\u00e3o geral do e-mail: defini\u00e7\u00e3o do assunto, remetente e senha de envio<br \/>Manuten\u00e7\u00e3o do c\u00f3digo: abrindo o programa na IDE, realizando modifica\u00e7\u00f5es e ajustes<br \/>Verifica\u00e7\u00e3o do caminho correto: garantindo a gera\u00e7\u00e3o correta do arquivo execut\u00e1vel<br \/>Gera\u00e7\u00e3o do arquivo execut\u00e1vel: limpeza de pastas e cria\u00e7\u00e3o do arquivo final<\/p>\n<p><strong>Para quem \u00e9 este curso?<\/strong><br \/>Este curso \u00e9 exclusivamente destinado aos estagi\u00e1rios do Inova\u00e7\u00e3o Barueri. Ele foi projetado para capacitar os estagi\u00e1rios a utilizar de forma eficiente o Curso Por Dentro do Programa de Email em Massa desenvolvido para atender \u00e0s necessidades internas da organiza\u00e7\u00e3o<\/p>\n<p><strong>Tem certificado?<\/strong><br \/>Sim.<\/p>","protected":false},"excerpt":{"rendered":"<p>O curso tem como objetivo fornecer conhecimentos sobre a manuten\u00e7\u00e3o do programa de envio de e-mails em massa. \u00c9 direcionado a programadores e tem o mesmo prop\u00f3sito do curso &#8220;Envio de E-mail em Massa &#8211; Interno Inova\u00e7\u00e3o Barueri&#8221;, ou seja, promover a efici\u00eancia e economia de tempo nas comunica\u00e7\u00f5es por meio do envio automatizado de e-mails. Durante o curso, os participantes aprendem a realizar altera\u00e7\u00f5es no c\u00f3digo do programa utilizando uma IDE que suporte a linguagem Python, como o PyCharm ou o Visual Studio Code. O c\u00f3digo-fonte est\u00e1 todo comentado, facilitando a compreens\u00e3o e manuten\u00e7\u00e3o. O curso aborda diferentes partes do c\u00f3digo do programa, incluindo a estrutura da interface, a leitura da lista de destinat\u00e1rios, as configura\u00e7\u00f5es do e-mail (assunto, remetente e senha), a gera\u00e7\u00e3o do relat\u00f3rio de envio, as configura\u00e7\u00f5es do servidor de e-mail e o intervalo de tempo entre cada envio. Ap\u00f3s realizar altera\u00e7\u00f5es no c\u00f3digo, \u00e9 necess\u00e1rio gerar um novo arquivo execut\u00e1vel. Para isso, o curso fornece instru\u00e7\u00f5es detalhadas sobre como apagar certas pastas e arquivos existentes para evitar conflitos, al\u00e9m de orientar sobre a instala\u00e7\u00e3o da ferramenta Pyinstaller. Por meio de comandos no terminal da IDE, os participantes aprendem a gerar o arquivo execut\u00e1vel do programa. O curso tem como objetivo capacitar os participantes a realizar a manuten\u00e7\u00e3o do programa de envio de e-mails em massa, permitindo que fa\u00e7am modifica\u00e7\u00f5es, ajustes e atualiza\u00e7\u00f5es conforme necess\u00e1rio para atender \u00e0s demandas espec\u00edficas da equipe. O que voc\u00ea aprender\u00e1 no curso?Introdu\u00e7\u00e3o ao programa de envio de e-mails em massaAmbiente de desenvolvimento: configura\u00e7\u00e3o da IDE (PyCharm, Visual Studio Code, entre outras)Explorando a estrutura do c\u00f3digo-fonte do programaConfigura\u00e7\u00e3o geral do e-mail: defini\u00e7\u00e3o do assunto, remetente e senha de envioManuten\u00e7\u00e3o do c\u00f3digo: abrindo o programa na IDE, realizando modifica\u00e7\u00f5es e ajustesVerifica\u00e7\u00e3o do caminho correto: garantindo a gera\u00e7\u00e3o correta do arquivo execut\u00e1velGera\u00e7\u00e3o do arquivo execut\u00e1vel: limpeza de pastas e cria\u00e7\u00e3o do arquivo final Para quem \u00e9 este curso?Este curso \u00e9 exclusivamente destinado aos estagi\u00e1rios do Inova\u00e7\u00e3o Barueri. Ele foi projetado para capacitar os estagi\u00e1rios a utilizar de forma eficiente o Curso Por Dentro do Programa de Email em Massa desenvolvido para atender \u00e0s necessidades internas da organiza\u00e7\u00e3o Tem certificado?Sim.<\/p>","protected":false},"featured_media":1787,"comment_status":"open","ping_status":"closed","template":"","meta":{"_acf_changed":false},"product_brand":[],"product_cat":[152,148],"product_tag":[],"class_list":{"0":"post-1786","1":"product","2":"type-product","3":"status-publish","4":"has-post-thumbnail","6":"product_cat-funcionarios","7":"product_cat-softwares","9":"first","10":"instock","11":"shipping-taxable","12":"product-type-external"},"acf":[],"_links":{"self":[{"href":"https:\/\/ead.barueri.sp.gov.br\/en\/wp-json\/wp\/v2\/product\/1786","targetHints":{"allow":["GET"]}}],"collection":[{"href":"https:\/\/ead.barueri.sp.gov.br\/en\/wp-json\/wp\/v2\/product"}],"about":[{"href":"https:\/\/ead.barueri.sp.gov.br\/en\/wp-json\/wp\/v2\/types\/product"}],"replies":[{"embeddable":true,"href":"https:\/\/ead.barueri.sp.gov.br\/en\/wp-json\/wp\/v2\/comments?post=1786"}],"wp:featuredmedia":[{"embeddable":true,"href":"https:\/\/ead.barueri.sp.gov.br\/en\/wp-json\/wp\/v2\/media\/1787"}],"wp:attachment":[{"href":"https:\/\/ead.barueri.sp.gov.br\/en\/wp-json\/wp\/v2\/media?parent=1786"}],"wp:term":[{"taxonomy":"product_brand","embeddable":true,"href":"https:\/\/ead.barueri.sp.gov.br\/en\/wp-json\/wp\/v2\/product_brand?post=1786"},{"taxonomy":"product_cat","embeddable":true,"href":"https:\/\/ead.barueri.sp.gov.br\/en\/wp-json\/wp\/v2\/product_cat?post=1786"},{"taxonomy":"product_tag","embeddable":true,"href":"https:\/\/ead.barueri.sp.gov.br\/en\/wp-json\/wp\/v2\/product_tag?post=1786"}],"curies":[{"name":"wp","href":"https:\/\/api.w.org\/{rel}","templated":true}]}}