{"id":1782,"date":"2024-02-28T14:31:16","date_gmt":"2024-02-28T17:31:16","guid":{"rendered":"https:\/\/ead.barueri.sp.gov.br\/?post_type=product&#038;p=1782"},"modified":"2025-09-18T13:18:41","modified_gmt":"2025-09-18T16:18:41","slug":"inovacanva-design-com-inteligencia-artificial-no-metaverso","status":"publish","type":"product","link":"https:\/\/ead.barueri.sp.gov.br\/en\/product\/inovacanva-design-com-inteligencia-artificial-no-metaverso\/","title":{"rendered":"Inova+Canva: Design com Intelig\u00eancia Artificial no Metaverso"},"content":{"rendered":"<p>Torne-se um especialista em cria\u00e7\u00e3o de conte\u00fado para Instagram, Youtube, Tiktok com ChatGPT e Canva em pouco tempo.<br \/><strong>O que voc\u00ea aprender\u00e1:<\/strong><br \/>T\u00e9cnicas de cria\u00e7\u00e3o de artes profissionais com Canva.<br \/>Criar as suas pr\u00f3prias artes para redes sociais.<br \/>Uso de ferramentas de Intelig\u00eancia Artificial na edi\u00e7\u00e3o de Imagens<br \/>Uso de ferramentas de IA na cria\u00e7\u00e3o de posts.<br \/>Cria\u00e7\u00e3o de Design com o uso de Templates.<br \/>Artes com efeito visual impactante para Posts de Redes Sociais.<br \/>Como usar o ChatGpt e o Canva para fazer as tarefas mais rapidamente.<br \/>Metaverso: o que \u00e9, como acessar.<br \/>Apresenta\u00e7\u00f5es, Documentos , Convites, site e muitos mais com Canva.<br \/><strong>Requisitos:<\/strong><br \/>Vontade de aprender e um computador com conex\u00e3o com a internet.<br \/>N\u00e3o \u00e9 necess\u00e1rio ter experi\u00eancia em design gr\u00e1fico.<br \/><strong>Para quem \u00e9 este curso:<\/strong><br \/>Pessoas que ainda n\u00e3o conhecem o canva.<br \/>Pessoas que j\u00e1 usam a plataforma, mas desejam acessar um n\u00edvel superior e descobrir fun\u00e7\u00f5es incr\u00edveis para dar mais agilidade as tarefas di\u00e1rias com o uso da intelig\u00eancia artificial.<br \/>Criador de conte\u00fado que deseja acelerar a sua produtividade em 100x mais.<br \/>Pessoas que desejam fazer um curso de canvadiferente, moderno e inovador.<br \/>Pessoas que desejam conhecer mais o metaverso.<br \/>Pessoas que desejam ter um certificado de um curso feito no Metaverso.<br \/>Empreendedores que cuidam das suas redes sociais e querem aprender a criar as suas pr\u00f3prias artes, sem depender de ag\u00eancia;<br \/>Profissionais liberais que queiram aperfei\u00e7oar seus conhecimentos em mais uma ferramenta de edi\u00e7\u00e3o e design;<br \/>Voc\u00ea que quer mostrar seu trabalho de forma criativa nas redes sociais para encantar o seu p\u00fablico;<br \/>Social Media que precisa dominar o Canva para criar as artes dos posts.<br \/>Professores e estudantes que querem criar suas apresenta\u00e7\u00f5es de forma r\u00e1pida e profissional.<br \/>Profissionais que precisam criar e editar v\u00eddeos para posts.<\/p>\n<p><strong>D\u00favidas comuns:<\/strong><\/p>\n<p><strong>Consigo fazer o curso apenas utilizando meu celular?<\/strong><br \/>Sim<\/p>\n<p><strong>No meu certificado constar\u00e1 que o curso foi feito no metaverso?<\/strong><br \/>Sim<\/p>\n<p><strong>Para fazer o curso no metaverso \u00e9 preciso estes \u00f3culos de realidade aumentada?<\/strong><br \/>N\u00e3o \u00e9 necess\u00e1rio usar \u00f3culos de realidade aumentada, mas se voc\u00ea tiver e desejar usar, voc\u00ea poder\u00e1 e ter\u00e1 uma experi\u00eancia muito mais divertida e imersiva.<\/p>\n<p><strong>Quais materiais preciso para fazer este curso?<\/strong><br \/>Voc\u00ea precisar\u00e1 de um celular ou computador com acesso a internet. Os programas que usaremos durante o curso s\u00e3o na sua maioria gratuitos e mesmo os programas pagos ter\u00e3o uma alternativa no modo gratuito.<br \/><strong>Requisitos:<\/strong><br \/>N\u00e3o \u00e9 necess\u00e1rio conhecimento pr\u00e9vio de Canva.<br \/>Voc\u00ea deve estar pronto para agir, colocar na pr\u00e1tica e ver resultados reais!<br \/>O desejo de dominar as redes sociais e o marketing digital<br \/>Desejo de aprender sobre intelig\u00eancia artificial<\/p>\n<p><strong>Conhe\u00e7a sobre a professora:<\/strong><br \/><img decoding=\"async\" src=\"https:\/\/images.sympla.com.br\/64a641d525939.PNG\"><\/p>\n<p><img decoding=\"async\" src=\"https:\/\/images.sympla.com.br\/64a641e6efbb2.PNG\"><\/p>\n<p><strong>Observa\u00e7\u00e3o:<\/strong><br \/>Para uma melhor experi\u00eancia no metaverso \u00e9 indiciado ter um dispositivo com 4GB ou mais de mem\u00f3ria RAM e um processador de 8\u00b0 \u00e0 12\u00b0 gera\u00e7\u00e3o. Ao entrar na sala aguarde alguns segundos para o v\u00eddeo ser carregado.<\/p>\n<p>Fique \u00e0 vontade para me contatar, enviar suas d\u00favidas ou sugest\u00f5es.<\/p>","protected":false},"excerpt":{"rendered":"<p>Torne-se um especialista em cria\u00e7\u00e3o de conte\u00fado para Instagram, Youtube, Tiktok com ChatGPT e Canva em pouco tempo.O que voc\u00ea aprender\u00e1:T\u00e9cnicas de cria\u00e7\u00e3o de artes profissionais com Canva.Criar as suas pr\u00f3prias artes para redes sociais.Uso de ferramentas de Intelig\u00eancia Artificial na edi\u00e7\u00e3o de ImagensUso de ferramentas de IA na cria\u00e7\u00e3o de posts.Cria\u00e7\u00e3o de Design com o uso de Templates.Artes com efeito visual impactante para Posts de Redes Sociais.Como usar o ChatGpt e o Canva para fazer as tarefas mais rapidamente.Metaverso: o que \u00e9, como acessar.Apresenta\u00e7\u00f5es, Documentos , Convites, site e muitos mais com Canva.Requisitos:Vontade de aprender e um computador com conex\u00e3o com a internet.N\u00e3o \u00e9 necess\u00e1rio ter experi\u00eancia em design gr\u00e1fico.Para quem \u00e9 este curso:Pessoas que ainda n\u00e3o conhecem o canva.Pessoas que j\u00e1 usam a plataforma, mas desejam acessar um n\u00edvel superior e descobrir fun\u00e7\u00f5es incr\u00edveis para dar mais agilidade as tarefas di\u00e1rias com o uso da intelig\u00eancia artificial.Criador de conte\u00fado que deseja acelerar a sua produtividade em 100x mais.Pessoas que desejam fazer um curso de canvadiferente, moderno e inovador.Pessoas que desejam conhecer mais o metaverso.Pessoas que desejam ter um certificado de um curso feito no Metaverso.Empreendedores que cuidam das suas redes sociais e querem aprender a criar as suas pr\u00f3prias artes, sem depender de ag\u00eancia;Profissionais liberais que queiram aperfei\u00e7oar seus conhecimentos em mais uma ferramenta de edi\u00e7\u00e3o e design;Voc\u00ea que quer mostrar seu trabalho de forma criativa nas redes sociais para encantar o seu p\u00fablico;Social Media que precisa dominar o Canva para criar as artes dos posts.Professores e estudantes que querem criar suas apresenta\u00e7\u00f5es de forma r\u00e1pida e profissional.Profissionais que precisam criar e editar v\u00eddeos para posts. D\u00favidas comuns: Consigo fazer o curso apenas utilizando meu celular?Sim No meu certificado constar\u00e1 que o curso foi feito no metaverso?Sim Para fazer o curso no metaverso \u00e9 preciso estes \u00f3culos de realidade aumentada?N\u00e3o \u00e9 necess\u00e1rio usar \u00f3culos de realidade aumentada, mas se voc\u00ea tiver e desejar usar, voc\u00ea poder\u00e1 e ter\u00e1 uma experi\u00eancia muito mais divertida e imersiva. Quais materiais preciso para fazer este curso?Voc\u00ea precisar\u00e1 de um celular ou computador com acesso a internet. Os programas que usaremos durante o curso s\u00e3o na sua maioria gratuitos e mesmo os programas pagos ter\u00e3o uma alternativa no modo gratuito.Requisitos:N\u00e3o \u00e9 necess\u00e1rio conhecimento pr\u00e9vio de Canva.Voc\u00ea deve estar pronto para agir, colocar na pr\u00e1tica e ver resultados reais!O desejo de dominar as redes sociais e o marketing digitalDesejo de aprender sobre intelig\u00eancia artificial Conhe\u00e7a sobre a professora: Observa\u00e7\u00e3o:Para uma melhor experi\u00eancia no metaverso \u00e9 indiciado ter um dispositivo com 4GB ou mais de mem\u00f3ria RAM e um processador de 8\u00b0 \u00e0 12\u00b0 gera\u00e7\u00e3o. Ao entrar na sala aguarde alguns segundos para o v\u00eddeo ser carregado. Fique \u00e0 vontade para me contatar, enviar suas d\u00favidas ou sugest\u00f5es.<\/p>","protected":false},"featured_media":1783,"comment_status":"open","ping_status":"closed","template":"","meta":{"_acf_changed":false},"product_brand":[],"product_cat":[204,146,145,220,247,151,147],"product_tag":[],"class_list":{"0":"post-1782","1":"product","2":"type-product","3":"status-publish","4":"has-post-thumbnail","6":"product_cat-design","7":"product_cat-marketing","8":"product_cat-metaverso","9":"product_cat-externocidadao","10":"product_cat-ia","11":"product_cat-para-todos","12":"product_cat-redes-sociais","14":"first","15":"instock","16":"shipping-taxable","17":"product-type-external"},"acf":[],"_links":{"self":[{"href":"https:\/\/ead.barueri.sp.gov.br\/en\/wp-json\/wp\/v2\/product\/1782","targetHints":{"allow":["GET"]}}],"collection":[{"href":"https:\/\/ead.barueri.sp.gov.br\/en\/wp-json\/wp\/v2\/product"}],"about":[{"href":"https:\/\/ead.barueri.sp.gov.br\/en\/wp-json\/wp\/v2\/types\/product"}],"replies":[{"embeddable":true,"href":"https:\/\/ead.barueri.sp.gov.br\/en\/wp-json\/wp\/v2\/comments?post=1782"}],"wp:featuredmedia":[{"embeddable":true,"href":"https:\/\/ead.barueri.sp.gov.br\/en\/wp-json\/wp\/v2\/media\/1783"}],"wp:attachment":[{"href":"https:\/\/ead.barueri.sp.gov.br\/en\/wp-json\/wp\/v2\/media?parent=1782"}],"wp:term":[{"taxonomy":"product_brand","embeddable":true,"href":"https:\/\/ead.barueri.sp.gov.br\/en\/wp-json\/wp\/v2\/product_brand?post=1782"},{"taxonomy":"product_cat","embeddable":true,"href":"https:\/\/ead.barueri.sp.gov.br\/en\/wp-json\/wp\/v2\/product_cat?post=1782"},{"taxonomy":"product_tag","embeddable":true,"href":"https:\/\/ead.barueri.sp.gov.br\/en\/wp-json\/wp\/v2\/product_tag?post=1782"}],"curies":[{"name":"wp","href":"https:\/\/api.w.org\/{rel}","templated":true}]}}