{"id":1778,"date":"2024-02-28T14:23:28","date_gmt":"2024-02-28T17:23:28","guid":{"rendered":"https:\/\/ead.barueri.sp.gov.br\/?post_type=product&#038;p=1778"},"modified":"2025-01-29T09:37:54","modified_gmt":"2025-01-29T12:37:54","slug":"curso-de-robotica-robo-seguidor-de-linha","status":"publish","type":"product","link":"https:\/\/ead.barueri.sp.gov.br\/en\/product\/curso-de-robotica-robo-seguidor-de-linha\/","title":{"rendered":"Curso de Rob\u00f3tica &#8211; Rob\u00f4 Seguidor de Linha"},"content":{"rendered":"<p>O curso de Rob\u00f4 Seguidor de Linha \u00e9 voltado para entusiastas da rob\u00f3tica que desejam aprender os princ\u00edpios b\u00e1sicos de constru\u00e7\u00e3o e programa\u00e7\u00e3o de um rob\u00f4 m\u00f3vel. O projeto do seguidor de linha \u00e9 popular entre iniciantes, pois permite que o rob\u00f4 percorra um trajeto pr\u00e9-determinado usando sensores que identificam as diferen\u00e7as de cores no ch\u00e3o. Ele deve seguir andando por cima de uma linha de cor preta (fita isolante) ou branca.<br \/>Ele emite uma luz infravermelha por um LED negro e capta o reflexo com um LED receptor (LED claro). A luz reflete em superf\u00edcies claras e \u00e9 absorvida em superf\u00edcies negras, como a fita isolante. Sendo assim o LED receptor ir\u00e1 detectar a luz infravermelha no branco e n\u00e3o detectar no preto. Para uma melhor efic\u00e1cia do sensor, a superf\u00edcie em contraste com a faixa preta deve ser branca. Com isso ele consegue controlar as rodas mantendo-o no circuito determinado pela linha.<br \/>As aplica\u00e7\u00f5es do rob\u00f4 seguidor de linha s\u00e3o amplas e comuns em ambientes industriais, onde s\u00e3o usados para transportar cargas de forma aut\u00f4noma dentro das f\u00e1bricas. O projeto do rob\u00f4 seguidor de linha est\u00e1 em constante evolu\u00e7\u00e3o, com competi\u00e7\u00f5es de rob\u00f3tica em todo o mundo criando modalidades exclusivas para essa categoria.<\/p>\n<p><strong>No curso de Rob\u00f4 Seguidor de Linha, voc\u00ea aprender\u00e1:<\/strong><br \/>Os principais componentes do rob\u00f4, como chassi, placas, motores e sensores.<br \/>Como instalar o ambiente de programa\u00e7\u00e3o Arduino IDE para programar o rob\u00f4.<br \/>O uso e configura\u00e7\u00e3o do sensor ultrass\u00f4nico para detec\u00e7\u00e3o de obst\u00e1culos.<br \/>A montagem das pe\u00e7as do chassi do rob\u00f4.<br \/>Como realizar a conex\u00e3o e intera\u00e7\u00e3o entre os componentes do rob\u00f4.<br \/>A programa\u00e7\u00e3o do rob\u00f4.<br \/>Dicas e t\u00e9cnicas para melhorar o desempenho e a precis\u00e3o do seguidor de linha.<\/p>\n<p><strong>P\u00fablico-alvo do curso de Rob\u00f4 Seguidor de Linha:<\/strong><br \/>O curso de Rob\u00f4 Seguidor de Linha \u00e9 direcionado a um p\u00fablico amplo, composto por entusiastas da rob\u00f3tica e pessoas interessadas em aprender sobre constru\u00e7\u00e3o e programa\u00e7\u00e3o de rob\u00f4s m\u00f3veis. O curso \u00e9 ideal para iniciantes na \u00e1rea da rob\u00f3tica, estudantes e entusiastas de tecnologia, profissionais da \u00e1rea industrial e entusiastas de competi\u00e7\u00f5es de rob\u00f3tica.<br \/>Independentemente do seu n\u00edvel de conhecimento pr\u00e9vio, o curso de Rob\u00f4 Seguidor de Linha fornece informa\u00e7\u00f5es acess\u00edveis e pr\u00e1ticas, permitindo que voc\u00ea adquira as habilidades necess\u00e1rias para construir e programar seu pr\u00f3prio rob\u00f4 seguidor de linha.<\/p>\n<p><strong>Tem certificado?<\/strong><br \/>Sim, o certificado ser\u00e1 disponibilizado ap\u00f3s acertar 70% das quest\u00f5es e concluir todas as atividades pr\u00e1ticas propostas durante o curso. Ele ser\u00e1 um reconhecimento do seu aprendizado e da sua capacidade de aplicar os conhecimentos adquiridos na constru\u00e7\u00e3o e programa\u00e7\u00e3o de um rob\u00f4 seguidor de linha.<\/p>","protected":false},"excerpt":{"rendered":"<p>O curso de Rob\u00f4 Seguidor de Linha \u00e9 voltado para entusiastas da rob\u00f3tica que desejam aprender os princ\u00edpios b\u00e1sicos de constru\u00e7\u00e3o e programa\u00e7\u00e3o de um rob\u00f4 m\u00f3vel. O projeto do seguidor de linha \u00e9 popular entre iniciantes, pois permite que o rob\u00f4 percorra um trajeto pr\u00e9-determinado usando sensores que identificam as diferen\u00e7as de cores no ch\u00e3o. Ele deve seguir andando por cima de uma linha de cor preta (fita isolante) ou branca.Ele emite uma luz infravermelha por um LED negro e capta o reflexo com um LED receptor (LED claro). A luz reflete em superf\u00edcies claras e \u00e9 absorvida em superf\u00edcies negras, como a fita isolante. Sendo assim o LED receptor ir\u00e1 detectar a luz infravermelha no branco e n\u00e3o detectar no preto. Para uma melhor efic\u00e1cia do sensor, a superf\u00edcie em contraste com a faixa preta deve ser branca. Com isso ele consegue controlar as rodas mantendo-o no circuito determinado pela linha.As aplica\u00e7\u00f5es do rob\u00f4 seguidor de linha s\u00e3o amplas e comuns em ambientes industriais, onde s\u00e3o usados para transportar cargas de forma aut\u00f4noma dentro das f\u00e1bricas. O projeto do rob\u00f4 seguidor de linha est\u00e1 em constante evolu\u00e7\u00e3o, com competi\u00e7\u00f5es de rob\u00f3tica em todo o mundo criando modalidades exclusivas para essa categoria. No curso de Rob\u00f4 Seguidor de Linha, voc\u00ea aprender\u00e1:Os principais componentes do rob\u00f4, como chassi, placas, motores e sensores.Como instalar o ambiente de programa\u00e7\u00e3o Arduino IDE para programar o rob\u00f4.O uso e configura\u00e7\u00e3o do sensor ultrass\u00f4nico para detec\u00e7\u00e3o de obst\u00e1culos.A montagem das pe\u00e7as do chassi do rob\u00f4.Como realizar a conex\u00e3o e intera\u00e7\u00e3o entre os componentes do rob\u00f4.A programa\u00e7\u00e3o do rob\u00f4.Dicas e t\u00e9cnicas para melhorar o desempenho e a precis\u00e3o do seguidor de linha. P\u00fablico-alvo do curso de Rob\u00f4 Seguidor de Linha:O curso de Rob\u00f4 Seguidor de Linha \u00e9 direcionado a um p\u00fablico amplo, composto por entusiastas da rob\u00f3tica e pessoas interessadas em aprender sobre constru\u00e7\u00e3o e programa\u00e7\u00e3o de rob\u00f4s m\u00f3veis. O curso \u00e9 ideal para iniciantes na \u00e1rea da rob\u00f3tica, estudantes e entusiastas de tecnologia, profissionais da \u00e1rea industrial e entusiastas de competi\u00e7\u00f5es de rob\u00f3tica.Independentemente do seu n\u00edvel de conhecimento pr\u00e9vio, o curso de Rob\u00f4 Seguidor de Linha fornece informa\u00e7\u00f5es acess\u00edveis e pr\u00e1ticas, permitindo que voc\u00ea adquira as habilidades necess\u00e1rias para construir e programar seu pr\u00f3prio rob\u00f4 seguidor de linha. Tem certificado?Sim, o certificado ser\u00e1 disponibilizado ap\u00f3s acertar 70% das quest\u00f5es e concluir todas as atividades pr\u00e1ticas propostas durante o curso. Ele ser\u00e1 um reconhecimento do seu aprendizado e da sua capacidade de aplicar os conhecimentos adquiridos na constru\u00e7\u00e3o e programa\u00e7\u00e3o de um rob\u00f4 seguidor de linha.<\/p>","protected":false},"featured_media":1779,"comment_status":"open","ping_status":"closed","template":"","meta":{"_acf_changed":false},"product_brand":[],"product_cat":[220,151,222],"product_tag":[],"class_list":{"0":"post-1778","1":"product","2":"type-product","3":"status-publish","4":"has-post-thumbnail","6":"product_cat-externocidadao","7":"product_cat-para-todos","8":"product_cat-robotica","10":"first","11":"instock","12":"shipping-taxable","13":"product-type-external"},"acf":[],"_links":{"self":[{"href":"https:\/\/ead.barueri.sp.gov.br\/en\/wp-json\/wp\/v2\/product\/1778","targetHints":{"allow":["GET"]}}],"collection":[{"href":"https:\/\/ead.barueri.sp.gov.br\/en\/wp-json\/wp\/v2\/product"}],"about":[{"href":"https:\/\/ead.barueri.sp.gov.br\/en\/wp-json\/wp\/v2\/types\/product"}],"replies":[{"embeddable":true,"href":"https:\/\/ead.barueri.sp.gov.br\/en\/wp-json\/wp\/v2\/comments?post=1778"}],"wp:featuredmedia":[{"embeddable":true,"href":"https:\/\/ead.barueri.sp.gov.br\/en\/wp-json\/wp\/v2\/media\/1779"}],"wp:attachment":[{"href":"https:\/\/ead.barueri.sp.gov.br\/en\/wp-json\/wp\/v2\/media?parent=1778"}],"wp:term":[{"taxonomy":"product_brand","embeddable":true,"href":"https:\/\/ead.barueri.sp.gov.br\/en\/wp-json\/wp\/v2\/product_brand?post=1778"},{"taxonomy":"product_cat","embeddable":true,"href":"https:\/\/ead.barueri.sp.gov.br\/en\/wp-json\/wp\/v2\/product_cat?post=1778"},{"taxonomy":"product_tag","embeddable":true,"href":"https:\/\/ead.barueri.sp.gov.br\/en\/wp-json\/wp\/v2\/product_tag?post=1778"}],"curies":[{"name":"wp","href":"https:\/\/api.w.org\/{rel}","templated":true}]}}