{"id":1776,"date":"2024-02-28T14:21:49","date_gmt":"2024-02-28T17:21:49","guid":{"rendered":"https:\/\/ead.barueri.sp.gov.br\/?post_type=product&#038;p=1776"},"modified":"2025-01-29T04:02:27","modified_gmt":"2025-01-29T07:02:27","slug":"treinamento-app-barueri-gestao-secretaria","status":"publish","type":"product","link":"https:\/\/ead.barueri.sp.gov.br\/en\/product\/treinamento-app-barueri-gestao-secretaria\/","title":{"rendered":"Treinamento: App Barueri &#8211; Gest\u00e3o Secretaria"},"content":{"rendered":"<p>Objetivo do sistema APP Barueri Gest\u00e3o Secretarias: destina-se a gest\u00e3o das contribui\u00e7\u00f5es recebidas via APP ou APP Barueri Web em dois \u00e2mbitos, gerencial e operacional.<br \/>Atrav\u00e9s do sistema APP Barueri \u2013 Gest\u00e3o Secretarias cada Secretaria\/\u00d3rg\u00e3o Competente poder\u00e1 acessar as contribui\u00e7\u00f5es e solicita\u00e7\u00f5es que lhes for pertinente e tomar as provid\u00eancias.<\/p>\n<p>O curso &#8220;Treinamento: App Barueri &#8211; Gest\u00e3o Secretaria&#8221; visa capacitar os funcion\u00e1rios da Prefeitura Municipal de Barueri a utilizar o aplicativo para gerenciar contribui\u00e7\u00f5es e solicita\u00e7\u00f5es da popula\u00e7\u00e3o. Ele abrange desde o acesso ao sistema at\u00e9 o gerenciamento de atividades e ordens de servi\u00e7o, fornecendo certifica\u00e7\u00e3o aos participantes que atingirem os crit\u00e9rios de aprova\u00e7\u00e3o estabelecidos.<\/p>\n<p><strong>Principais Destaques do Sistema que ser\u00e3o abordados no curso:<\/strong><br \/>\u2022 Em um \u00fanico sistema \u00e9 poss\u00edvel integrar e informatizar toda a Prefeitura.<br \/>\u2022 Painel de Gest\u00e3o das Contribui\u00e7\u00f5es recebidas seja por dispositivos m\u00f3veis ou Web com fun\u00e7\u00f5es estat\u00edsticas e operacionais;<br \/>\u2022 Gest\u00e3o da contribui\u00e7\u00e3o do Cidad\u00e3o: funcionalidades de assumir\/ encaminhar uma atividade, anexar documentos, criar ordem de Servi\u00e7o, entre outras.<br \/>\u2022 Desburocratiza\u00e7\u00e3o de processos: com alguns cliques \u00e9 poss\u00edvel receber e fazer solicita\u00e7\u00f5es para as secretarias permitindo a diminui\u00e7\u00e3o expressiva de of\u00edcios.<\/p>\n<p><strong>Para quem \u00e9 este curso?<\/strong><br \/>P\u00fablico Alvo: n\u00edvel operacional (funcion\u00e1rios da prefeitura) e n\u00edvel gerencial (Secret\u00e1rios e Gestores)<\/p>\n<p><strong>O que voc\u00ea aprender\u00e1:<\/strong><br \/>\u2022 Acessar o Sistema APP Barueri Gest\u00e3o Secret\u00e1ria<br \/>\u2022 Analisar Uma Contribui\u00e7\u00e3o<br \/>\u2022 Atender Uma Contribui\u00e7\u00e3o\/Solicita\u00e7\u00e3o<br \/>\u2022 Incluir e Verificar Atividades em Contribui\u00e7\u00f5es\/Solicita\u00e7\u00f5es<br \/>\u2022 Adicionar Arquivos a Uma Atividade de Contribui\u00e7\u00e3o\/Solicita\u00e7\u00e3o<br \/>\u2022 Como Incluir uma Ordem de Servi\u00e7o na Atividade no APP Barueri Gest\u00e3o Secretarias<br \/>\u2022 Como Finalizar uma Contribui\u00e7\u00e3o\/Solicita\u00e7\u00e3o no APP Barueri Gest\u00e3o Secretarias<br \/>\u2022 Como Reativar uma Contribui\u00e7\u00e3o\/Solicita\u00e7\u00e3o<br \/>\u2022 Como Imprimir uma Contribui\u00e7\u00e3o\/Solicita\u00e7\u00e3o<br \/>\u2022 Como Incluir uma Contribui\u00e7\u00e3o<br \/>\u2022 Como incluir uma Solicita\u00e7\u00e3o<br \/>\u2022 Como Consultar uma Contribui\u00e7\u00e3o e uma Solicita\u00e7\u00e3o<br \/>\u2022 Como Receber uma Solicita\u00e7\u00e3o<br \/>\u2022 \u00c1rea de Controle Gest\u00e3o Secretarias<br \/>\u2022 Como Gerenciar Atividades e Ordens de Servi\u00e7os<\/p>\n<p><strong>Tem certificado?<\/strong><br \/>Sim, o certificado ser\u00e1 disponibilizado ap\u00f3s acertar 70% das quest\u00f5es e concluir todas as atividades pr\u00e1ticas propostas durante o curso.<\/p>","protected":false},"excerpt":{"rendered":"<p>Objetivo do sistema APP Barueri Gest\u00e3o Secretarias: destina-se a gest\u00e3o das contribui\u00e7\u00f5es recebidas via APP ou APP Barueri Web em dois \u00e2mbitos, gerencial e operacional.Atrav\u00e9s do sistema APP Barueri \u2013 Gest\u00e3o Secretarias cada Secretaria\/\u00d3rg\u00e3o Competente poder\u00e1 acessar as contribui\u00e7\u00f5es e solicita\u00e7\u00f5es que lhes for pertinente e tomar as provid\u00eancias. O curso &#8220;Treinamento: App Barueri &#8211; Gest\u00e3o Secretaria&#8221; visa capacitar os funcion\u00e1rios da Prefeitura Municipal de Barueri a utilizar o aplicativo para gerenciar contribui\u00e7\u00f5es e solicita\u00e7\u00f5es da popula\u00e7\u00e3o. Ele abrange desde o acesso ao sistema at\u00e9 o gerenciamento de atividades e ordens de servi\u00e7o, fornecendo certifica\u00e7\u00e3o aos participantes que atingirem os crit\u00e9rios de aprova\u00e7\u00e3o estabelecidos. Principais Destaques do Sistema que ser\u00e3o abordados no curso:\u2022 Em um \u00fanico sistema \u00e9 poss\u00edvel integrar e informatizar toda a Prefeitura.\u2022 Painel de Gest\u00e3o das Contribui\u00e7\u00f5es recebidas seja por dispositivos m\u00f3veis ou Web com fun\u00e7\u00f5es estat\u00edsticas e operacionais;\u2022 Gest\u00e3o da contribui\u00e7\u00e3o do Cidad\u00e3o: funcionalidades de assumir\/ encaminhar uma atividade, anexar documentos, criar ordem de Servi\u00e7o, entre outras.\u2022 Desburocratiza\u00e7\u00e3o de processos: com alguns cliques \u00e9 poss\u00edvel receber e fazer solicita\u00e7\u00f5es para as secretarias permitindo a diminui\u00e7\u00e3o expressiva de of\u00edcios. Para quem \u00e9 este curso?P\u00fablico Alvo: n\u00edvel operacional (funcion\u00e1rios da prefeitura) e n\u00edvel gerencial (Secret\u00e1rios e Gestores) O que voc\u00ea aprender\u00e1:\u2022 Acessar o Sistema APP Barueri Gest\u00e3o Secret\u00e1ria\u2022 Analisar Uma Contribui\u00e7\u00e3o\u2022 Atender Uma Contribui\u00e7\u00e3o\/Solicita\u00e7\u00e3o\u2022 Incluir e Verificar Atividades em Contribui\u00e7\u00f5es\/Solicita\u00e7\u00f5es\u2022 Adicionar Arquivos a Uma Atividade de Contribui\u00e7\u00e3o\/Solicita\u00e7\u00e3o\u2022 Como Incluir uma Ordem de Servi\u00e7o na Atividade no APP Barueri Gest\u00e3o Secretarias\u2022 Como Finalizar uma Contribui\u00e7\u00e3o\/Solicita\u00e7\u00e3o no APP Barueri Gest\u00e3o Secretarias\u2022 Como Reativar uma Contribui\u00e7\u00e3o\/Solicita\u00e7\u00e3o\u2022 Como Imprimir uma Contribui\u00e7\u00e3o\/Solicita\u00e7\u00e3o\u2022 Como Incluir uma Contribui\u00e7\u00e3o\u2022 Como incluir uma Solicita\u00e7\u00e3o\u2022 Como Consultar uma Contribui\u00e7\u00e3o e uma Solicita\u00e7\u00e3o\u2022 Como Receber uma Solicita\u00e7\u00e3o\u2022 \u00c1rea de Controle Gest\u00e3o Secretarias\u2022 Como Gerenciar Atividades e Ordens de Servi\u00e7os Tem certificado?Sim, o certificado ser\u00e1 disponibilizado ap\u00f3s acertar 70% das quest\u00f5es e concluir todas as atividades pr\u00e1ticas propostas durante o curso.<\/p>","protected":false},"featured_media":1777,"comment_status":"open","ping_status":"closed","template":"","meta":{"_acf_changed":false},"product_brand":[],"product_cat":[152,148],"product_tag":[],"class_list":{"0":"post-1776","1":"product","2":"type-product","3":"status-publish","4":"has-post-thumbnail","6":"product_cat-funcionarios","7":"product_cat-softwares","9":"first","10":"instock","11":"shipping-taxable","12":"product-type-external"},"acf":[],"_links":{"self":[{"href":"https:\/\/ead.barueri.sp.gov.br\/en\/wp-json\/wp\/v2\/product\/1776","targetHints":{"allow":["GET"]}}],"collection":[{"href":"https:\/\/ead.barueri.sp.gov.br\/en\/wp-json\/wp\/v2\/product"}],"about":[{"href":"https:\/\/ead.barueri.sp.gov.br\/en\/wp-json\/wp\/v2\/types\/product"}],"replies":[{"embeddable":true,"href":"https:\/\/ead.barueri.sp.gov.br\/en\/wp-json\/wp\/v2\/comments?post=1776"}],"wp:featuredmedia":[{"embeddable":true,"href":"https:\/\/ead.barueri.sp.gov.br\/en\/wp-json\/wp\/v2\/media\/1777"}],"wp:attachment":[{"href":"https:\/\/ead.barueri.sp.gov.br\/en\/wp-json\/wp\/v2\/media?parent=1776"}],"wp:term":[{"taxonomy":"product_brand","embeddable":true,"href":"https:\/\/ead.barueri.sp.gov.br\/en\/wp-json\/wp\/v2\/product_brand?post=1776"},{"taxonomy":"product_cat","embeddable":true,"href":"https:\/\/ead.barueri.sp.gov.br\/en\/wp-json\/wp\/v2\/product_cat?post=1776"},{"taxonomy":"product_tag","embeddable":true,"href":"https:\/\/ead.barueri.sp.gov.br\/en\/wp-json\/wp\/v2\/product_tag?post=1776"}],"curies":[{"name":"wp","href":"https:\/\/api.w.org\/{rel}","templated":true}]}}