{"id":1774,"date":"2024-02-28T14:19:08","date_gmt":"2024-02-28T17:19:08","guid":{"rendered":"https:\/\/ead.barueri.sp.gov.br\/?post_type=product&#038;p=1774"},"modified":"2026-04-04T06:23:28","modified_gmt":"2026-04-04T09:23:28","slug":"web-radio-inovacao-barueri","status":"publish","type":"product","link":"https:\/\/ead.barueri.sp.gov.br\/en\/product\/web-radio-inovacao-barueri\/","title":{"rendered":"Web R\u00e1dio &#8211; Inova\u00e7\u00e3o Barueri"},"content":{"rendered":"<p><strong>O que voc\u00ea aprender\u00e1 ?<\/strong><br \/>Neste curso, voc\u00ea ser\u00e1 guiado por uma jornada empolgante que o levar\u00e1 a<br \/>descobrir os segredos e as habilidades necess\u00e1rias para criar sua pr\u00f3pria esta\u00e7\u00e3o<br \/>de r\u00e1dio online. Com o Zeno.FM como nossa ferramenta principal, voc\u00ea aprender\u00e1 a<br \/>transformar sua paix\u00e3o por narra\u00e7\u00e3o ou podcasting em uma transmiss\u00e3o acess\u00edvel<br \/>para uma audi\u00eancia global. Neste curso ir\u00e1 aprender:<\/p>\n<p>\u25cf Criar uma Web R\u00e1dio<br \/>\u25cf Gerenciar e criar esta\u00e7\u00f5es<br \/>\u25cf Vis\u00e3o Geral da plataforma Zeno.FM<br \/>\u25cf Canal de Transmiss\u00e3o 24h<\/p>\n<p><strong>Requisitos:<\/strong><br \/>&#8211; Embora n\u00e3o seja necess\u00e1rio ser um especialista, \u00e9 importante que voc\u00ea<br \/>esteja confort\u00e1vel com o uso b\u00e1sico de um computador e navega\u00e7\u00e3o na<br \/>internet.<br \/>&#8211; Uma conex\u00e3o de internet est\u00e1vel \u00e9 essencial para acessar o programa<br \/>Zeno.fm e para transmitir sua web r\u00e1dio de forma consistente.<br \/>&#8211; Esteja preparado para dedicar tempo regularmente para aprender, praticar,<br \/>criar conte\u00fado e interagir com sua audi\u00eancia. A cria\u00e7\u00e3o de uma web r\u00e1dio<br \/>bem-sucedida requer compromisso e paci\u00eancia.<br \/>D\u00favidas comuns:<br \/>Consigo fazer o curso apenas utilizando meu celular?<br \/>Sim<\/p>\n<p><strong>O curso cont\u00e9m certifica\u00e7\u00e3o?<\/strong><br \/>Sim, o certificado \u00e9 disponibilizado na conclus\u00e3o do curso<\/p>\n<p><strong>Para quem \u00e9 este curso?<\/strong><br \/>\u25cf Estagi\u00e1rio<br \/>\u25cf Funcion\u00e1rios<br \/>\u25cf Cidad\u00e3o<\/p>","protected":false},"excerpt":{"rendered":"<p>O que voc\u00ea aprender\u00e1 ?Neste curso, voc\u00ea ser\u00e1 guiado por uma jornada empolgante que o levar\u00e1 adescobrir os segredos e as habilidades necess\u00e1rias para criar sua pr\u00f3pria esta\u00e7\u00e3ode r\u00e1dio online. Com o Zeno.FM como nossa ferramenta principal, voc\u00ea aprender\u00e1 atransformar sua paix\u00e3o por narra\u00e7\u00e3o ou podcasting em uma transmiss\u00e3o acess\u00edvelpara uma audi\u00eancia global. Neste curso ir\u00e1 aprender: \u25cf Criar uma Web R\u00e1dio\u25cf Gerenciar e criar esta\u00e7\u00f5es\u25cf Vis\u00e3o Geral da plataforma Zeno.FM\u25cf Canal de Transmiss\u00e3o 24h Requisitos:&#8211; Embora n\u00e3o seja necess\u00e1rio ser um especialista, \u00e9 importante que voc\u00eaesteja confort\u00e1vel com o uso b\u00e1sico de um computador e navega\u00e7\u00e3o nainternet.&#8211; Uma conex\u00e3o de internet est\u00e1vel \u00e9 essencial para acessar o programaZeno.fm e para transmitir sua web r\u00e1dio de forma consistente.&#8211; Esteja preparado para dedicar tempo regularmente para aprender, praticar,criar conte\u00fado e interagir com sua audi\u00eancia. A cria\u00e7\u00e3o de uma web r\u00e1diobem-sucedida requer compromisso e paci\u00eancia.D\u00favidas comuns:Consigo fazer o curso apenas utilizando meu celular?Sim O curso cont\u00e9m certifica\u00e7\u00e3o?Sim, o certificado \u00e9 disponibilizado na conclus\u00e3o do curso Para quem \u00e9 este curso?\u25cf Estagi\u00e1rio\u25cf Funcion\u00e1rios\u25cf Cidad\u00e3o<\/p>","protected":false},"featured_media":1775,"comment_status":"open","ping_status":"closed","template":"","meta":{"_acf_changed":false},"product_brand":[],"product_cat":[220,151,225],"product_tag":[],"class_list":{"0":"post-1774","1":"product","2":"type-product","3":"status-publish","4":"has-post-thumbnail","6":"product_cat-externocidadao","7":"product_cat-para-todos","8":"product_cat-radio-e-podcast","10":"first","11":"instock","12":"shipping-taxable","13":"product-type-external"},"acf":[],"_links":{"self":[{"href":"https:\/\/ead.barueri.sp.gov.br\/en\/wp-json\/wp\/v2\/product\/1774","targetHints":{"allow":["GET"]}}],"collection":[{"href":"https:\/\/ead.barueri.sp.gov.br\/en\/wp-json\/wp\/v2\/product"}],"about":[{"href":"https:\/\/ead.barueri.sp.gov.br\/en\/wp-json\/wp\/v2\/types\/product"}],"replies":[{"embeddable":true,"href":"https:\/\/ead.barueri.sp.gov.br\/en\/wp-json\/wp\/v2\/comments?post=1774"}],"wp:featuredmedia":[{"embeddable":true,"href":"https:\/\/ead.barueri.sp.gov.br\/en\/wp-json\/wp\/v2\/media\/1775"}],"wp:attachment":[{"href":"https:\/\/ead.barueri.sp.gov.br\/en\/wp-json\/wp\/v2\/media?parent=1774"}],"wp:term":[{"taxonomy":"product_brand","embeddable":true,"href":"https:\/\/ead.barueri.sp.gov.br\/en\/wp-json\/wp\/v2\/product_brand?post=1774"},{"taxonomy":"product_cat","embeddable":true,"href":"https:\/\/ead.barueri.sp.gov.br\/en\/wp-json\/wp\/v2\/product_cat?post=1774"},{"taxonomy":"product_tag","embeddable":true,"href":"https:\/\/ead.barueri.sp.gov.br\/en\/wp-json\/wp\/v2\/product_tag?post=1774"}],"curies":[{"name":"wp","href":"https:\/\/api.w.org\/{rel}","templated":true}]}}