{"id":1770,"date":"2024-02-28T14:14:59","date_gmt":"2024-02-28T17:14:59","guid":{"rendered":"https:\/\/ead.barueri.sp.gov.br\/?post_type=product&#038;p=1770"},"modified":"2025-01-29T06:57:27","modified_gmt":"2025-01-29T09:57:27","slug":"producao-e-distribuicao-de-podcasts-em-multiplas-plataformas","status":"publish","type":"product","link":"https:\/\/ead.barueri.sp.gov.br\/en\/product\/producao-e-distribuicao-de-podcasts-em-multiplas-plataformas\/","title":{"rendered":"Produ\u00e7\u00e3o e Distribui\u00e7\u00e3o de Podcasts em M\u00faltiplas Plataformas"},"content":{"rendered":"<p>Voc\u00ea j\u00e1 se imaginou criando conte\u00fado poderoso, envolvente e informativo que pode ser acessado a qualquer momento, em qualquer lugar? Bem-vindo ao emocionante universo dos podcasts e YouTube Podcasts!<\/p>\n<p>Neste curso emocionante, mergulhe de cabe\u00e7a em uma jornada repleta de descobertas e habilidades que o transformar\u00e3o em um mestre dos podcasts e do YouTube Podcasts. Aqui est\u00e1 um vislumbre do que voc\u00ea aprender\u00e1:<\/p>\n<p>Conhecer os tipos de plataformas e transmiss\u00f5es de podcast;<br \/>Escrever roteiros para podcasts de entrevista, storytelling, documentais, educacionais e jornal\u00edsticos;<br \/>Utilizar equipamentos de capta\u00e7\u00e3o e grava\u00e7\u00e3o de \u00e1udio;<br \/>Publicar podcast em + 6 plataformas como Deezer, Spotify, Apple podcasts, Breaker, Google Podcasts, Pocket Casts, RadioPublic, SoundCloud, CastBox e Anchor;<br \/>Programar epis\u00f3dios em massa para em um \u00fanico clique, para que o mesmo seja publicado de uma \u00fanica vez em mais de 6+ plataformas: Deezer, Spotify, Apple podcasts, Breaker, Google Podcasts, Pocket Casts, RadioPublic, SoundCloud, CastBox e Anchor;<br \/>Aprender a criar seu pr\u00f3prio podcast de forma profissional<br \/>Produ\u00e7\u00e3o de Podcasts Profissionais<br \/>Roteiriza\u00e7\u00e3o Envolvente<br \/>Tecnologia de Grava\u00e7\u00e3o<br \/>Distribui\u00e7\u00e3o Global<br \/>Automatiza\u00e7\u00e3o da Publica\u00e7\u00e3o<br \/>YouTube Podcast<br \/>Transforma\u00e7\u00e3o de Playlists<br \/>Benef\u00edcios e Cuidados<br \/>Dom\u00ednio das Plataformas de Streaming<br \/>Aprimoramento da Visualiza\u00e7\u00e3o<\/p>\n<p>Prepare-se para se destacar no mundo dos podcasts e do YouTube Podcasts, dominando a arte da narra\u00e7\u00e3o digital com facilidade e confian\u00e7a!<\/p>\n<p><strong>Para quem \u00e9 este curso?<\/strong><br \/>&#8220;Este curso \u00e9 exclusivamente destinado aos estagi\u00e1rios do CIT&#8221;<\/p>\n<p><strong>D\u00favidas comuns:<\/strong><br \/>Consigo fazer o curso apenas utilizando meu celular?<br \/>Sim<\/p>\n<p>Quais materiais preciso para fazer este curso?<br \/>Voc\u00ea precisar\u00e1 de um celular ou computador com acesso a internet. Os programas que usaremos durante o curso s\u00e3o na sua maioria gratuitos e mesmo os programas pagos ter\u00e3o uma alternativa no modo gratuito.<\/p>\n<p><strong>Tem certificado?<\/strong><br \/>Sim, o certificado ser\u00e1 disponibilizado ap\u00f3s acertar 70% das quest\u00f5es e concluir todas as atividades pr\u00e1ticas propostas durante o curso.<\/p>","protected":false},"excerpt":{"rendered":"<p>Voc\u00ea j\u00e1 se imaginou criando conte\u00fado poderoso, envolvente e informativo que pode ser acessado a qualquer momento, em qualquer lugar? Bem-vindo ao emocionante universo dos podcasts e YouTube Podcasts! Neste curso emocionante, mergulhe de cabe\u00e7a em uma jornada repleta de descobertas e habilidades que o transformar\u00e3o em um mestre dos podcasts e do YouTube Podcasts. Aqui est\u00e1 um vislumbre do que voc\u00ea aprender\u00e1: Conhecer os tipos de plataformas e transmiss\u00f5es de podcast;Escrever roteiros para podcasts de entrevista, storytelling, documentais, educacionais e jornal\u00edsticos;Utilizar equipamentos de capta\u00e7\u00e3o e grava\u00e7\u00e3o de \u00e1udio;Publicar podcast em + 6 plataformas como Deezer, Spotify, Apple podcasts, Breaker, Google Podcasts, Pocket Casts, RadioPublic, SoundCloud, CastBox e Anchor;Programar epis\u00f3dios em massa para em um \u00fanico clique, para que o mesmo seja publicado de uma \u00fanica vez em mais de 6+ plataformas: Deezer, Spotify, Apple podcasts, Breaker, Google Podcasts, Pocket Casts, RadioPublic, SoundCloud, CastBox e Anchor;Aprender a criar seu pr\u00f3prio podcast de forma profissionalProdu\u00e7\u00e3o de Podcasts ProfissionaisRoteiriza\u00e7\u00e3o EnvolventeTecnologia de Grava\u00e7\u00e3oDistribui\u00e7\u00e3o GlobalAutomatiza\u00e7\u00e3o da Publica\u00e7\u00e3oYouTube PodcastTransforma\u00e7\u00e3o de PlaylistsBenef\u00edcios e CuidadosDom\u00ednio das Plataformas de StreamingAprimoramento da Visualiza\u00e7\u00e3o Prepare-se para se destacar no mundo dos podcasts e do YouTube Podcasts, dominando a arte da narra\u00e7\u00e3o digital com facilidade e confian\u00e7a! Para quem \u00e9 este curso?&#8220;Este curso \u00e9 exclusivamente destinado aos estagi\u00e1rios do CIT&#8221; D\u00favidas comuns:Consigo fazer o curso apenas utilizando meu celular?Sim Quais materiais preciso para fazer este curso?Voc\u00ea precisar\u00e1 de um celular ou computador com acesso a internet. Os programas que usaremos durante o curso s\u00e3o na sua maioria gratuitos e mesmo os programas pagos ter\u00e3o uma alternativa no modo gratuito. Tem certificado?Sim, o certificado ser\u00e1 disponibilizado ap\u00f3s acertar 70% das quest\u00f5es e concluir todas as atividades pr\u00e1ticas propostas durante o curso.<\/p>","protected":false},"featured_media":1771,"comment_status":"open","ping_status":"closed","template":"","meta":{"_acf_changed":false},"product_brand":[],"product_cat":[153,148],"product_tag":[],"class_list":{"0":"post-1770","1":"product","2":"type-product","3":"status-publish","4":"has-post-thumbnail","6":"product_cat-estagiarios","7":"product_cat-softwares","9":"first","10":"instock","11":"shipping-taxable","12":"product-type-external"},"acf":[],"_links":{"self":[{"href":"https:\/\/ead.barueri.sp.gov.br\/en\/wp-json\/wp\/v2\/product\/1770","targetHints":{"allow":["GET"]}}],"collection":[{"href":"https:\/\/ead.barueri.sp.gov.br\/en\/wp-json\/wp\/v2\/product"}],"about":[{"href":"https:\/\/ead.barueri.sp.gov.br\/en\/wp-json\/wp\/v2\/types\/product"}],"replies":[{"embeddable":true,"href":"https:\/\/ead.barueri.sp.gov.br\/en\/wp-json\/wp\/v2\/comments?post=1770"}],"wp:featuredmedia":[{"embeddable":true,"href":"https:\/\/ead.barueri.sp.gov.br\/en\/wp-json\/wp\/v2\/media\/1771"}],"wp:attachment":[{"href":"https:\/\/ead.barueri.sp.gov.br\/en\/wp-json\/wp\/v2\/media?parent=1770"}],"wp:term":[{"taxonomy":"product_brand","embeddable":true,"href":"https:\/\/ead.barueri.sp.gov.br\/en\/wp-json\/wp\/v2\/product_brand?post=1770"},{"taxonomy":"product_cat","embeddable":true,"href":"https:\/\/ead.barueri.sp.gov.br\/en\/wp-json\/wp\/v2\/product_cat?post=1770"},{"taxonomy":"product_tag","embeddable":true,"href":"https:\/\/ead.barueri.sp.gov.br\/en\/wp-json\/wp\/v2\/product_tag?post=1770"}],"curies":[{"name":"wp","href":"https:\/\/api.w.org\/{rel}","templated":true}]}}