{"id":1769,"date":"2024-02-28T14:14:31","date_gmt":"2024-02-28T17:14:31","guid":{"rendered":"https:\/\/ead.barueri.sp.gov.br\/?post_type=product&#038;p=1769"},"modified":"2025-11-30T18:43:59","modified_gmt":"2025-11-30T21:43:59","slug":"nopse-nocoes-basicas-de-primeiros-socorros-na-escola","status":"publish","type":"product","link":"https:\/\/ead.barueri.sp.gov.br\/en\/product\/nopse-nocoes-basicas-de-primeiros-socorros-na-escola\/","title":{"rendered":"NoPSE &#8211; No\u00e7\u00f5es B\u00e1sicas de Primeiros Socorros na Escola"},"content":{"rendered":"<p>Conte\u00fado:<\/p>\n<p>TE\u00d3RICO (2 HORAS):<\/p>\n<p>&#8211; Apresenta\u00e7\u00e3o do Programa (Introdu\u00e7\u00e3o);<br \/>&#8211; Legisla\u00e7\u00e3o;<br \/>&#8211; Defini\u00e7\u00e3o de Primeiros Socorros;<br \/>&#8211; Defini\u00e7\u00e3o de Urg\u00eancia e Emerg\u00eancia;<br \/>&#8211; Avalia\u00e7\u00e3o da Cena (Plano de A\u00e7\u00e3o);<br \/>&#8211; Acionamento dos Recursos;<br \/>&#8211; OVACE;<br \/>&#8211; Desmaio;<br \/>&#8211; Fratura \/ Queda;<br \/>&#8211; Luxa\u00e7\u00e3o;<br \/>&#8211; Crise Compulsiva \/ Epilepsia;<br \/>&#8211; Queimaduras;<br \/>&#8211; AVE;<br \/>&#8211; Infarto Agudo do Mioc\u00e1rdio e<br \/>&#8211; RCP.<\/p>\n<p>PR\u00c1TICO (Presencial \/ 2 horas):<\/p>\n<p>&#8211; Exerc\u00edcios pr\u00e1ticos.<\/p>\n<p>Objetivo:<\/p>\n<p>Capacitar todos os funcion\u00e1rios da Rede Municipal de Ensino de Barueri que trabalham diretamente com crian\u00e7as (gest\u00e3o, docentes, cuidadores, auxiliares de manuten\u00e7\u00e3o, higieniza\u00e7\u00e3o, nutri\u00e7\u00e3o e outros que comp\u00f5e o quadro de funcion\u00e1rios da unidade escolar).<\/p>\n<p>Carga Hor\u00e1ria Total:<\/p>\n<p>4 horas, sendo: 2 horas te\u00f3rica (online) e 2 horas pr\u00e1tica (presencial)<\/p>","protected":false},"excerpt":{"rendered":"<p>Conte\u00fado: TE\u00d3RICO (2 HORAS): &#8211; Apresenta\u00e7\u00e3o do Programa (Introdu\u00e7\u00e3o);&#8211; Legisla\u00e7\u00e3o;&#8211; Defini\u00e7\u00e3o de Primeiros Socorros;&#8211; Defini\u00e7\u00e3o de Urg\u00eancia e Emerg\u00eancia;&#8211; Avalia\u00e7\u00e3o da Cena (Plano de A\u00e7\u00e3o);&#8211; Acionamento dos Recursos;&#8211; OVACE;&#8211; Desmaio;&#8211; Fratura \/ Queda;&#8211; Luxa\u00e7\u00e3o;&#8211; Crise Compulsiva \/ Epilepsia;&#8211; Queimaduras;&#8211; AVE;&#8211; Infarto Agudo do Mioc\u00e1rdio e&#8211; RCP. PR\u00c1TICO (Presencial \/ 2 horas): &#8211; Exerc\u00edcios pr\u00e1ticos. Objetivo: Capacitar todos os funcion\u00e1rios da Rede Municipal de Ensino de Barueri que trabalham diretamente com crian\u00e7as (gest\u00e3o, docentes, cuidadores, auxiliares de manuten\u00e7\u00e3o, higieniza\u00e7\u00e3o, nutri\u00e7\u00e3o e outros que comp\u00f5e o quadro de funcion\u00e1rios da unidade escolar). Carga Hor\u00e1ria Total: 4 horas, sendo: 2 horas te\u00f3rica (online) e 2 horas pr\u00e1tica (presencial)<\/p>","protected":false},"featured_media":1768,"comment_status":"open","ping_status":"closed","template":"","meta":{"_acf_changed":false},"product_brand":[],"product_cat":[206,152],"product_tag":[],"class_list":{"0":"post-1769","1":"product","2":"type-product","3":"status-publish","4":"has-post-thumbnail","6":"product_cat-saude","7":"product_cat-funcionarios","9":"first","10":"instock","11":"shipping-taxable","12":"product-type-external"},"acf":[],"_links":{"self":[{"href":"https:\/\/ead.barueri.sp.gov.br\/en\/wp-json\/wp\/v2\/product\/1769","targetHints":{"allow":["GET"]}}],"collection":[{"href":"https:\/\/ead.barueri.sp.gov.br\/en\/wp-json\/wp\/v2\/product"}],"about":[{"href":"https:\/\/ead.barueri.sp.gov.br\/en\/wp-json\/wp\/v2\/types\/product"}],"replies":[{"embeddable":true,"href":"https:\/\/ead.barueri.sp.gov.br\/en\/wp-json\/wp\/v2\/comments?post=1769"}],"wp:featuredmedia":[{"embeddable":true,"href":"https:\/\/ead.barueri.sp.gov.br\/en\/wp-json\/wp\/v2\/media\/1768"}],"wp:attachment":[{"href":"https:\/\/ead.barueri.sp.gov.br\/en\/wp-json\/wp\/v2\/media?parent=1769"}],"wp:term":[{"taxonomy":"product_brand","embeddable":true,"href":"https:\/\/ead.barueri.sp.gov.br\/en\/wp-json\/wp\/v2\/product_brand?post=1769"},{"taxonomy":"product_cat","embeddable":true,"href":"https:\/\/ead.barueri.sp.gov.br\/en\/wp-json\/wp\/v2\/product_cat?post=1769"},{"taxonomy":"product_tag","embeddable":true,"href":"https:\/\/ead.barueri.sp.gov.br\/en\/wp-json\/wp\/v2\/product_tag?post=1769"}],"curies":[{"name":"wp","href":"https:\/\/api.w.org\/{rel}","templated":true}]}}