{"id":1764,"date":"2024-02-28T14:01:35","date_gmt":"2024-02-28T17:01:35","guid":{"rendered":"https:\/\/ead.barueri.sp.gov.br\/?post_type=product&#038;p=1764"},"modified":"2025-07-04T11:41:45","modified_gmt":"2025-07-04T14:41:45","slug":"erp-de-obras","status":"publish","type":"product","link":"https:\/\/ead.barueri.sp.gov.br\/en\/product\/erp-de-obras\/","title":{"rendered":"ERP de Obras"},"content":{"rendered":"<p>O ERP \u00e9 um software respons\u00e1vel pelo controle de toda a gest\u00e3o de processos e informa\u00e7\u00f5es e permite a integra\u00e7\u00e3o de todas as secret\u00e1rias. Com essa ferramenta, a Secretaria de Obras consegue otimizar todas as atividades, e tomar provid\u00eancias pertinentes. Al\u00e9m disso, esse sistema auxilia na elimina\u00e7\u00e3ono uso de pap\u00e9is, com os dados dispon\u00edveis de forma digital, a perda de informa\u00e7\u00f5es \u00e9 praticamente extinta.<br \/>No final desse curso, voc\u00ea estar\u00e1 apto a criar requisi\u00e7\u00f5es; abrir e fechar requisi\u00e7\u00f5es; e como enviar requisi\u00e7\u00f5es \u00e0 secretaria de obras.<\/p>\n<p><strong>Para quem \u00e9 o curso?<\/strong><\/p>\n<p>Exclusivo para funcion\u00e1rios da prefeitura de Barueri que utilizam ou ir\u00e3o utilizar o sistema de ERP de obras.<\/p>\n<p><strong>Este Curso tem Certifica\u00e7\u00e3o com horas de dura\u00e7\u00e3o?<\/strong><\/p>\n<p>Sim. Ao final do curso, ap\u00f3s o acerto de 60% das quest\u00f5es, voc\u00ea obter\u00e1 o certificado de conclus\u00e3o!<\/p>","protected":false},"excerpt":{"rendered":"<p>O ERP \u00e9 um software respons\u00e1vel pelo controle de toda a gest\u00e3o de processos e informa\u00e7\u00f5es e permite a integra\u00e7\u00e3o de todas as secret\u00e1rias. Com essa ferramenta, a Secretaria de Obras consegue otimizar todas as atividades, e tomar provid\u00eancias pertinentes. Al\u00e9m disso, esse sistema auxilia na elimina\u00e7\u00e3ono uso de pap\u00e9is, com os dados dispon\u00edveis de forma digital, a perda de informa\u00e7\u00f5es \u00e9 praticamente extinta.No final desse curso, voc\u00ea estar\u00e1 apto a criar requisi\u00e7\u00f5es; abrir e fechar requisi\u00e7\u00f5es; e como enviar requisi\u00e7\u00f5es \u00e0 secretaria de obras. Para quem \u00e9 o curso? Exclusivo para funcion\u00e1rios da prefeitura de Barueri que utilizam ou ir\u00e3o utilizar o sistema de ERP de obras. Este Curso tem Certifica\u00e7\u00e3o com horas de dura\u00e7\u00e3o? Sim. Ao final do curso, ap\u00f3s o acerto de 60% das quest\u00f5es, voc\u00ea obter\u00e1 o certificado de conclus\u00e3o!<\/p>","protected":false},"featured_media":1765,"comment_status":"open","ping_status":"closed","template":"","meta":{"_acf_changed":false},"product_brand":[],"product_cat":[152,148],"product_tag":[],"class_list":{"0":"post-1764","1":"product","2":"type-product","3":"status-publish","4":"has-post-thumbnail","6":"product_cat-funcionarios","7":"product_cat-softwares","9":"first","10":"instock","11":"shipping-taxable","12":"product-type-external"},"acf":[],"_links":{"self":[{"href":"https:\/\/ead.barueri.sp.gov.br\/en\/wp-json\/wp\/v2\/product\/1764","targetHints":{"allow":["GET"]}}],"collection":[{"href":"https:\/\/ead.barueri.sp.gov.br\/en\/wp-json\/wp\/v2\/product"}],"about":[{"href":"https:\/\/ead.barueri.sp.gov.br\/en\/wp-json\/wp\/v2\/types\/product"}],"replies":[{"embeddable":true,"href":"https:\/\/ead.barueri.sp.gov.br\/en\/wp-json\/wp\/v2\/comments?post=1764"}],"wp:featuredmedia":[{"embeddable":true,"href":"https:\/\/ead.barueri.sp.gov.br\/en\/wp-json\/wp\/v2\/media\/1765"}],"wp:attachment":[{"href":"https:\/\/ead.barueri.sp.gov.br\/en\/wp-json\/wp\/v2\/media?parent=1764"}],"wp:term":[{"taxonomy":"product_brand","embeddable":true,"href":"https:\/\/ead.barueri.sp.gov.br\/en\/wp-json\/wp\/v2\/product_brand?post=1764"},{"taxonomy":"product_cat","embeddable":true,"href":"https:\/\/ead.barueri.sp.gov.br\/en\/wp-json\/wp\/v2\/product_cat?post=1764"},{"taxonomy":"product_tag","embeddable":true,"href":"https:\/\/ead.barueri.sp.gov.br\/en\/wp-json\/wp\/v2\/product_tag?post=1764"}],"curies":[{"name":"wp","href":"https:\/\/api.w.org\/{rel}","templated":true}]}}