{"id":1761,"date":"2024-02-28T13:58:55","date_gmt":"2024-02-28T16:58:55","guid":{"rendered":"https:\/\/ead.barueri.sp.gov.br\/?post_type=product&#038;p=1761"},"modified":"2025-01-29T11:42:28","modified_gmt":"2025-01-29T14:42:28","slug":"google-dashboard-atualizacao-dashboard-tv-inovacao-barueri-podcasts","status":"publish","type":"product","link":"https:\/\/ead.barueri.sp.gov.br\/en\/product\/google-dashboard-atualizacao-dashboard-tv-inovacao-barueri-podcasts\/","title":{"rendered":"Google dashboard &#8211; atualiza\u00e7\u00e3o Dashboard Tv Inova\u00e7\u00e3o Barueri &#8211; podcasts"},"content":{"rendered":"<p><strong>Objetivo do Curso:<\/strong><br \/>No curso &#8220;Google Dashboard &#8211; Atualiza\u00e7\u00e3o Dashboard Tv Inova\u00e7\u00e3o Barueri &#8211; Podcasts&#8221;, voc\u00ea ter\u00e1 a oportunidade de explorar em profundidade as funcionalidades e usos do Google Dashboard voltados especificamente para a cria\u00e7\u00e3o e gest\u00e3o eficaz de dashboards relacionados ao Dashboard Tv Inova\u00e7\u00e3o Barueri e podcasts. Este curso \u00e9 especialmente desenvolvido para o p\u00fablico interno, direcionado aos estagi\u00e1rios do Inova\u00e7\u00e3o Barueri. Ele oferece as habilidades necess\u00e1rias para criar, compreender e aplicar dashboards utilizando a plataforma Google Dashboard para fins de gest\u00e3o de informa\u00e7\u00f5es.<\/p>\n<p><strong>Pr\u00e9-Requisitos:<\/strong><br \/>Para tirar o m\u00e1ximo proveito deste curso, \u00e9 altamente recomendado que voc\u00ea tenha conclu\u00eddo o Curso B\u00e1sico de Google Dashboard. Caso ainda n\u00e3o tenha feito isso, voc\u00ea pode acessar o curso atrav\u00e9s deste link.<\/p>\n<p><strong>P\u00fablico-Alvo do Curso:<\/strong><br \/>Este curso \u00e9 direcionado exclusivamente aos estagi\u00e1rios do Inova\u00e7\u00e3o Barueri. O conte\u00fado foi projetado para atender \u00e0s necessidades espec\u00edficas dos estagi\u00e1rios, capacitando-os a utilizar o Google Dashboard como uma ferramenta valiosa para a gest\u00e3o de dados e visualiza\u00e7\u00e3o de informa\u00e7\u00f5es.<\/p>\n<p><strong>Certifica\u00e7\u00e3o:<\/strong><br \/>Ao concluir o curso com \u00eaxito, voc\u00ea ter\u00e1 a oportunidade de receber um certificado de realiza\u00e7\u00e3o. O certificado ser\u00e1 concedido ap\u00f3s atingir um m\u00ednimo de 70% de acerto nas quest\u00f5es de avalia\u00e7\u00e3o e concluir todas as atividades pr\u00e1ticas propostas durante o curso.<\/p>\n<p><strong>Quest\u00f5es Padr\u00e3o:<\/strong><\/p>\n<p>1 &#8211; Quais s\u00e3o os pr\u00e9-requisitos para tirar o m\u00e1ximo proveito deste curso?<br \/>\u00c9 altamente recomendado que voc\u00ea tenha conclu\u00eddo o Curso B\u00e1sico de Google Dashboard. Caso ainda n\u00e3o tenha feito isso, voc\u00ea pode acessar o curso atrav\u00e9s deste link.<\/p>\n<p>2 &#8211; A quem esse curso foi especialmente desenvolvido?<br \/>Este curso foi desenvolvido especificamente para os estagi\u00e1rios do Inova\u00e7\u00e3o Barueri, visando atender \u00e0s suas necessidades e capacit\u00e1-los a utilizar o Google Dashboard para gest\u00e3o de dados e visualiza\u00e7\u00e3o de informa\u00e7\u00f5es relacionadas ao Dashboard Tv Inova\u00e7\u00e3o Barueri e podcasts.<\/p>\n<p>3 &#8211; Como voc\u00ea pode receber o certificado de realiza\u00e7\u00e3o ao concluir o curso com \u00eaxito?<br \/>Ao concluir o curso com \u00eaxito, voc\u00ea ter\u00e1 a oportunidade de receber um certificado de realiza\u00e7\u00e3o. O certificado ser\u00e1 concedido ap\u00f3s atingir um m\u00ednimo de 70% de acerto nas quest\u00f5es de avalia\u00e7\u00e3o e concluir todas as atividades pr\u00e1ticas propostas durante o curso.<\/p>","protected":false},"excerpt":{"rendered":"<p>Objetivo do Curso:No curso &#8220;Google Dashboard &#8211; Atualiza\u00e7\u00e3o Dashboard Tv Inova\u00e7\u00e3o Barueri &#8211; Podcasts&#8221;, voc\u00ea ter\u00e1 a oportunidade de explorar em profundidade as funcionalidades e usos do Google Dashboard voltados especificamente para a cria\u00e7\u00e3o e gest\u00e3o eficaz de dashboards relacionados ao Dashboard Tv Inova\u00e7\u00e3o Barueri e podcasts. Este curso \u00e9 especialmente desenvolvido para o p\u00fablico interno, direcionado aos estagi\u00e1rios do Inova\u00e7\u00e3o Barueri. Ele oferece as habilidades necess\u00e1rias para criar, compreender e aplicar dashboards utilizando a plataforma Google Dashboard para fins de gest\u00e3o de informa\u00e7\u00f5es. Pr\u00e9-Requisitos:Para tirar o m\u00e1ximo proveito deste curso, \u00e9 altamente recomendado que voc\u00ea tenha conclu\u00eddo o Curso B\u00e1sico de Google Dashboard. Caso ainda n\u00e3o tenha feito isso, voc\u00ea pode acessar o curso atrav\u00e9s deste link. P\u00fablico-Alvo do Curso:Este curso \u00e9 direcionado exclusivamente aos estagi\u00e1rios do Inova\u00e7\u00e3o Barueri. O conte\u00fado foi projetado para atender \u00e0s necessidades espec\u00edficas dos estagi\u00e1rios, capacitando-os a utilizar o Google Dashboard como uma ferramenta valiosa para a gest\u00e3o de dados e visualiza\u00e7\u00e3o de informa\u00e7\u00f5es. Certifica\u00e7\u00e3o:Ao concluir o curso com \u00eaxito, voc\u00ea ter\u00e1 a oportunidade de receber um certificado de realiza\u00e7\u00e3o. O certificado ser\u00e1 concedido ap\u00f3s atingir um m\u00ednimo de 70% de acerto nas quest\u00f5es de avalia\u00e7\u00e3o e concluir todas as atividades pr\u00e1ticas propostas durante o curso. Quest\u00f5es Padr\u00e3o: 1 &#8211; Quais s\u00e3o os pr\u00e9-requisitos para tirar o m\u00e1ximo proveito deste curso?\u00c9 altamente recomendado que voc\u00ea tenha conclu\u00eddo o Curso B\u00e1sico de Google Dashboard. Caso ainda n\u00e3o tenha feito isso, voc\u00ea pode acessar o curso atrav\u00e9s deste link. 2 &#8211; A quem esse curso foi especialmente desenvolvido?Este curso foi desenvolvido especificamente para os estagi\u00e1rios do Inova\u00e7\u00e3o Barueri, visando atender \u00e0s suas necessidades e capacit\u00e1-los a utilizar o Google Dashboard para gest\u00e3o de dados e visualiza\u00e7\u00e3o de informa\u00e7\u00f5es relacionadas ao Dashboard Tv Inova\u00e7\u00e3o Barueri e podcasts. 3 &#8211; Como voc\u00ea pode receber o certificado de realiza\u00e7\u00e3o ao concluir o curso com \u00eaxito?Ao concluir o curso com \u00eaxito, voc\u00ea ter\u00e1 a oportunidade de receber um certificado de realiza\u00e7\u00e3o. O certificado ser\u00e1 concedido ap\u00f3s atingir um m\u00ednimo de 70% de acerto nas quest\u00f5es de avalia\u00e7\u00e3o e concluir todas as atividades pr\u00e1ticas propostas durante o curso.<\/p>","protected":false},"featured_media":1762,"comment_status":"open","ping_status":"closed","template":"","meta":{"_acf_changed":false},"product_brand":[],"product_cat":[153,148],"product_tag":[],"class_list":{"0":"post-1761","1":"product","2":"type-product","3":"status-publish","4":"has-post-thumbnail","6":"product_cat-estagiarios","7":"product_cat-softwares","9":"first","10":"instock","11":"shipping-taxable","12":"product-type-external"},"acf":[],"_links":{"self":[{"href":"https:\/\/ead.barueri.sp.gov.br\/en\/wp-json\/wp\/v2\/product\/1761","targetHints":{"allow":["GET"]}}],"collection":[{"href":"https:\/\/ead.barueri.sp.gov.br\/en\/wp-json\/wp\/v2\/product"}],"about":[{"href":"https:\/\/ead.barueri.sp.gov.br\/en\/wp-json\/wp\/v2\/types\/product"}],"replies":[{"embeddable":true,"href":"https:\/\/ead.barueri.sp.gov.br\/en\/wp-json\/wp\/v2\/comments?post=1761"}],"wp:featuredmedia":[{"embeddable":true,"href":"https:\/\/ead.barueri.sp.gov.br\/en\/wp-json\/wp\/v2\/media\/1762"}],"wp:attachment":[{"href":"https:\/\/ead.barueri.sp.gov.br\/en\/wp-json\/wp\/v2\/media?parent=1761"}],"wp:term":[{"taxonomy":"product_brand","embeddable":true,"href":"https:\/\/ead.barueri.sp.gov.br\/en\/wp-json\/wp\/v2\/product_brand?post=1761"},{"taxonomy":"product_cat","embeddable":true,"href":"https:\/\/ead.barueri.sp.gov.br\/en\/wp-json\/wp\/v2\/product_cat?post=1761"},{"taxonomy":"product_tag","embeddable":true,"href":"https:\/\/ead.barueri.sp.gov.br\/en\/wp-json\/wp\/v2\/product_tag?post=1761"}],"curies":[{"name":"wp","href":"https:\/\/api.w.org\/{rel}","templated":true}]}}