{"id":1758,"date":"2024-02-27T16:32:08","date_gmt":"2024-02-27T19:32:08","guid":{"rendered":"https:\/\/ead.barueri.sp.gov.br\/?post_type=product&#038;p=1758"},"modified":"2025-01-29T09:00:43","modified_gmt":"2025-01-29T12:00:43","slug":"barueri-sem-papel-plataforma-solar-bpm","status":"publish","type":"product","link":"https:\/\/ead.barueri.sp.gov.br\/en\/product\/barueri-sem-papel-plataforma-solar-bpm\/","title":{"rendered":"Barueri Sem Papel &#8211; Plataforma Solar BPM"},"content":{"rendered":"<p>A Prefeitura Municipal de Barueri, buscando estar alinhada a evolu\u00e7\u00f5es ao longo das \u00faltimas d\u00e9cadas e transi\u00e7\u00f5es no tr\u00e2mite de papel para outro, cada vez mais focado na produtividade, economicidade e transpar\u00eancia, tem se preocupado em realizar investimentos em solu\u00e7\u00f5es e tecnologias que melhor aparelhem a sua gest\u00e3o. O Barueri Sem Papel, projeto que integra o Barueri Cidade Sustent\u00e1vel e Inteligente, tem como objetivo eliminar o uso do papel, tanto entre \u00f3rg\u00e3os da administra\u00e7\u00e3o p\u00fablica quanto na rela\u00e7\u00e3o da prefeitura com os cidad\u00e3os, para saber mais, acesse:\u00a0<a href=\"https:\/\/solarbpm.barueri.sp.gov.br\/centralajuda\/barueri-sem-papel\/\" target=\"_blank\" rel=\"noreferrer noopener\">https:\/\/solarbpm.barueri.sp.gov.br\/centralajuda\/barueri-sem-papel\/.<\/a><br \/>Esse curso cont\u00e9m +15 v\u00eddeos e 50 quest\u00f5es para voc\u00ea aprender a como consultar um protocolo, como protocolar um documento ou processo, como inserir e assinar\/autenticar anexos, como solicitar assinatura de documentos para outro servidor, como encaminhar um protocolo e muito mais!!<br \/><strong>Dedica\u00e7\u00e3o \u00e9 essencial\u00a0<\/strong>para que haja sucesso na sua jornada. Veja a seguir algumas dicas de estudo que v\u00e3o contribuir para esse resultado:<\/p>\n<p>N\u00e3o tenha pressa em finalizar os m\u00f3dulos.<br \/>Organize seu estudo para obter o melhor rendimento poss\u00edvel.<br \/>Reserve um per\u00edodo m\u00ednimo de uma hora para cada momento de aprendizagem, em um local calmo. Per\u00edodos mais curtos podem n\u00e3o o ajudar a atingir o n\u00edvel necess\u00e1rio de compreens\u00e3o para cada etapa. Caso seu momento de estudo seja interrompido, reinicie a etapa.<br \/>Siga a ordem das aulas proposta no curso. A estrutura \u00e9 planejada para que voc\u00ea obtenha um resultado mais eficaz na sua capacita\u00e7\u00e3o.<\/p>\n<p>ATEN\u00c7\u00c3O!<br \/>Para emitir o certificado \u00e9 necess\u00e1rio que voc\u00ea tenha finalizado todas as aulas do curso e obtido no m\u00ednimo nota 70% na avalia\u00e7\u00e3o.<\/p>","protected":false},"excerpt":{"rendered":"<p>A Prefeitura Municipal de Barueri, buscando estar alinhada a evolu\u00e7\u00f5es ao longo das \u00faltimas d\u00e9cadas e transi\u00e7\u00f5es no tr\u00e2mite de papel para outro, cada vez mais focado na produtividade, economicidade e transpar\u00eancia, tem se preocupado em realizar investimentos em solu\u00e7\u00f5es e tecnologias que melhor aparelhem a sua gest\u00e3o. O Barueri Sem Papel, projeto que integra o Barueri Cidade Sustent\u00e1vel e Inteligente, tem como objetivo eliminar o uso do papel, tanto entre \u00f3rg\u00e3os da administra\u00e7\u00e3o p\u00fablica quanto na rela\u00e7\u00e3o da prefeitura com os cidad\u00e3os, para saber mais, acesse:\u00a0https:\/\/solarbpm.barueri.sp.gov.br\/centralajuda\/barueri-sem-papel\/.Esse curso cont\u00e9m +15 v\u00eddeos e 50 quest\u00f5es para voc\u00ea aprender a como consultar um protocolo, como protocolar um documento ou processo, como inserir e assinar\/autenticar anexos, como solicitar assinatura de documentos para outro servidor, como encaminhar um protocolo e muito mais!!Dedica\u00e7\u00e3o \u00e9 essencial\u00a0para que haja sucesso na sua jornada. Veja a seguir algumas dicas de estudo que v\u00e3o contribuir para esse resultado: N\u00e3o tenha pressa em finalizar os m\u00f3dulos.Organize seu estudo para obter o melhor rendimento poss\u00edvel.Reserve um per\u00edodo m\u00ednimo de uma hora para cada momento de aprendizagem, em um local calmo. Per\u00edodos mais curtos podem n\u00e3o o ajudar a atingir o n\u00edvel necess\u00e1rio de compreens\u00e3o para cada etapa. Caso seu momento de estudo seja interrompido, reinicie a etapa.Siga a ordem das aulas proposta no curso. A estrutura \u00e9 planejada para que voc\u00ea obtenha um resultado mais eficaz na sua capacita\u00e7\u00e3o. ATEN\u00c7\u00c3O!Para emitir o certificado \u00e9 necess\u00e1rio que voc\u00ea tenha finalizado todas as aulas do curso e obtido no m\u00ednimo nota 70% na avalia\u00e7\u00e3o.<\/p>","protected":false},"featured_media":1759,"comment_status":"open","ping_status":"closed","template":"","meta":{"_acf_changed":false},"product_brand":[],"product_cat":[152],"product_tag":[],"class_list":{"0":"post-1758","1":"product","2":"type-product","3":"status-publish","4":"has-post-thumbnail","6":"product_cat-funcionarios","8":"first","9":"instock","10":"shipping-taxable","11":"product-type-external"},"acf":[],"_links":{"self":[{"href":"https:\/\/ead.barueri.sp.gov.br\/en\/wp-json\/wp\/v2\/product\/1758","targetHints":{"allow":["GET"]}}],"collection":[{"href":"https:\/\/ead.barueri.sp.gov.br\/en\/wp-json\/wp\/v2\/product"}],"about":[{"href":"https:\/\/ead.barueri.sp.gov.br\/en\/wp-json\/wp\/v2\/types\/product"}],"replies":[{"embeddable":true,"href":"https:\/\/ead.barueri.sp.gov.br\/en\/wp-json\/wp\/v2\/comments?post=1758"}],"wp:featuredmedia":[{"embeddable":true,"href":"https:\/\/ead.barueri.sp.gov.br\/en\/wp-json\/wp\/v2\/media\/1759"}],"wp:attachment":[{"href":"https:\/\/ead.barueri.sp.gov.br\/en\/wp-json\/wp\/v2\/media?parent=1758"}],"wp:term":[{"taxonomy":"product_brand","embeddable":true,"href":"https:\/\/ead.barueri.sp.gov.br\/en\/wp-json\/wp\/v2\/product_brand?post=1758"},{"taxonomy":"product_cat","embeddable":true,"href":"https:\/\/ead.barueri.sp.gov.br\/en\/wp-json\/wp\/v2\/product_cat?post=1758"},{"taxonomy":"product_tag","embeddable":true,"href":"https:\/\/ead.barueri.sp.gov.br\/en\/wp-json\/wp\/v2\/product_tag?post=1758"}],"curies":[{"name":"wp","href":"https:\/\/api.w.org\/{rel}","templated":true}]}}