{"id":1756,"date":"2024-02-27T13:59:23","date_gmt":"2024-02-27T16:59:23","guid":{"rendered":"https:\/\/ead.barueri.sp.gov.br\/?post_type=product&#038;p=1756"},"modified":"2025-09-25T15:27:46","modified_gmt":"2025-09-25T18:27:46","slug":"programa-agentes-multiplicadores-de-protecao-e-defesa-civil","status":"publish","type":"product","link":"https:\/\/ead.barueri.sp.gov.br\/en\/product\/programa-agentes-multiplicadores-de-protecao-e-defesa-civil\/","title":{"rendered":"Programa Agentes Multiplicadores de Prote\u00e7\u00e3o e Defesa Civil"},"content":{"rendered":"<p>\u00c9 na Escola que se deve construir a consci\u00eancia voltada para os interesses comunit\u00e1rios e para o esp\u00edrito solid\u00e1rio, visando o bem-estar de todos; transformando crian\u00e7as e adolescentes em agentes multiplicadores, conscientes dos seus direitos e executores dos seus deveres.<\/p>\n<p><strong>Para quem \u00e9 este curso:\u00a0<\/strong>Estudantes da Rede Municipal de Ensino do 5\u00ba ao 9\u00ba ano.<\/p>\n<p><strong>Como se inscrever:<\/strong>\u00a0As Unidades de Ensino divulgam convite para participa\u00e7\u00e3o do Programa. Ap\u00f3s a manifesta\u00e7\u00e3o dos interessados, os professores e orientadores de cada escola realizam a escolha dos representantes e estes executam as inscri\u00e7\u00f5es no Programa. As inscri\u00e7\u00f5es s\u00e3o disponibilizadas somente para os selecionados por cada unidade de ensino.<\/p>\n<p><strong>Temas Abordados | 18 Temas Abordados:<\/strong><\/p>\n<p>REDU\u00c7\u00c3O DE RISCOS E DESASTRES<br \/>Coordenadoria T\u00e9cnica de Prote\u00e7\u00e3o e Defesa Civil<\/p>\n<p>NO\u00c7\u00d5ES B\u00c1SICAS DE PRIMEIROS SOCORROS<br \/>Resgate Municipal<\/p>\n<p>FAM\u00cdLIA E SOCIEDADE | \u00c9TICA E CIDADANIA<br \/>Secretaria da Fam\u00edlia<\/p>\n<p>COMO AGIR EM CASO DE INC\u00caNDIO<br \/>Corpo de Bombeiros<\/p>\n<p>PROBLEMAS RELACIONADOS AO LIXO<br \/>Secretaria de Recursos Naturais e Meio Ambiente<\/p>\n<p>COMBATE \u00c0S ARBOVIROSES E COVID-19<br \/>Secretaria da Sa\u00fade<\/p>\n<p>CIDADANIA NO TR\u00c2NSITO DIREITOS E DEVERES<br \/>Secretaria de Mobilidade Urbana<\/p>\n<p>O VALOR DO SORRISO<br \/>Secretaria de Cultura<\/p>\n<p>CEROL E LINHA CHILENA | BAL\u00d5ES<br \/>Coordenadoria T\u00e9cnica de Prote\u00e7\u00e3o e Defesa Civil<\/p>\n<p>FRAGILIDADES E POTENCIALIDADES DO USO DO SOLO | CAPTURA E RECOLHA DE ANIMAIS<br \/>Guarda Civil Municipal Ambiental<\/p>\n<p>PRINCIPAIS CAUSAS DE ACIDENTES DE TR\u00c2NSITO | SINALIZA\u00c7\u00d5ES<br \/>Pol\u00edcia Rodovi\u00e1ria Estadual<\/p>\n<p>ISTS E GRAVIDEZ PRECOCE<br \/>Secretaria da Sa\u00fade<\/p>\n<p>BULLYNG &#8211; DEBATE EM CLASSE<br \/>Coordenadoria T\u00e9cnica de Prote\u00e7\u00e3o e Defesa Civil<\/p>\n<p>DROGAS E SEGURAN\u00c7A NAS ESCOLAS<br \/>Guarda Civil Municipal<\/p>\n<p><strong>ATIVIDADES EXTERNAS:<\/strong><br \/>Cooperyara<br \/>Parque Ecol\u00f3gico do Tiet\u00ea \/ \u00c1rea do Russo<br \/>Pal\u00e1cio dos Bandeirantes<br \/>Batalh\u00e3o Cel. Edson Santos da Silva<br \/>Corpo de Bombeiros<br \/>Desfile C\u00edvico<\/p>","protected":false},"excerpt":{"rendered":"<p>\u00c9 na Escola que se deve construir a consci\u00eancia voltada para os interesses comunit\u00e1rios e para o esp\u00edrito solid\u00e1rio, visando o bem-estar de todos; transformando crian\u00e7as e adolescentes em agentes multiplicadores, conscientes dos seus direitos e executores dos seus deveres. Para quem \u00e9 este curso:\u00a0Estudantes da Rede Municipal de Ensino do 5\u00ba ao 9\u00ba ano. Como se inscrever:\u00a0As Unidades de Ensino divulgam convite para participa\u00e7\u00e3o do Programa. Ap\u00f3s a manifesta\u00e7\u00e3o dos interessados, os professores e orientadores de cada escola realizam a escolha dos representantes e estes executam as inscri\u00e7\u00f5es no Programa. As inscri\u00e7\u00f5es s\u00e3o disponibilizadas somente para os selecionados por cada unidade de ensino. Temas Abordados | 18 Temas Abordados: REDU\u00c7\u00c3O DE RISCOS E DESASTRESCoordenadoria T\u00e9cnica de Prote\u00e7\u00e3o e Defesa Civil NO\u00c7\u00d5ES B\u00c1SICAS DE PRIMEIROS SOCORROSResgate Municipal FAM\u00cdLIA E SOCIEDADE | \u00c9TICA E CIDADANIASecretaria da Fam\u00edlia COMO AGIR EM CASO DE INC\u00caNDIOCorpo de Bombeiros PROBLEMAS RELACIONADOS AO LIXOSecretaria de Recursos Naturais e Meio Ambiente COMBATE \u00c0S ARBOVIROSES E COVID-19Secretaria da Sa\u00fade CIDADANIA NO TR\u00c2NSITO DIREITOS E DEVERESSecretaria de Mobilidade Urbana O VALOR DO SORRISOSecretaria de Cultura CEROL E LINHA CHILENA | BAL\u00d5ESCoordenadoria T\u00e9cnica de Prote\u00e7\u00e3o e Defesa Civil FRAGILIDADES E POTENCIALIDADES DO USO DO SOLO | CAPTURA E RECOLHA DE ANIMAISGuarda Civil Municipal Ambiental PRINCIPAIS CAUSAS DE ACIDENTES DE TR\u00c2NSITO | SINALIZA\u00c7\u00d5ESPol\u00edcia Rodovi\u00e1ria Estadual ISTS E GRAVIDEZ PRECOCESecretaria da Sa\u00fade BULLYNG &#8211; DEBATE EM CLASSECoordenadoria T\u00e9cnica de Prote\u00e7\u00e3o e Defesa Civil DROGAS E SEGURAN\u00c7A NAS ESCOLASGuarda Civil Municipal ATIVIDADES EXTERNAS:CooperyaraParque Ecol\u00f3gico do Tiet\u00ea \/ \u00c1rea do RussoPal\u00e1cio dos BandeirantesBatalh\u00e3o Cel. Edson Santos da SilvaCorpo de BombeirosDesfile C\u00edvico<\/p>","protected":false},"featured_media":1757,"comment_status":"open","ping_status":"closed","template":"","meta":{"_acf_changed":false},"product_brand":[],"product_cat":[220],"product_tag":[],"class_list":{"0":"post-1756","1":"product","2":"type-product","3":"status-publish","4":"has-post-thumbnail","6":"product_cat-externocidadao","8":"first","9":"instock","10":"shipping-taxable","11":"product-type-external"},"acf":[],"_links":{"self":[{"href":"https:\/\/ead.barueri.sp.gov.br\/en\/wp-json\/wp\/v2\/product\/1756","targetHints":{"allow":["GET"]}}],"collection":[{"href":"https:\/\/ead.barueri.sp.gov.br\/en\/wp-json\/wp\/v2\/product"}],"about":[{"href":"https:\/\/ead.barueri.sp.gov.br\/en\/wp-json\/wp\/v2\/types\/product"}],"replies":[{"embeddable":true,"href":"https:\/\/ead.barueri.sp.gov.br\/en\/wp-json\/wp\/v2\/comments?post=1756"}],"wp:featuredmedia":[{"embeddable":true,"href":"https:\/\/ead.barueri.sp.gov.br\/en\/wp-json\/wp\/v2\/media\/1757"}],"wp:attachment":[{"href":"https:\/\/ead.barueri.sp.gov.br\/en\/wp-json\/wp\/v2\/media?parent=1756"}],"wp:term":[{"taxonomy":"product_brand","embeddable":true,"href":"https:\/\/ead.barueri.sp.gov.br\/en\/wp-json\/wp\/v2\/product_brand?post=1756"},{"taxonomy":"product_cat","embeddable":true,"href":"https:\/\/ead.barueri.sp.gov.br\/en\/wp-json\/wp\/v2\/product_cat?post=1756"},{"taxonomy":"product_tag","embeddable":true,"href":"https:\/\/ead.barueri.sp.gov.br\/en\/wp-json\/wp\/v2\/product_tag?post=1756"}],"curies":[{"name":"wp","href":"https:\/\/api.w.org\/{rel}","templated":true}]}}