{"id":1727,"date":"2024-02-22T16:05:35","date_gmt":"2024-02-22T19:05:35","guid":{"rendered":"https:\/\/ead.barueri.sp.gov.br\/?post_type=product&#038;p=1727"},"modified":"2025-01-29T07:56:03","modified_gmt":"2025-01-29T10:56:03","slug":"envio-de-email-em-massa-interno-inovacao-barueri","status":"publish","type":"product","link":"https:\/\/ead.barueri.sp.gov.br\/en\/product\/envio-de-email-em-massa-interno-inovacao-barueri\/","title":{"rendered":"ENVIO DE EMAIL EM MASSA &#8211; INTERNO INOVA\u00c7\u00c3O BARUERI"},"content":{"rendered":"<p>O curso &#8220;Programa de Envio de Email em Massa para Uso Interno&#8221; \u00e9 projetado para capacitar os estagi\u00e1rios a utilizar de forma eficiente um programa de envio de e-mail em massa, desenvolvido especificamente para atender \u00e0s necessidades internas da organiza\u00e7\u00e3o.<\/p>\n<p>No mundo corporativo, o envio de emails em massa \u00e9 uma pr\u00e1tica comum para compartilhar informa\u00e7\u00f5es importantes, atualiza\u00e7\u00f5es, an\u00fancios e comunica\u00e7\u00f5es internas com toda a equipe de forma automatizada. Este curso tem como objetivo proporcionar aos estagi\u00e1rios o conhecimento necess\u00e1rio para aproveitar ao m\u00e1ximo o programa de envio de email em massa, tornando o processo de comunica\u00e7\u00e3o interna mais eficiente e economizando tempo valioso.<\/p>\n<p><strong>O que voc\u00ea aprender\u00e1 no curso?<\/strong><br \/>Utilizar um programa espec\u00edfico de envio de email em massa para atender \u00e0s necessidades internas da organiza\u00e7\u00e3o.<br \/>Compreender os princ\u00edpios e pr\u00e1ticas do envio de emails em massa no ambiente corporativo.<br \/>Configurar e personalizar o programa de envio de email em massa de acordo com as necessidades da empresa.<br \/>Automatizar o processo de envio de emails em massa, economizando tempo e esfor\u00e7o.<\/p>\n<p><strong>Para quem \u00e9 este curso?<\/strong><br \/>Este curso \u00e9 exclusivamente destinado aos estagi\u00e1rios do Inova\u00e7\u00e3o Barueri. Ele foi projetado para capacitar os estagi\u00e1rios a utilizar de forma eficiente o programa de envio de email em massa desenvolvido para atender \u00e0s necessidades internas da organiza\u00e7\u00e3o. Portanto, \u00e9 direcionado especificamente aos estagi\u00e1rios que desempenham fun\u00e7\u00f5es dentro do Inova\u00e7\u00e3o Barueri e que precisam aprender a utilizar essa ferramenta de comunica\u00e7\u00e3o interna.<\/p>\n<p><strong>D\u00favidas comuns:<\/strong><br \/>Consigo fazer o curso apenas utilizando meu celular?<br \/>Sim<br \/>Quais materiais preciso para fazer este curso?<br \/>Voc\u00ea precisar\u00e1 de um celular ou computador com acesso a internet. Os programas que usaremos durante o curso s\u00e3o na sua maioria gratuitos e mesmo os programas pagos ter\u00e3o uma alternativa no modo gratuito.<\/p>\n<p><strong>Tem certificado?<\/strong><br \/>Sim.<\/p>","protected":false},"excerpt":{"rendered":"<p>O curso &#8220;Programa de Envio de Email em Massa para Uso Interno&#8221; \u00e9 projetado para capacitar os estagi\u00e1rios a utilizar de forma eficiente um programa de envio de e-mail em massa, desenvolvido especificamente para atender \u00e0s necessidades internas da organiza\u00e7\u00e3o. No mundo corporativo, o envio de emails em massa \u00e9 uma pr\u00e1tica comum para compartilhar informa\u00e7\u00f5es importantes, atualiza\u00e7\u00f5es, an\u00fancios e comunica\u00e7\u00f5es internas com toda a equipe de forma automatizada. Este curso tem como objetivo proporcionar aos estagi\u00e1rios o conhecimento necess\u00e1rio para aproveitar ao m\u00e1ximo o programa de envio de email em massa, tornando o processo de comunica\u00e7\u00e3o interna mais eficiente e economizando tempo valioso. O que voc\u00ea aprender\u00e1 no curso?Utilizar um programa espec\u00edfico de envio de email em massa para atender \u00e0s necessidades internas da organiza\u00e7\u00e3o.Compreender os princ\u00edpios e pr\u00e1ticas do envio de emails em massa no ambiente corporativo.Configurar e personalizar o programa de envio de email em massa de acordo com as necessidades da empresa.Automatizar o processo de envio de emails em massa, economizando tempo e esfor\u00e7o. Para quem \u00e9 este curso?Este curso \u00e9 exclusivamente destinado aos estagi\u00e1rios do Inova\u00e7\u00e3o Barueri. Ele foi projetado para capacitar os estagi\u00e1rios a utilizar de forma eficiente o programa de envio de email em massa desenvolvido para atender \u00e0s necessidades internas da organiza\u00e7\u00e3o. Portanto, \u00e9 direcionado especificamente aos estagi\u00e1rios que desempenham fun\u00e7\u00f5es dentro do Inova\u00e7\u00e3o Barueri e que precisam aprender a utilizar essa ferramenta de comunica\u00e7\u00e3o interna. D\u00favidas comuns:Consigo fazer o curso apenas utilizando meu celular?SimQuais materiais preciso para fazer este curso?Voc\u00ea precisar\u00e1 de um celular ou computador com acesso a internet. Os programas que usaremos durante o curso s\u00e3o na sua maioria gratuitos e mesmo os programas pagos ter\u00e3o uma alternativa no modo gratuito. Tem certificado?Sim.<\/p>","protected":false},"featured_media":1728,"comment_status":"open","ping_status":"closed","template":"","meta":{"_acf_changed":false},"product_brand":[],"product_cat":[153,148],"product_tag":[],"class_list":{"0":"post-1727","1":"product","2":"type-product","3":"status-publish","4":"has-post-thumbnail","6":"product_cat-estagiarios","7":"product_cat-softwares","9":"first","10":"instock","11":"shipping-taxable","12":"product-type-external"},"acf":[],"_links":{"self":[{"href":"https:\/\/ead.barueri.sp.gov.br\/en\/wp-json\/wp\/v2\/product\/1727","targetHints":{"allow":["GET"]}}],"collection":[{"href":"https:\/\/ead.barueri.sp.gov.br\/en\/wp-json\/wp\/v2\/product"}],"about":[{"href":"https:\/\/ead.barueri.sp.gov.br\/en\/wp-json\/wp\/v2\/types\/product"}],"replies":[{"embeddable":true,"href":"https:\/\/ead.barueri.sp.gov.br\/en\/wp-json\/wp\/v2\/comments?post=1727"}],"wp:featuredmedia":[{"embeddable":true,"href":"https:\/\/ead.barueri.sp.gov.br\/en\/wp-json\/wp\/v2\/media\/1728"}],"wp:attachment":[{"href":"https:\/\/ead.barueri.sp.gov.br\/en\/wp-json\/wp\/v2\/media?parent=1727"}],"wp:term":[{"taxonomy":"product_brand","embeddable":true,"href":"https:\/\/ead.barueri.sp.gov.br\/en\/wp-json\/wp\/v2\/product_brand?post=1727"},{"taxonomy":"product_cat","embeddable":true,"href":"https:\/\/ead.barueri.sp.gov.br\/en\/wp-json\/wp\/v2\/product_cat?post=1727"},{"taxonomy":"product_tag","embeddable":true,"href":"https:\/\/ead.barueri.sp.gov.br\/en\/wp-json\/wp\/v2\/product_tag?post=1727"}],"curies":[{"name":"wp","href":"https:\/\/api.w.org\/{rel}","templated":true}]}}