{"id":1725,"date":"2024-02-22T15:43:15","date_gmt":"2024-02-22T18:43:15","guid":{"rendered":"https:\/\/ead.barueri.sp.gov.br\/?post_type=product&#038;p=1725"},"modified":"2025-01-29T11:25:49","modified_gmt":"2025-01-29T14:25:49","slug":"mapeamento-de-materias","status":"publish","type":"product","link":"https:\/\/ead.barueri.sp.gov.br\/en\/product\/mapeamento-de-materias\/","title":{"rendered":"Mapeamento de Mat\u00e9rias"},"content":{"rendered":"<p>Todos os dias, novas not\u00edcias sobre tecnologias e inova\u00e7\u00f5es do CIT s\u00e3o publicadas, para que pud\u00e9ssemos publicar em nossas redes sociais e atualizar o PORTAL DO CIT, precisamos de ferramentas que facilitem a descoberta das mat\u00e9rias. Para isso, atrav\u00e9s das ferramentas do google, \u00e9 poss\u00edvel receber um alerta no e-mail quando uma determinada mat\u00e9ria que tenha palavras-chave pr\u00e9-selecionadas for publicada, e desta forma agiliza o trabalho de mapeamento.<\/p>","protected":false},"excerpt":{"rendered":"<p>Todos os dias, novas not\u00edcias sobre tecnologias e inova\u00e7\u00f5es do CIT s\u00e3o publicadas, para que pud\u00e9ssemos publicar em nossas redes sociais e atualizar o PORTAL DO CIT, precisamos de ferramentas que facilitem a descoberta das mat\u00e9rias. Para isso, atrav\u00e9s das ferramentas do google, \u00e9 poss\u00edvel receber um alerta no e-mail quando uma determinada mat\u00e9ria que tenha palavras-chave pr\u00e9-selecionadas for publicada, e desta forma agiliza o trabalho de mapeamento.<\/p>","protected":false},"featured_media":1726,"comment_status":"open","ping_status":"closed","template":"","meta":{"_acf_changed":false},"product_brand":[],"product_cat":[153,148],"product_tag":[],"class_list":{"0":"post-1725","1":"product","2":"type-product","3":"status-publish","4":"has-post-thumbnail","6":"product_cat-estagiarios","7":"product_cat-softwares","9":"first","10":"instock","11":"shipping-taxable","12":"product-type-external"},"acf":[],"_links":{"self":[{"href":"https:\/\/ead.barueri.sp.gov.br\/en\/wp-json\/wp\/v2\/product\/1725","targetHints":{"allow":["GET"]}}],"collection":[{"href":"https:\/\/ead.barueri.sp.gov.br\/en\/wp-json\/wp\/v2\/product"}],"about":[{"href":"https:\/\/ead.barueri.sp.gov.br\/en\/wp-json\/wp\/v2\/types\/product"}],"replies":[{"embeddable":true,"href":"https:\/\/ead.barueri.sp.gov.br\/en\/wp-json\/wp\/v2\/comments?post=1725"}],"wp:featuredmedia":[{"embeddable":true,"href":"https:\/\/ead.barueri.sp.gov.br\/en\/wp-json\/wp\/v2\/media\/1726"}],"wp:attachment":[{"href":"https:\/\/ead.barueri.sp.gov.br\/en\/wp-json\/wp\/v2\/media?parent=1725"}],"wp:term":[{"taxonomy":"product_brand","embeddable":true,"href":"https:\/\/ead.barueri.sp.gov.br\/en\/wp-json\/wp\/v2\/product_brand?post=1725"},{"taxonomy":"product_cat","embeddable":true,"href":"https:\/\/ead.barueri.sp.gov.br\/en\/wp-json\/wp\/v2\/product_cat?post=1725"},{"taxonomy":"product_tag","embeddable":true,"href":"https:\/\/ead.barueri.sp.gov.br\/en\/wp-json\/wp\/v2\/product_tag?post=1725"}],"curies":[{"name":"wp","href":"https:\/\/api.w.org\/{rel}","templated":true}]}}